{"id":125788,"date":"2022-06-06T14:38:10","date_gmt":"2022-06-06T12:38:10","guid":{"rendered":"https:\/\/www.fabioferro.eu\/mehrwertsteuer-erstattung"},"modified":"2025-08-06T12:48:54","modified_gmt":"2025-08-06T10:48:54","slug":"mehrwertsteuer-erstattung","status":"publish","type":"page","link":"https:\/\/www.fabioferro.eu\/de\/mehrwertsteuer-erstattung","title":{"rendered":"Mehrwertsteuer-Erstattung"},"content":{"rendered":"<p>&nbsp;<\/p>\n<p><span style=\"font-size: 14pt;\"><span style=\"text-decoration: underline;\">Alle K\u00e4ufer aus L\u00e4ndern au\u00dferhalb der EU k\u00f6nnen ohne Mehrwertsteuer einkaufen<\/span>.<\/span><\/p>\n<p><span style=\"font-size: 14pt;\">Zum Zeitpunkt des Kaufs m\u00fcssen Sie den H\u00e4ndler um die <strong>Tax Free<\/strong> <strong>Invoice<\/strong> und das <strong>Tax Free<\/strong> <strong>Form<\/strong> bitten, ein offizielles Dokument, um die Mehrwertsteuerr\u00fcckerstattung zu erhalten.<\/span><\/p>\n<p>&nbsp;<\/p>\n<p><span style=\"font-size: 14pt;\">Bei der Abreise meldet der internationale K\u00e4ufer die gekauften Waren zusammen mit dem ausgef\u00fcllten Tax Free-Formular und seinem Reisepass bei einem Zollbeamten an, der das Formular abstempelt, um die Ausfuhr der gekauften Waren zu best\u00e4tigen.<\/span><\/p>\n<p><span style=\"font-size: 14pt;\">Der internationale K\u00e4ufer kann den entsprechenden Betrag schlie\u00dflich bei einem Global Blue R\u00fcckerstattungsb\u00fcro zur\u00fcckerhalten oder indem er das Tax Free-Formular an Global Blue schickt.<\/span><\/p>\n<p>&nbsp;<\/p>\n<p><a class=\"uk-button\" href=\"https:\/\/www.globalblue.com\/tax-free-shopping\/\" target=\"_blank\" rel=\"noopener\">Berechnen Sie Ihre R\u00fcckerstattung<\/a><\/p>\n","protected":false},"excerpt":{"rendered":"<p>&nbsp; Alle K\u00e4ufer aus L\u00e4ndern au\u00dferhalb der EU k\u00f6nnen ohne Mehrwertsteuer einkaufen. Zum Zeitpunkt des Kaufs m\u00fcssen Sie den H\u00e4ndler um die Tax Free Invoice und das Tax Free Form bitten, ein offizielles Dokument, um die Mehrwertsteuerr\u00fcckerstattung zu erhalten. &nbsp; Bei der Abreise meldet der internationale K\u00e4ufer die gekauften Waren zusammen mit dem ausgef\u00fcllten Tax [&hellip;]<\/p>\n","protected":false},"author":1,"featured_media":0,"parent":0,"menu_order":0,"comment_status":"closed","ping_status":"closed","template":"","meta":{"footnotes":""},"categories":[],"tags":[],"class_list":["post-125788","page","type-page","status-publish","hentry"],"_links":{"self":[{"href":"https:\/\/www.fabioferro.eu\/de\/wp-json\/wp\/v2\/pages\/125788","targetHints":{"allow":["GET"]}}],"collection":[{"href":"https:\/\/www.fabioferro.eu\/de\/wp-json\/wp\/v2\/pages"}],"about":[{"href":"https:\/\/www.fabioferro.eu\/de\/wp-json\/wp\/v2\/types\/page"}],"author":[{"embeddable":true,"href":"https:\/\/www.fabioferro.eu\/de\/wp-json\/wp\/v2\/users\/1"}],"replies":[{"embeddable":true,"href":"https:\/\/www.fabioferro.eu\/de\/wp-json\/wp\/v2\/comments?post=125788"}],"version-history":[{"count":1,"href":"https:\/\/www.fabioferro.eu\/de\/wp-json\/wp\/v2\/pages\/125788\/revisions"}],"predecessor-version":[{"id":192320,"href":"https:\/\/www.fabioferro.eu\/de\/wp-json\/wp\/v2\/pages\/125788\/revisions\/192320"}],"wp:attachment":[{"href":"https:\/\/www.fabioferro.eu\/de\/wp-json\/wp\/v2\/media?parent=125788"}],"wp:term":[{"taxonomy":"category","embeddable":true,"href":"https:\/\/www.fabioferro.eu\/de\/wp-json\/wp\/v2\/categories?post=125788"},{"taxonomy":"post_tag","embeddable":true,"href":"https:\/\/www.fabioferro.eu\/de\/wp-json\/wp\/v2\/tags?post=125788"}],"curies":[{"name":"wp","href":"https:\/\/api.w.org\/{rel}","templated":true}]}}