{"id":141974,"date":"2022-06-06T15:17:00","date_gmt":"2022-06-06T13:17:00","guid":{"rendered":"https:\/\/www.fabioferro.eu\/?page_id=141974"},"modified":"2024-06-20T10:04:45","modified_gmt":"2024-06-20T08:04:45","slug":"ringgroessen-ratgeber","status":"publish","type":"page","link":"https:\/\/www.fabioferro.eu\/de\/ringgroessen-ratgeber","title":{"rendered":"Ringgr\u00f6\u00dfen-Ratgeber"},"content":{"rendered":"\t\t<div data-elementor-type=\"wp-page\" data-elementor-id=\"141974\" class=\"elementor elementor-141974 elementor-42705\" data-elementor-post-type=\"page\">\n\t\t\t\t<div class=\"elementor-element elementor-element-577cec51 e-flex e-con-boxed e-con e-parent\" data-id=\"577cec51\" data-element_type=\"container\" data-e-type=\"container\">\n\t\t\t\t\t<div class=\"e-con-inner\">\n\t\t\t\t<div class=\"elementor-element elementor-element-ee1d458 elementor-widget elementor-widget-heading\" data-id=\"ee1d458\" data-element_type=\"widget\" data-e-type=\"widget\" data-widget_type=\"heading.default\">\n\t\t\t\t<div class=\"elementor-widget-container\">\n\t\t\t\t\t<h2 class=\"elementor-heading-title elementor-size-default\">Ermitteln Sie den Durchmesser des Rings<\/h2>\t\t\t\t<\/div>\n\t\t\t\t<\/div>\n\t\t\t\t<div class=\"elementor-element elementor-element-e49213d elementor-widget elementor-widget-text-editor\" data-id=\"e49213d\" data-element_type=\"widget\" data-e-type=\"widget\" data-widget_type=\"text-editor.default\">\n\t\t\t\t<div class=\"elementor-widget-container\">\n\t\t\t\t\t\t\t\t\t<p>Sie haben zwei M\u00f6glichkeiten, die richtige Breite f\u00fcr Ihren Ring zu bestimmen.<\/p>\t\t\t\t\t\t\t\t<\/div>\n\t\t\t\t<\/div>\n\t\t\t\t<div class=\"elementor-element elementor-element-ee58ee0 elementor-widget elementor-widget-image\" data-id=\"ee58ee0\" data-element_type=\"widget\" data-e-type=\"widget\" data-widget_type=\"image.default\">\n\t\t\t\t<div class=\"elementor-widget-container\">\n\t\t\t\t\t\t\t\t\t\t\t\t\t\t\t<img decoding=\"async\" width=\"1870\" height=\"2198\" src=\"https:\/\/cdn02.fabioferro.eu\/wp-content\/uploads\/tabella-misure.png\" class=\"attachment-large size-large wp-image-141961\" alt=\"\" srcset=\"https:\/\/cdn02.fabioferro.eu\/wp-content\/uploads\/tabella-misure.png 1870w, https:\/\/cdn02.fabioferro.eu\/wp-content\/uploads\/tabella-misure-768x903.png 768w, https:\/\/cdn02.fabioferro.eu\/wp-content\/uploads\/tabella-misure-1307x1536.png 1307w, https:\/\/cdn02.fabioferro.eu\/wp-content\/uploads\/tabella-misure-1742x2048.png 1742w, https:\/\/cdn02.fabioferro.eu\/wp-content\/uploads\/tabella-misure-990x1164.png 990w, https:\/\/cdn02.fabioferro.eu\/wp-content\/uploads\/tabella-misure-441x518.png 441w, https:\/\/cdn02.fabioferro.eu\/wp-content\/uploads\/tabella-misure-600x705.png 600w, https:\/\/cdn02.fabioferro.eu\/wp-content\/uploads\/tabella-misure-150x176.png 150w\" sizes=\"(max-width: 1870px) 100vw, 1870px\" title=\"\">\t\t\t\t\t\t\t\t\t\t\t\t\t\t\t<\/div>\n\t\t\t\t<\/div>\n\t\t\t\t\t<\/div>\n\t\t\t\t<\/div>\n\t\t<div class=\"elementor-element elementor-element-1282c1f e-flex e-con-boxed e-con e-parent\" data-id=\"1282c1f\" data-element_type=\"container\" data-e-type=\"container\">\n\t\t\t\t\t<div class=\"e-con-inner\">\n\t\t\t\t<div class=\"elementor-element elementor-element-2ebb160 elementor-widget elementor-widget-text-editor\" data-id=\"2ebb160\" data-element_type=\"widget\" data-e-type=\"widget\" data-widget_type=\"text-editor.default\">\n\t\t\t\t<div class=\"elementor-widget-container\">\n\t\t\t\t\t\t\t\t\t<span style=\"text-decoration: underline;\"><a href=\"https:\/\/cdn02.fabioferro.eu\/wp-content\/uploads\/tabella-misure.pdf\" target=\"_blank\" rel=\"noopener\">Klicken Sie hier, um die Ma\u00dftabelle herunterzuladen<\/a><\/span>.\t\t\t\t\t\t\t\t<\/div>\n\t\t\t\t<\/div>\n\t\t\t\t\t<\/div>\n\t\t\t\t<\/div>\n\t\t\t\t<\/div>\n\t\t","protected":false},"excerpt":{"rendered":"<p>Ermitteln Sie den Durchmesser des Rings Sie haben zwei M\u00f6glichkeiten, die richtige Breite f\u00fcr Ihren Ring zu bestimmen. Klicken Sie hier, um die Ma\u00dftabelle herunterzuladen.<\/p>\n","protected":false},"author":1,"featured_media":0,"parent":0,"menu_order":0,"comment_status":"closed","ping_status":"closed","template":"","meta":{"footnotes":""},"categories":[],"tags":[],"class_list":["post-141974","page","type-page","status-publish","hentry"],"_links":{"self":[{"href":"https:\/\/www.fabioferro.eu\/de\/wp-json\/wp\/v2\/pages\/141974","targetHints":{"allow":["GET"]}}],"collection":[{"href":"https:\/\/www.fabioferro.eu\/de\/wp-json\/wp\/v2\/pages"}],"about":[{"href":"https:\/\/www.fabioferro.eu\/de\/wp-json\/wp\/v2\/types\/page"}],"author":[{"embeddable":true,"href":"https:\/\/www.fabioferro.eu\/de\/wp-json\/wp\/v2\/users\/1"}],"replies":[{"embeddable":true,"href":"https:\/\/www.fabioferro.eu\/de\/wp-json\/wp\/v2\/comments?post=141974"}],"version-history":[{"count":0,"href":"https:\/\/www.fabioferro.eu\/de\/wp-json\/wp\/v2\/pages\/141974\/revisions"}],"wp:attachment":[{"href":"https:\/\/www.fabioferro.eu\/de\/wp-json\/wp\/v2\/media?parent=141974"}],"wp:term":[{"taxonomy":"category","embeddable":true,"href":"https:\/\/www.fabioferro.eu\/de\/wp-json\/wp\/v2\/categories?post=141974"},{"taxonomy":"post_tag","embeddable":true,"href":"https:\/\/www.fabioferro.eu\/de\/wp-json\/wp\/v2\/tags?post=141974"}],"curies":[{"name":"wp","href":"https:\/\/api.w.org\/{rel}","templated":true}]}}