{"id":143782,"date":"2022-12-02T12:19:13","date_gmt":"2022-12-02T11:19:13","guid":{"rendered":"https:\/\/www.fabioferro.eu\/raspini-ereignis"},"modified":"2024-06-26T15:31:32","modified_gmt":"2024-06-26T13:31:32","slug":"raspini-ereignis","status":"publish","type":"page","link":"https:\/\/www.fabioferro.eu\/de\/raspini-ereignis","title":{"rendered":"Raspini Ereignis"},"content":{"rendered":"\t\t<div data-elementor-type=\"wp-page\" data-elementor-id=\"143782\" class=\"elementor elementor-143782 elementor-75591\" data-elementor-post-type=\"page\">\n\t\t\t\t\t\t<section class=\"elementor-section elementor-top-section elementor-element elementor-element-c612bde elementor-section-full_width elementor-section-stretched elementor-section-height-default elementor-section-height-default\" data-id=\"c612bde\" data-element_type=\"section\" data-e-type=\"section\" data-settings=\"{&quot;stretch_section&quot;:&quot;section-stretched&quot;}\">\n\t\t\t\t\t\t<div class=\"elementor-container elementor-column-gap-default\">\n\t\t\t\t\t<div class=\"elementor-column elementor-col-100 elementor-top-column elementor-element elementor-element-8493aaf\" data-id=\"8493aaf\" data-element_type=\"column\" data-e-type=\"column\" data-settings=\"{&quot;background_background&quot;:&quot;classic&quot;}\">\n\t\t\t<div class=\"elementor-widget-wrap elementor-element-populated\">\n\t\t\t\t\t<div class=\"elementor-background-overlay\"><\/div>\n\t\t\t\t\t\t<div class=\"elementor-element elementor-element-f394f73 elementor-widget elementor-widget-spacer\" data-id=\"f394f73\" data-element_type=\"widget\" data-e-type=\"widget\" data-widget_type=\"spacer.default\">\n\t\t\t\t<div class=\"elementor-widget-container\">\n\t\t\t\t\t\t\t<div class=\"elementor-spacer\">\n\t\t\t<div class=\"elementor-spacer-inner\"><\/div>\n\t\t<\/div>\n\t\t\t\t\t\t<\/div>\n\t\t\t\t<\/div>\n\t\t\t\t\t<\/div>\n\t\t<\/div>\n\t\t\t\t\t<\/div>\n\t\t<\/section>\n\t\t\t\t<section class=\"elementor-section elementor-top-section elementor-element elementor-element-bea3cd0 elementor-section-boxed elementor-section-height-default elementor-section-height-default\" data-id=\"bea3cd0\" data-element_type=\"section\" data-e-type=\"section\">\n\t\t\t\t\t\t<div class=\"elementor-container elementor-column-gap-default\">\n\t\t\t\t\t<div class=\"elementor-column elementor-col-100 elementor-top-column elementor-element elementor-element-ef3250d\" data-id=\"ef3250d\" data-element_type=\"column\" data-e-type=\"column\">\n\t\t\t<div class=\"elementor-widget-wrap elementor-element-populated\">\n\t\t\t\t\t\t<div class=\"elementor-element elementor-element-5dae9fd elementor-widget elementor-widget-heading\" data-id=\"5dae9fd\" data-element_type=\"widget\" data-e-type=\"widget\" data-widget_type=\"heading.default\">\n\t\t\t\t<div class=\"elementor-widget-container\">\n\t\t\t\t\t<h2 class=\"elementor-heading-title elementor-size-default\">DIE WERBEAKTION IST BEENDET<\/h2>\t\t\t\t<\/div>\n\t\t\t\t<\/div>\n\t\t\t\t<div class=\"elementor-element elementor-element-9919a2f elementor-hidden-desktop elementor-hidden-tablet elementor-hidden-mobile elementor-widget elementor-widget-heading\" data-id=\"9919a2f\" data-element_type=\"widget\" data-e-type=\"widget\" data-widget_type=\"heading.default\">\n\t\t\t\t<div class=\"elementor-widget-container\">\n\t\t\t\t\t<h2 class=\"elementor-heading-title elementor-size-default\">WIE SIE DEN CHARM ALS GESCHENK ERHALTEN<\/h2>\t\t\t\t<\/div>\n\t\t\t\t<\/div>\n\t\t\t\t<div class=\"elementor-element elementor-element-949a475 elementor-hidden-desktop elementor-hidden-tablet elementor-hidden-mobile elementor-widget elementor-widget-heading\" data-id=\"949a475\" data-element_type=\"widget\" data-e-type=\"widget\" data-widget_type=\"heading.default\">\n\t\t\t\t<div class=\"elementor-widget-container\">\n\t\t\t\t\t<h2 class=\"elementor-heading-title elementor-size-default\">Legen Sie eines dieser Armb\u00e4nder in Ihren Warenkorb,  <br>f\u00fcllen Sie den Auftrag aus und Sie finden das H\u00e4kchen  <br>um Ihren Raspini-Charme als GESCHENK zu erhalten.<\/h2>\t\t\t\t<\/div>\n\t\t\t\t<\/div>\n\t\t\t\t<div class=\"elementor-element elementor-element-b44e1a6 elementor-grid-tablet-3 elementor-grid-mobile-2 elementor-product-loop-item--align-center elementor-grid-3 elementor-hidden-desktop elementor-hidden-tablet elementor-hidden-mobile elementor-products-grid elementor-wc-products elementor-widget elementor-widget-woocommerce-products\" data-id=\"b44e1a6\" data-element_type=\"widget\" data-e-type=\"widget\" data-widget_type=\"woocommerce-products.default\">\n\t\t\t\t<div class=\"elementor-widget-container\">\n\t\t\t\t\t<div class=\"woocommerce columns-3 \"><ul class=\"products elementor-grid columns-3\">\n<li class=\"product type-product post-113827 status-publish first instock product_cat-armbander-giovanni-raspini product_cat-do-it-yourself-schmuck-giovanni-raspini has-post-thumbnail sale taxable shipping-taxable purchasable product-type-variable has-default-attributes\">\n\t<a href=\"https:\/\/www.fabioferro.eu\/de\/giovanni-raspini-armspange-martellato-armband.html\" class=\"woocommerce-LoopProduct-link woocommerce-loop-product__link\"><div class=\"woocommerce-image__wrapper\"><a href=\"https:\/\/www.fabioferro.eu\/de\/giovanni-raspini-armspange-martellato-armband.html\" title=\"Giovanni Raspini Armspange Martellato-Armband\" class=\"woocommerce-LoopProduct-link woocommerce-loop-product__link\"><span class=\"sale-item product-label type-bubble\">-10%<\/span><div class=\"shoptimizer-plp-carousel-container\"><div class=\"shoptimizer-plp-image-wrapper\"><img decoding=\"async\" width=\"1000\" height=\"1000\" src=\"https:\/\/cdn02.fabioferro.eu\/wp-content\/uploads\/virtuemart\/product\/bracciale-giovanni-raspini-bangle-10498.jpg\" class=\"attachment-woocommerce_thumbnail size-woocommerce_thumbnail\" alt=\"Giovanni Raspini Armspange Martellato-Armband\" sizes=\"(max-width: 360px) 147px, \" title=\"Giovanni Raspini Armspange Martellato-Armband\" \/>\t\t\t\n\t<\/div><\/div><\/a><\/div><div class=\"woocommerce-card__header\">\t\t\t\t<div class=\"woocommerce-loop-product__title\"><a tabindex=\"0\" href=\"https:\/\/www.fabioferro.eu\/de\/giovanni-raspini-armspange-martellato-armband.html\" aria-label=\"Giovanni Raspini Armspange Martellato-Armband\" class=\"woocommerce-LoopProduct-link woocommerce-loop-product__link\">Giovanni Raspini Armspange Martellato-Armband<\/a><\/div><div class=\"star-rating\" role=\"img\" aria-label=\"Bewertet mit 5.00 von 5\"><span style=\"width:100%\">Bewertet mit <strong class=\"rating\">5.00<\/strong> von 5<\/span><\/div>\n\t<span class=\"price\"><del><span class=\"woocommerce-Price-amount amount\"><bdi><span class=\"woocommerce-Price-currencySymbol\">&euro;<\/span>&nbsp;95,00<\/bdi><\/span><\/del> <ins><span class=\"woocommerce-Price-amount amount\"><bdi><span class=\"woocommerce-Price-currencySymbol\">&euro;<\/span>&nbsp;85,50<\/bdi><\/span><\/ins><\/span>\n<\/a><\/div><\/li>\n<li class=\"product type-product post-113861 status-publish instock product_cat-armbander-giovanni-raspini has-post-thumbnail sale taxable shipping-taxable purchasable product-type-variable has-default-attributes\">\n\t<a href=\"https:\/\/www.fabioferro.eu\/de\/giovanni-raspini-armspange-liscio-armband.html\" class=\"woocommerce-LoopProduct-link woocommerce-loop-product__link\"><div class=\"woocommerce-image__wrapper\"><a href=\"https:\/\/www.fabioferro.eu\/de\/giovanni-raspini-armspange-liscio-armband.html\" title=\"Giovanni Raspini Armspange Liscio-Armband\" class=\"woocommerce-LoopProduct-link woocommerce-loop-product__link\"><span class=\"sale-item product-label type-bubble\">-10%<\/span><div class=\"shoptimizer-plp-carousel-container\"><div class=\"shoptimizer-plp-image-wrapper\"><img decoding=\"async\" width=\"1000\" height=\"1000\" src=\"https:\/\/cdn02.fabioferro.eu\/wp-content\/uploads\/virtuemart\/product\/bracciale-giovanni-raspini-bangle-10497.jpg\" class=\"attachment-woocommerce_thumbnail size-woocommerce_thumbnail\" alt=\"Giovanni Raspini Armspange Liscio-Armband\" sizes=\"(max-width: 360px) 147px, \" title=\"Giovanni Raspini Armspange Liscio-Armband\" \/>\t\t\t\n\t<\/div><\/div><\/a><\/div><div class=\"woocommerce-card__header\">\t\t\t\t<div class=\"woocommerce-loop-product__title\"><a tabindex=\"0\" href=\"https:\/\/www.fabioferro.eu\/de\/giovanni-raspini-armspange-liscio-armband.html\" aria-label=\"Giovanni Raspini Armspange Liscio-Armband\" class=\"woocommerce-LoopProduct-link woocommerce-loop-product__link\">Giovanni Raspini Armspange Liscio-Armband<\/a><\/div>\n\t<span class=\"price\"><del><span class=\"woocommerce-Price-amount amount\"><bdi><span class=\"woocommerce-Price-currencySymbol\">&euro;<\/span>&nbsp;95,00<\/bdi><\/span><\/del> <ins><span class=\"woocommerce-Price-amount amount\"><bdi><span class=\"woocommerce-Price-currencySymbol\">&euro;<\/span>&nbsp;85,50<\/bdi><\/span><\/ins><\/span>\n<\/a><\/div><\/li>\n<li class=\"product type-product post-113981 status-publish last instock product_cat-armbander-giovanni-raspini product_cat-do-it-yourself-schmuck-giovanni-raspini has-post-thumbnail sale taxable shipping-taxable purchasable product-type-variable has-default-attributes\">\n\t<a href=\"https:\/\/www.fabioferro.eu\/de\/giovanni-raspini-armspange-martellato-armband-2.html\" class=\"woocommerce-LoopProduct-link woocommerce-loop-product__link\"><div class=\"woocommerce-image__wrapper\"><a href=\"https:\/\/www.fabioferro.eu\/de\/giovanni-raspini-armspange-martellato-armband-2.html\" title=\"Giovanni Raspini Armspange Martellato-Armband\" class=\"woocommerce-LoopProduct-link woocommerce-loop-product__link\"><span class=\"sale-item product-label type-bubble\">-10%<\/span><div class=\"shoptimizer-plp-carousel-container\"><div class=\"shoptimizer-plp-image-wrapper\"><img decoding=\"async\" width=\"1000\" height=\"1000\" src=\"https:\/\/cdn02.fabioferro.eu\/wp-content\/uploads\/virtuemart\/product\/bracciale-giovanni-raspini-bangle-martellato-104993.jpg\" class=\"attachment-woocommerce_thumbnail size-woocommerce_thumbnail\" alt=\"Giovanni Raspini Armspange Martellato-Armband\" sizes=\"(max-width: 360px) 147px, \" title=\"Giovanni Raspini Armspange Martellato-Armband\" \/>\t\t\t\n\t<\/div><\/div><\/a><\/div><div class=\"woocommerce-card__header\">\t\t\t\t<div class=\"woocommerce-loop-product__title\"><a tabindex=\"0\" href=\"https:\/\/www.fabioferro.eu\/de\/giovanni-raspini-armspange-martellato-armband-2.html\" aria-label=\"Giovanni Raspini Armspange Martellato-Armband\" class=\"woocommerce-LoopProduct-link woocommerce-loop-product__link\">Giovanni Raspini Armspange Martellato-Armband<\/a><\/div>\n\t<span class=\"price\"><del><span class=\"woocommerce-Price-amount amount\"><bdi><span class=\"woocommerce-Price-currencySymbol\">&euro;<\/span>&nbsp;85,00<\/bdi><\/span><\/del> <ins><span class=\"woocommerce-Price-amount amount\"><bdi><span class=\"woocommerce-Price-currencySymbol\">&euro;<\/span>&nbsp;76,50<\/bdi><\/span><\/ins><\/span>\n<\/a><\/div><\/li>\n<li class=\"product type-product post-121413 status-publish first instock product_cat-armbander-giovanni-raspini product_cat-do-it-yourself-schmuck-giovanni-raspini has-post-thumbnail sale taxable shipping-taxable purchasable product-type-variable has-default-attributes\">\n\t<a href=\"https:\/\/www.fabioferro.eu\/de\/giovanni-raspini-armspange-liscio-armband-2.html\" class=\"woocommerce-LoopProduct-link woocommerce-loop-product__link\"><div class=\"woocommerce-image__wrapper\"><a href=\"https:\/\/www.fabioferro.eu\/de\/giovanni-raspini-armspange-liscio-armband-2.html\" title=\"Giovanni Raspini Armspange Liscio-Armband\" class=\"woocommerce-LoopProduct-link woocommerce-loop-product__link\"><span class=\"sale-item product-label type-bubble\">-10%<\/span><div class=\"shoptimizer-plp-carousel-container\"><div class=\"shoptimizer-plp-image-wrapper\"><img decoding=\"async\" width=\"1000\" height=\"1000\" src=\"https:\/\/cdn02.fabioferro.eu\/wp-content\/uploads\/virtuemart\/product\/bracciale-bangle-raspini-6966.jpg\" class=\"attachment-woocommerce_thumbnail size-woocommerce_thumbnail\" alt=\"Giovanni Raspini Armspange Liscio-Armband\" sizes=\"(max-width: 360px) 147px, \" title=\"Giovanni Raspini Armspange Liscio-Armband\" \/>\t\t\t\n\t<\/div><\/div><\/a><\/div><div class=\"woocommerce-card__header\">\t\t\t\t<div class=\"woocommerce-loop-product__title\"><a tabindex=\"0\" href=\"https:\/\/www.fabioferro.eu\/de\/giovanni-raspini-armspange-liscio-armband-2.html\" aria-label=\"Giovanni Raspini Armspange Liscio-Armband\" class=\"woocommerce-LoopProduct-link woocommerce-loop-product__link\">Giovanni Raspini Armspange Liscio-Armband<\/a><\/div><div class=\"star-rating\" role=\"img\" aria-label=\"Bewertet mit 5.00 von 5\"><span style=\"width:100%\">Bewertet mit <strong class=\"rating\">5.00<\/strong> von 5<\/span><\/div>\n\t<span class=\"price\"><del><span class=\"woocommerce-Price-amount amount\"><bdi><span class=\"woocommerce-Price-currencySymbol\">&euro;<\/span>&nbsp;110,00<\/bdi><\/span><\/del> <ins><span class=\"woocommerce-Price-amount amount\"><bdi><span class=\"woocommerce-Price-currencySymbol\">&euro;<\/span>&nbsp;99,00<\/bdi><\/span><\/ins><\/span>\n<\/a><\/div><\/li>\n<li class=\"product type-product post-121870 status-publish instock product_cat-armbander-giovanni-raspini product_cat-do-it-yourself-schmuck-giovanni-raspini product_tag-verfugbar has-post-thumbnail sale taxable shipping-taxable purchasable product-type-simple\">\n\t<a href=\"https:\/\/www.fabioferro.eu\/de\/giovanni-raspini-base-brise-armband.html\" class=\"woocommerce-LoopProduct-link woocommerce-loop-product__link\"><div class=\"woocommerce-image__wrapper\"><a href=\"https:\/\/www.fabioferro.eu\/de\/giovanni-raspini-base-brise-armband.html\" title=\"Giovanni Raspini Base Bris\u00e8 Armband\" class=\"woocommerce-LoopProduct-link woocommerce-loop-product__link\"><span class=\"sale-item product-label type-bubble\">-10%<\/span><div class=\"ckit-badge_wrapper \"><span class=\"ckit-badge\" style=\"background-color: #6bc91a; color: #ffffff;\">DISPONIBILITA IMMEDIATA<\/span><\/div><div class=\"shoptimizer-plp-carousel-container\"><div class=\"shoptimizer-plp-image-wrapper\"><img decoding=\"async\" width=\"1000\" height=\"1000\" src=\"https:\/\/cdn02.fabioferro.eu\/wp-content\/uploads\/virtuemart\/product\/bracciale-base-raspini-9207.jpg\" class=\"attachment-woocommerce_thumbnail size-woocommerce_thumbnail\" alt=\"Giovanni Raspini Base Bris\u00e8 Armband\" sizes=\"(max-width: 360px) 147px, \" title=\"Giovanni Raspini Base Bris\u00e8 Armband\" \/>\t\t\t\n\t<\/div><\/div><\/a><\/div><div class=\"woocommerce-card__header\">\t\t\t\t<div class=\"woocommerce-loop-product__title\"><a tabindex=\"0\" href=\"https:\/\/www.fabioferro.eu\/de\/giovanni-raspini-base-brise-armband.html\" aria-label=\"Giovanni Raspini Base Bris\u00e8 Armband\" class=\"woocommerce-LoopProduct-link woocommerce-loop-product__link\">Giovanni Raspini Base Bris\u00e8 Armband<\/a><\/div><div class=\"star-rating\" role=\"img\" aria-label=\"Bewertet mit 5.00 von 5\"><span style=\"width:100%\">Bewertet mit <strong class=\"rating\">5.00<\/strong> von 5<\/span><\/div>\n\t<span class=\"price\"><del aria-hidden=\"true\"><span class=\"woocommerce-Price-amount amount\"><bdi><span class=\"woocommerce-Price-currencySymbol\">&euro;<\/span>&nbsp;80,00<\/bdi><\/span><\/del> <span class=\"screen-reader-text\">Urspr\u00fcnglicher Preis war: &euro;&nbsp;80,00<\/span><ins aria-hidden=\"true\"><span class=\"woocommerce-Price-amount amount\"><bdi><span class=\"woocommerce-Price-currencySymbol\">&euro;<\/span>&nbsp;72,00<\/bdi><\/span><\/ins><span class=\"screen-reader-text\">Aktueller Preis ist: &euro;&nbsp;72,00.<\/span><\/span>\n<\/a><\/div><\/li>\n<li class=\"product type-product post-122275 status-publish last instock product_cat-armbander-giovanni-raspini product_cat-do-it-yourself-schmuck-giovanni-raspini product_tag-verfugbar has-post-thumbnail sale taxable shipping-taxable purchasable product-type-simple\">\n\t<a href=\"https:\/\/www.fabioferro.eu\/de\/giovanni-raspini-base-charms-armband.html\" class=\"woocommerce-LoopProduct-link woocommerce-loop-product__link\"><div class=\"woocommerce-image__wrapper\"><a href=\"https:\/\/www.fabioferro.eu\/de\/giovanni-raspini-base-charms-armband.html\" title=\"Giovanni Raspini Base Charms Armband\" class=\"woocommerce-LoopProduct-link woocommerce-loop-product__link\"><span class=\"sale-item product-label type-bubble\">-10%<\/span><div class=\"ckit-badge_wrapper \"><span class=\"ckit-badge\" style=\"background-color: #6bc91a; color: #ffffff;\">DISPONIBILITA IMMEDIATA<\/span><\/div><div class=\"shoptimizer-plp-carousel-container\"><div class=\"shoptimizer-plp-image-wrapper\"><img decoding=\"async\" width=\"1000\" height=\"1000\" src=\"https:\/\/cdn02.fabioferro.eu\/wp-content\/uploads\/virtuemart\/product\/bracciale-rolo-9112.jpg\" class=\"attachment-woocommerce_thumbnail size-woocommerce_thumbnail\" alt=\"Giovanni Raspini Base Charms Armband\" sizes=\"(max-width: 360px) 147px, \" title=\"Giovanni Raspini Base Charms Armband\" \/>\t\t\t\n\t<\/div><\/div><\/a><\/div><div class=\"woocommerce-card__header\">\t\t\t\t<div class=\"woocommerce-loop-product__title\"><a tabindex=\"0\" href=\"https:\/\/www.fabioferro.eu\/de\/giovanni-raspini-base-charms-armband.html\" aria-label=\"Giovanni Raspini Base Charms Armband\" class=\"woocommerce-LoopProduct-link woocommerce-loop-product__link\">Giovanni Raspini Base Charms Armband<\/a><\/div><div class=\"star-rating\" role=\"img\" aria-label=\"Bewertet mit 5.00 von 5\"><span style=\"width:100%\">Bewertet mit <strong class=\"rating\">5.00<\/strong> von 5<\/span><\/div>\n\t<span class=\"price\"><del aria-hidden=\"true\"><span class=\"woocommerce-Price-amount amount\"><bdi><span class=\"woocommerce-Price-currencySymbol\">&euro;<\/span>&nbsp;95,00<\/bdi><\/span><\/del> <span class=\"screen-reader-text\">Urspr\u00fcnglicher Preis war: &euro;&nbsp;95,00<\/span><ins aria-hidden=\"true\"><span class=\"woocommerce-Price-amount amount\"><bdi><span class=\"woocommerce-Price-currencySymbol\">&euro;<\/span>&nbsp;85,50<\/bdi><\/span><\/ins><span class=\"screen-reader-text\">Aktueller Preis ist: &euro;&nbsp;85,50.<\/span><\/span>\n<\/a><\/div><\/li>\n<li class=\"product type-product post-122478 status-publish first instock product_cat-armbander-giovanni-raspini product_cat-do-it-yourself-schmuck-giovanni-raspini product_tag-verfugbar has-post-thumbnail sale taxable shipping-taxable purchasable product-type-simple\">\n\t<a href=\"https:\/\/www.fabioferro.eu\/de\/giovanni-raspini-maglia-rolo-kleines-armbaendchen.html\" class=\"woocommerce-LoopProduct-link woocommerce-loop-product__link\"><div class=\"woocommerce-image__wrapper\"><a href=\"https:\/\/www.fabioferro.eu\/de\/giovanni-raspini-maglia-rolo-kleines-armbaendchen.html\" title=\"Giovanni Raspini Maglia Rol\u00f2 Kleines Armb\u00e4ndchen\" class=\"woocommerce-LoopProduct-link woocommerce-loop-product__link\"><span class=\"sale-item product-label type-bubble\">-10%<\/span><div class=\"ckit-badge_wrapper \"><span class=\"ckit-badge\" style=\"background-color: #6bc91a; color: #ffffff;\">DISPONIBILITA IMMEDIATA<\/span><\/div><div class=\"shoptimizer-plp-carousel-container\"><div class=\"shoptimizer-plp-image-wrapper\"><img decoding=\"async\" width=\"1000\" height=\"1000\" src=\"https:\/\/cdn02.fabioferro.eu\/wp-content\/uploads\/virtuemart\/product\/bracciale_rolo_giovanni_raspini_7155__1600873504_800.jpg\" class=\"attachment-woocommerce_thumbnail size-woocommerce_thumbnail\" alt=\"Giovanni Raspini Maglia Rol\u00f2 Kleines Armb\u00e4ndchen\" sizes=\"(max-width: 360px) 147px, \" title=\"Giovanni Raspini Maglia Rol\u00f2 Kleines Armb\u00e4ndchen\" \/>\t\t\t\n\t<\/div><\/div><\/a><\/div><div class=\"woocommerce-card__header\">\t\t\t\t<div class=\"woocommerce-loop-product__title\"><a tabindex=\"0\" href=\"https:\/\/www.fabioferro.eu\/de\/giovanni-raspini-maglia-rolo-kleines-armbaendchen.html\" aria-label=\"Giovanni Raspini Maglia Rol\u00f2 Kleines Armb\u00e4ndchen\" class=\"woocommerce-LoopProduct-link woocommerce-loop-product__link\">Giovanni Raspini Maglia Rol\u00f2 Kleines Armb\u00e4ndchen<\/a><\/div><div class=\"star-rating\" role=\"img\" aria-label=\"Bewertet mit 5.00 von 5\"><span style=\"width:100%\">Bewertet mit <strong class=\"rating\">5.00<\/strong> von 5<\/span><\/div>\n\t<span class=\"price\"><del aria-hidden=\"true\"><span class=\"woocommerce-Price-amount amount\"><bdi><span class=\"woocommerce-Price-currencySymbol\">&euro;<\/span>&nbsp;65,00<\/bdi><\/span><\/del> <span class=\"screen-reader-text\">Urspr\u00fcnglicher Preis war: &euro;&nbsp;65,00<\/span><ins aria-hidden=\"true\"><span class=\"woocommerce-Price-amount amount\"><bdi><span class=\"woocommerce-Price-currencySymbol\">&euro;<\/span>&nbsp;58,50<\/bdi><\/span><\/ins><span class=\"screen-reader-text\">Aktueller Preis ist: &euro;&nbsp;58,50.<\/span><\/span>\n<\/a><\/div><\/li>\n<\/ul>\n<\/div>\t\t\t\t<\/div>\n\t\t\t\t<\/div>\n\t\t\t\t\t<\/div>\n\t\t<\/div>\n\t\t\t\t\t<\/div>\n\t\t<\/section>\n\t\t\t\t<\/div>\n\t\t","protected":false},"excerpt":{"rendered":"<p>DIE WERBEAKTION IST BEENDET WIE SIE DEN CHARM ALS GESCHENK ERHALTEN Legen Sie eines dieser Armb\u00e4nder in Ihren Warenkorb, f\u00fcllen Sie den Auftrag aus und Sie finden das H\u00e4kchen um Ihren Raspini-Charme als GESCHENK zu erhalten.<\/p>\n","protected":false},"author":1,"featured_media":0,"parent":0,"menu_order":0,"comment_status":"closed","ping_status":"closed","template":"","meta":{"footnotes":""},"categories":[],"tags":[],"class_list":["post-143782","page","type-page","status-publish","hentry"],"_links":{"self":[{"href":"https:\/\/www.fabioferro.eu\/de\/wp-json\/wp\/v2\/pages\/143782","targetHints":{"allow":["GET"]}}],"collection":[{"href":"https:\/\/www.fabioferro.eu\/de\/wp-json\/wp\/v2\/pages"}],"about":[{"href":"https:\/\/www.fabioferro.eu\/de\/wp-json\/wp\/v2\/types\/page"}],"author":[{"embeddable":true,"href":"https:\/\/www.fabioferro.eu\/de\/wp-json\/wp\/v2\/users\/1"}],"replies":[{"embeddable":true,"href":"https:\/\/www.fabioferro.eu\/de\/wp-json\/wp\/v2\/comments?post=143782"}],"version-history":[{"count":0,"href":"https:\/\/www.fabioferro.eu\/de\/wp-json\/wp\/v2\/pages\/143782\/revisions"}],"wp:attachment":[{"href":"https:\/\/www.fabioferro.eu\/de\/wp-json\/wp\/v2\/media?parent=143782"}],"wp:term":[{"taxonomy":"category","embeddable":true,"href":"https:\/\/www.fabioferro.eu\/de\/wp-json\/wp\/v2\/categories?post=143782"},{"taxonomy":"post_tag","embeddable":true,"href":"https:\/\/www.fabioferro.eu\/de\/wp-json\/wp\/v2\/tags?post=143782"}],"curies":[{"name":"wp","href":"https:\/\/api.w.org\/{rel}","templated":true}]}}