{"id":105309,"date":"2024-02-01T19:31:44","date_gmt":"2024-02-01T18:31:44","guid":{"rendered":"https:\/\/www.fabioferro.eu\/madi-laguna-tropfen-ohrringe-mit-elfenbeinfarbenem-quarz.html"},"modified":"2025-03-11T18:08:45","modified_gmt":"2025-03-11T17:08:45","slug":"madi-laguna-tropfen-ohrringe-mit-elfenbeinfarbenem-quarz","status":"publish","type":"product","link":"https:\/\/www.fabioferro.eu\/de\/madi-laguna-tropfen-ohrringe-mit-elfenbeinfarbenem-quarz.html","title":{"rendered":"Madi Laguna Tropfen-Ohrringe mit elfenbeinfarbenem Quarz"},"content":{"rendered":"<p>Ohrh\u00e4nger aus ros\u00e9vergoldetem 925er Silber. Ein einzelner \u00f6kologischer Quarz in zartem Pfirsichton auf jedem Schmuckst\u00fcck. Das Ergebnis italienischer Handwerkskunst, Made in Italy. Einfacher und praktischer Klickverschluss. Wird mit einer Einkaufstasche, der offiziellen Mad\u00ec-Box und einer 2-j\u00e4hrigen Garantie geliefert.<\/p>\n<p>&nbsp;<\/p>\n","protected":false},"excerpt":{"rendered":"<p>Elfenbeinfarbene Mad\u00ec-Ohrringe: Einfachheit, Pers\u00f6nlichkeit, raffinierte Eleganz.<\/p>\n","protected":false},"featured_media":105326,"comment_status":"open","ping_status":"closed","template":"","meta":[],"product_brand":[],"product_cat":[5921],"product_tag":[7442],"class_list":{"0":"post-105309","1":"product","2":"type-product","3":"status-publish","4":"has-post-thumbnail","6":"product_cat-madi-ohrringe","7":"product_tag-verfugbar","9":"first","10":"instock","11":"sale","12":"taxable","13":"shipping-taxable","14":"purchasable","15":"product-type-simple"},"exclude_global_add_ons":[],"addons":[],"df_price":116.55,"df_sale_price":116.55,"df_regular_price":129.5,"df_image_link":"https:\/\/cdn02.fabioferro.eu\/wp-content\/uploads\/Orecchini-Madi-Laguna-Goccia-con-Quarzi-Colore-Avorio.jpg","_links":{"self":[{"href":"https:\/\/www.fabioferro.eu\/de\/wp-json\/wp\/v2\/product\/105309","targetHints":{"allow":["GET"]}}],"collection":[{"href":"https:\/\/www.fabioferro.eu\/de\/wp-json\/wp\/v2\/product"}],"about":[{"href":"https:\/\/www.fabioferro.eu\/de\/wp-json\/wp\/v2\/types\/product"}],"replies":[{"embeddable":true,"href":"https:\/\/www.fabioferro.eu\/de\/wp-json\/wp\/v2\/comments?post=105309"}],"version-history":[{"count":0,"href":"https:\/\/www.fabioferro.eu\/de\/wp-json\/wp\/v2\/product\/105309\/revisions"}],"wp:featuredmedia":[{"embeddable":true,"href":"https:\/\/www.fabioferro.eu\/de\/wp-json\/wp\/v2\/media\/105326"}],"wp:attachment":[{"href":"https:\/\/www.fabioferro.eu\/de\/wp-json\/wp\/v2\/media?parent=105309"}],"wp:term":[{"taxonomy":"product_brand","embeddable":true,"href":"https:\/\/www.fabioferro.eu\/de\/wp-json\/wp\/v2\/product_brand?post=105309"},{"taxonomy":"product_cat","embeddable":true,"href":"https:\/\/www.fabioferro.eu\/de\/wp-json\/wp\/v2\/product_cat?post=105309"},{"taxonomy":"product_tag","embeddable":true,"href":"https:\/\/www.fabioferro.eu\/de\/wp-json\/wp\/v2\/product_tag?post=105309"}],"curies":[{"name":"wp","href":"https:\/\/api.w.org\/{rel}","templated":true}]}}