{"id":105313,"date":"2024-02-01T19:34:54","date_gmt":"2024-02-01T18:34:54","guid":{"rendered":"https:\/\/www.fabioferro.eu\/madi-laguna-blasen-ohrringe-mit-gruenem-quarz.html"},"modified":"2025-03-11T18:08:57","modified_gmt":"2025-03-11T17:08:57","slug":"madi-laguna-blasen-ohrringe-mit-gruenem-quarz","status":"publish","type":"product","link":"https:\/\/www.fabioferro.eu\/de\/madi-laguna-blasen-ohrringe-mit-gruenem-quarz.html","title":{"rendered":"Madi Laguna Blasen-Ohrringe mit gr\u00fcnem Quarz"},"content":{"rendered":"<p>Ein Paar Anh\u00e4nger-Ohrringe aus ros\u00e9vergoldetem 925er Sterlingsilber. Gr\u00fcner, \u00f6kologischer Hydrothermalquarz einzeln auf jedem Schmuckst\u00fcck gefasst. Handgefertigt von Kunsthandwerkern, Made in Italy. Bequemer und sicherer Klickverschluss. Die Ohrringe werden mit einer 2-Jahres-Garantie, einer offiziellen Mad\u00ec-Box und einer Einkaufstasche geliefert.<\/p>\n","protected":false},"excerpt":{"rendered":"<p>Zwei gr\u00fcne Quarze sorgen f\u00fcr einen Hauch von Raffinesse, gepaart mit unverwechselbarer Sch\u00f6nheit.<\/p>\n","protected":false},"featured_media":105331,"comment_status":"open","ping_status":"closed","template":"","meta":[],"product_brand":[203],"product_cat":[5921],"product_tag":[],"class_list":{"0":"post-105313","1":"product","2":"type-product","3":"status-publish","4":"has-post-thumbnail","6":"product_brand-madi","7":"product_cat-madi-ohrringe","9":"first","10":"instock","11":"sale","12":"taxable","13":"shipping-taxable","14":"purchasable","15":"product-type-simple"},"exclude_global_add_ons":[],"addons":[],"df_price":125.55,"df_sale_price":125.55,"df_regular_price":139.5,"df_image_link":"https:\/\/cdn02.fabioferro.eu\/wp-content\/uploads\/Orecchini-Madi-Laguna-Bubble-Pendenti-con-Quarzi-Verdi.jpg","_links":{"self":[{"href":"https:\/\/www.fabioferro.eu\/de\/wp-json\/wp\/v2\/product\/105313","targetHints":{"allow":["GET"]}}],"collection":[{"href":"https:\/\/www.fabioferro.eu\/de\/wp-json\/wp\/v2\/product"}],"about":[{"href":"https:\/\/www.fabioferro.eu\/de\/wp-json\/wp\/v2\/types\/product"}],"replies":[{"embeddable":true,"href":"https:\/\/www.fabioferro.eu\/de\/wp-json\/wp\/v2\/comments?post=105313"}],"version-history":[{"count":0,"href":"https:\/\/www.fabioferro.eu\/de\/wp-json\/wp\/v2\/product\/105313\/revisions"}],"wp:featuredmedia":[{"embeddable":true,"href":"https:\/\/www.fabioferro.eu\/de\/wp-json\/wp\/v2\/media\/105331"}],"wp:attachment":[{"href":"https:\/\/www.fabioferro.eu\/de\/wp-json\/wp\/v2\/media?parent=105313"}],"wp:term":[{"taxonomy":"product_brand","embeddable":true,"href":"https:\/\/www.fabioferro.eu\/de\/wp-json\/wp\/v2\/product_brand?post=105313"},{"taxonomy":"product_cat","embeddable":true,"href":"https:\/\/www.fabioferro.eu\/de\/wp-json\/wp\/v2\/product_cat?post=105313"},{"taxonomy":"product_tag","embeddable":true,"href":"https:\/\/www.fabioferro.eu\/de\/wp-json\/wp\/v2\/product_tag?post=105313"}],"curies":[{"name":"wp","href":"https:\/\/api.w.org\/{rel}","templated":true}]}}