{"id":105359,"date":"2016-01-31T21:06:31","date_gmt":"2016-01-31T20:06:31","guid":{"rendered":"https:\/\/www.fabioferro.eu\/fope-prima-kollektion-ohrringe-in-rose-gold.html"},"modified":"2026-01-09T16:29:48","modified_gmt":"2026-01-09T15:29:48","slug":"fope-prima-kollektion-ohrringe-in-rose-gold","status":"publish","type":"product","link":"https:\/\/www.fabioferro.eu\/de\/fope-prima-kollektion-ohrringe-in-rose-gold.html","title":{"rendered":"Fope Prima Kollektion Ohrringe in Rose Gold"},"content":{"rendered":"<p>Ein H\u00f6chstma\u00df an Weiblichkeit strahlt dieses atemberaubende Paar Ohrringe aus kostbarem 18-kar\u00e4tigem Ros\u00e9gold aus.<span class=\"Apple-converted-space\"> <\/span><\/p>\n<p>Ausgestattet mit einem Riegel und einer Schmetterlingsschlie\u00dfe sind sie einfach zu tragen. Der Verschluss ist sicher und zuverl\u00e4ssig. <span class=\"Apple-converted-space\"> <\/span><\/p>\n<p>Das Besondere ist die Form eines jeden Schmuckst\u00fccks, das aus nicht weniger als drei Elementen mit der gleichen Form, aber unterschiedlichen Gr\u00f6\u00dfen zusammengesetzt ist.<span class=\"Apple-converted-space\"> <\/span><\/p>\n<p>Ohrringe handgefertigt von Kunsthandwerkern aus Vicenza. Qualit\u00e4t Made in Italy. <\/p>\n<p>In einer eleganten Box und mit internationaler Fope-Garantie.<\/p>\n","protected":false},"excerpt":{"rendered":"<p>Fope ist ein Synonym f\u00fcr italienische Qualit\u00e4t und Handwerkskunst.<br \/>\nDie Liebe, Sorgfalt und Hingabe der Kunsthandwerker von Fope spiegelt sich in den Schmuckst\u00fccken wider.<\/p>\n","protected":false},"featured_media":105403,"comment_status":"open","ping_status":"closed","template":"","meta":[],"product_brand":[154],"product_cat":[5937],"product_tag":[],"class_list":{"0":"post-105359","1":"product","2":"type-product","3":"status-publish","4":"has-post-thumbnail","6":"product_brand-fope","7":"product_cat-fope-ohrringe","9":"first","10":"instock","11":"taxable","12":"shipping-taxable","13":"purchasable","14":"product-type-simple"},"exclude_global_add_ons":[],"addons":[],"df_price":2380,"df_sale_price":"","df_regular_price":2380,"df_image_link":"https:\/\/cdn02.fabioferro.eu\/wp-content\/uploads\/orecchini-fope-collezione-prima-in-oro-rosa-or744-r.jpg","_links":{"self":[{"href":"https:\/\/www.fabioferro.eu\/de\/wp-json\/wp\/v2\/product\/105359","targetHints":{"allow":["GET"]}}],"collection":[{"href":"https:\/\/www.fabioferro.eu\/de\/wp-json\/wp\/v2\/product"}],"about":[{"href":"https:\/\/www.fabioferro.eu\/de\/wp-json\/wp\/v2\/types\/product"}],"replies":[{"embeddable":true,"href":"https:\/\/www.fabioferro.eu\/de\/wp-json\/wp\/v2\/comments?post=105359"}],"version-history":[{"count":1,"href":"https:\/\/www.fabioferro.eu\/de\/wp-json\/wp\/v2\/product\/105359\/revisions"}],"predecessor-version":[{"id":206767,"href":"https:\/\/www.fabioferro.eu\/de\/wp-json\/wp\/v2\/product\/105359\/revisions\/206767"}],"wp:featuredmedia":[{"embeddable":true,"href":"https:\/\/www.fabioferro.eu\/de\/wp-json\/wp\/v2\/media\/105403"}],"wp:attachment":[{"href":"https:\/\/www.fabioferro.eu\/de\/wp-json\/wp\/v2\/media?parent=105359"}],"wp:term":[{"taxonomy":"product_brand","embeddable":true,"href":"https:\/\/www.fabioferro.eu\/de\/wp-json\/wp\/v2\/product_brand?post=105359"},{"taxonomy":"product_cat","embeddable":true,"href":"https:\/\/www.fabioferro.eu\/de\/wp-json\/wp\/v2\/product_cat?post=105359"},{"taxonomy":"product_tag","embeddable":true,"href":"https:\/\/www.fabioferro.eu\/de\/wp-json\/wp\/v2\/product_tag?post=105359"}],"curies":[{"name":"wp","href":"https:\/\/api.w.org\/{rel}","templated":true}]}}