{"id":105480,"date":"2016-01-31T21:02:03","date_gmt":"2016-01-31T20:02:03","guid":{"rendered":"https:\/\/www.fabioferro.eu\/fope-prima-collection-ohrringe-aus-gelbgold.html"},"modified":"2026-01-09T16:29:47","modified_gmt":"2026-01-09T15:29:47","slug":"fope-prima-collection-ohrringe-aus-gelbgold","status":"publish","type":"product","link":"https:\/\/www.fabioferro.eu\/de\/fope-prima-collection-ohrringe-aus-gelbgold.html","title":{"rendered":"Fope Prima Collection Ohrringe aus Gelbgold"},"content":{"rendered":"<p>Ein Paar Ohrringe aus leuchtendem 18 Karat Gelbgold, komplett handgefertigt.<span class=\"Apple-converted-space\"> <\/span><\/p>\n<p>Sicheres und zuverl\u00e4ssiges Pfostenschloss mit blumenf\u00f6rmigem Schmetterlingsr\u00fccken.  <span class=\"Apple-converted-space\"> <\/span><\/p>\n<p>Jedes Schmuckst\u00fcck ist einzigartig geformt und besteht aus 3 verschiedenen Gelbgold-Elementen in unterschiedlichen Gr\u00f6\u00dfen.<span class=\"Apple-converted-space\"> <\/span><\/p>\n<p>Ohrringe handgefertigt von Kunsthandwerkern aus Vicenza. Qualit\u00e4t Made in Italy. <\/p>\n<p>In einer eleganten Box und mit internationaler Fope-Garantie.<\/p>\n","protected":false},"excerpt":{"rendered":"<p>100% Made in Italy Handwerkskunst. Ein raffiniertes und elegantes Paar Ohrringe. <\/p>\n","protected":false},"featured_media":105494,"comment_status":"open","ping_status":"closed","template":"","meta":[],"product_brand":[154],"product_cat":[5937],"product_tag":[],"class_list":{"0":"post-105480","1":"product","2":"type-product","3":"status-publish","4":"has-post-thumbnail","6":"product_brand-fope","7":"product_cat-fope-ohrringe","9":"first","10":"instock","11":"taxable","12":"shipping-taxable","13":"purchasable","14":"product-type-simple"},"exclude_global_add_ons":[],"addons":[],"df_price":2380,"df_sale_price":"","df_regular_price":2380,"df_image_link":"https:\/\/cdn02.fabioferro.eu\/wp-content\/uploads\/orecchini-fope-collezione-prima-in-oro-giallo-or744-g.jpg","_links":{"self":[{"href":"https:\/\/www.fabioferro.eu\/de\/wp-json\/wp\/v2\/product\/105480","targetHints":{"allow":["GET"]}}],"collection":[{"href":"https:\/\/www.fabioferro.eu\/de\/wp-json\/wp\/v2\/product"}],"about":[{"href":"https:\/\/www.fabioferro.eu\/de\/wp-json\/wp\/v2\/types\/product"}],"replies":[{"embeddable":true,"href":"https:\/\/www.fabioferro.eu\/de\/wp-json\/wp\/v2\/comments?post=105480"}],"version-history":[{"count":1,"href":"https:\/\/www.fabioferro.eu\/de\/wp-json\/wp\/v2\/product\/105480\/revisions"}],"predecessor-version":[{"id":206764,"href":"https:\/\/www.fabioferro.eu\/de\/wp-json\/wp\/v2\/product\/105480\/revisions\/206764"}],"wp:featuredmedia":[{"embeddable":true,"href":"https:\/\/www.fabioferro.eu\/de\/wp-json\/wp\/v2\/media\/105494"}],"wp:attachment":[{"href":"https:\/\/www.fabioferro.eu\/de\/wp-json\/wp\/v2\/media?parent=105480"}],"wp:term":[{"taxonomy":"product_brand","embeddable":true,"href":"https:\/\/www.fabioferro.eu\/de\/wp-json\/wp\/v2\/product_brand?post=105480"},{"taxonomy":"product_cat","embeddable":true,"href":"https:\/\/www.fabioferro.eu\/de\/wp-json\/wp\/v2\/product_cat?post=105480"},{"taxonomy":"product_tag","embeddable":true,"href":"https:\/\/www.fabioferro.eu\/de\/wp-json\/wp\/v2\/product_tag?post=105480"}],"curies":[{"name":"wp","href":"https:\/\/api.w.org\/{rel}","templated":true}]}}