{"id":105496,"date":"2016-01-31T21:11:22","date_gmt":"2016-01-31T20:11:22","guid":{"rendered":"https:\/\/www.fabioferro.eu\/fope-prima-collection-ohrringe-aus-gelb-weiss-und-rosegold.html"},"modified":"2026-01-09T16:29:52","modified_gmt":"2026-01-09T15:29:52","slug":"fope-prima-collection-ohrringe-aus-gelb-weiss-und-rosegold","status":"publish","type":"product","link":"https:\/\/www.fabioferro.eu\/de\/fope-prima-collection-ohrringe-aus-gelb-weiss-und-rosegold.html","title":{"rendered":"Fope Prima Collection Ohrringe aus Wei\u00df- und Rosegelbgold"},"content":{"rendered":"<p>Ein Trio von Farben f\u00fcr dieses Schmuckpaar, das von erfahrenen Kunsthandwerkern sorgf\u00e4ltig hergestellt wird.<span class=\"Apple-converted-space\"> <\/span><\/p>\n<p>Die Kombination aus 18 Karat Ros\u00e9-, Wei\u00df- und Gelbgold macht diese Ohrringe perfekt f\u00fcr jede Kombination mit anderem Schmuck.<span class=\"Apple-converted-space\"> <\/span><\/p>\n<p>Praktischer und bequemer Verschluss mit Pfosten und Schmetterling auf der R\u00fcckseite.<span class=\"Apple-converted-space\"> <\/span><\/p>\n<p>Ohrringe handgefertigt von Kunsthandwerkern aus Vicenza. Qualit\u00e4t Made in Italy. <\/p>\n<p>In einer eleganten Box und mit internationaler Fope-Garantie.<\/p>\n","protected":false},"excerpt":{"rendered":"<p>Ob f\u00fcr einen eleganten Abend oder eine Verabredung am Tag, diese sch\u00f6nen Ohrringe werden Sie immer begleiten, ohne zu gewagt zu wirken.<br \/>\nFope Garantie.<\/p>\n","protected":false},"featured_media":105531,"comment_status":"open","ping_status":"closed","template":"","meta":[],"product_brand":[154],"product_cat":[5937],"product_tag":[],"class_list":{"0":"post-105496","1":"product","2":"type-product","3":"status-publish","4":"has-post-thumbnail","6":"product_brand-fope","7":"product_cat-fope-ohrringe","9":"first","10":"instock","11":"taxable","12":"shipping-taxable","13":"purchasable","14":"product-type-simple"},"exclude_global_add_ons":[],"addons":[],"df_price":2380,"df_sale_price":"","df_regular_price":2380,"df_image_link":"https:\/\/cdn02.fabioferro.eu\/wp-content\/uploads\/orecchini-fope-collezione-prima-in-oro-bianco-giallo-rosa-or744-gbr.jpg","_links":{"self":[{"href":"https:\/\/www.fabioferro.eu\/de\/wp-json\/wp\/v2\/product\/105496","targetHints":{"allow":["GET"]}}],"collection":[{"href":"https:\/\/www.fabioferro.eu\/de\/wp-json\/wp\/v2\/product"}],"about":[{"href":"https:\/\/www.fabioferro.eu\/de\/wp-json\/wp\/v2\/types\/product"}],"replies":[{"embeddable":true,"href":"https:\/\/www.fabioferro.eu\/de\/wp-json\/wp\/v2\/comments?post=105496"}],"version-history":[{"count":2,"href":"https:\/\/www.fabioferro.eu\/de\/wp-json\/wp\/v2\/product\/105496\/revisions"}],"predecessor-version":[{"id":206771,"href":"https:\/\/www.fabioferro.eu\/de\/wp-json\/wp\/v2\/product\/105496\/revisions\/206771"}],"wp:featuredmedia":[{"embeddable":true,"href":"https:\/\/www.fabioferro.eu\/de\/wp-json\/wp\/v2\/media\/105531"}],"wp:attachment":[{"href":"https:\/\/www.fabioferro.eu\/de\/wp-json\/wp\/v2\/media?parent=105496"}],"wp:term":[{"taxonomy":"product_brand","embeddable":true,"href":"https:\/\/www.fabioferro.eu\/de\/wp-json\/wp\/v2\/product_brand?post=105496"},{"taxonomy":"product_cat","embeddable":true,"href":"https:\/\/www.fabioferro.eu\/de\/wp-json\/wp\/v2\/product_cat?post=105496"},{"taxonomy":"product_tag","embeddable":true,"href":"https:\/\/www.fabioferro.eu\/de\/wp-json\/wp\/v2\/product_tag?post=105496"}],"curies":[{"name":"wp","href":"https:\/\/api.w.org\/{rel}","templated":true}]}}