{"id":105598,"date":"2024-01-24T18:41:57","date_gmt":"2024-01-24T17:41:57","guid":{"rendered":"https:\/\/www.fabioferro.eu\/fope-prima-collection-ohrringe-aus-weiss-und-gelbgold-mit-diamanten.html"},"modified":"2026-01-09T16:23:04","modified_gmt":"2026-01-09T15:23:04","slug":"fope-prima-collection-ohrringe-aus-weiss-und-gelbgold-mit-diamanten","status":"publish","type":"product","link":"https:\/\/www.fabioferro.eu\/de\/fope-prima-collection-ohrringe-aus-weiss-und-gelbgold-mit-diamanten.html","title":{"rendered":"Fope Prima Collection Ohrringe aus Wei\u00df- und Gelbgold mit Diamanten"},"content":{"rendered":"<p>Raffiniertes Paar Ohrringe mit festem B\u00fcgel aus der Kollektion Prima von Fope.<\/p>\n<p>Zwei wundersch\u00f6ne handgefertigte Schmuckst\u00fccke aus 18 Karat Gelb- und Wei\u00dfgold, besetzt mit Diamanten im Brillantschliff.<\/p>\n<p>Der zentrale K\u00f6rper jedes Schmuckst\u00fccks hat die Form eines Halbkreises, der aus einem gelbgoldenen Netz besteht.<span class=\"Apple-converted-space\"> <\/span>Darauf befindet sich ein festes Unterlegscheiben-Element aus Wei\u00dfgold mit Diamanten von insgesamt 0,08 Karat. Die Steine haben eine Farbe von G und einen Reinheitsgrad von VS1.<\/p>\n<p>Praktischer und sicherer Karabinerverschluss mit Stift.<span class=\"Apple-converted-space\"> <\/span><\/p>\n<p>Ohrringe handgefertigt von Kunsthandwerkern aus Vicenza. Qualit\u00e4t Made in Italy. <\/p>\n<p>In einer eleganten Box und mit internationaler Fope-Garantie.<\/p>\n","protected":false},"excerpt":{"rendered":"<p>Die Marke Fope ist ein Synonym f\u00fcr Eleganz und Raffinesse, die Hauptmerkmale ihrer Schmuckst\u00fccke.<\/p>\n","protected":false},"featured_media":105607,"comment_status":"open","ping_status":"closed","template":"","meta":[],"product_brand":[],"product_cat":[5937],"product_tag":[7442],"class_list":{"0":"post-105598","1":"product","2":"type-product","3":"status-publish","4":"has-post-thumbnail","6":"product_cat-fope-ohrringe","7":"product_tag-verfugbar","9":"first","10":"instock","11":"taxable","12":"shipping-taxable","13":"purchasable","14":"product-type-simple"},"exclude_global_add_ons":[],"addons":[],"df_price":2380,"df_sale_price":"","df_regular_price":2380,"df_image_link":"https:\/\/cdn02.fabioferro.eu\/wp-content\/uploads\/virtuemart\/product\/orecchini_fope_collezione_prima_in_oro_giallo_OR746_BBR_GB__1593787351_362.jpg","_links":{"self":[{"href":"https:\/\/www.fabioferro.eu\/de\/wp-json\/wp\/v2\/product\/105598","targetHints":{"allow":["GET"]}}],"collection":[{"href":"https:\/\/www.fabioferro.eu\/de\/wp-json\/wp\/v2\/product"}],"about":[{"href":"https:\/\/www.fabioferro.eu\/de\/wp-json\/wp\/v2\/types\/product"}],"replies":[{"embeddable":true,"href":"https:\/\/www.fabioferro.eu\/de\/wp-json\/wp\/v2\/comments?post=105598"}],"version-history":[{"count":2,"href":"https:\/\/www.fabioferro.eu\/de\/wp-json\/wp\/v2\/product\/105598\/revisions"}],"predecessor-version":[{"id":206461,"href":"https:\/\/www.fabioferro.eu\/de\/wp-json\/wp\/v2\/product\/105598\/revisions\/206461"}],"wp:featuredmedia":[{"embeddable":true,"href":"https:\/\/www.fabioferro.eu\/de\/wp-json\/wp\/v2\/media\/105607"}],"wp:attachment":[{"href":"https:\/\/www.fabioferro.eu\/de\/wp-json\/wp\/v2\/media?parent=105598"}],"wp:term":[{"taxonomy":"product_brand","embeddable":true,"href":"https:\/\/www.fabioferro.eu\/de\/wp-json\/wp\/v2\/product_brand?post=105598"},{"taxonomy":"product_cat","embeddable":true,"href":"https:\/\/www.fabioferro.eu\/de\/wp-json\/wp\/v2\/product_cat?post=105598"},{"taxonomy":"product_tag","embeddable":true,"href":"https:\/\/www.fabioferro.eu\/de\/wp-json\/wp\/v2\/product_tag?post=105598"}],"curies":[{"name":"wp","href":"https:\/\/api.w.org\/{rel}","templated":true}]}}