{"id":105630,"date":"2024-01-24T18:56:29","date_gmt":"2024-01-24T17:56:29","guid":{"rendered":"https:\/\/www.fabioferro.eu\/fope-prima-collection-ohrringe-aus-weiss-und-rosegold-mit-pave-diamanten.html"},"modified":"2026-01-09T16:22:56","modified_gmt":"2026-01-09T15:22:56","slug":"fope-prima-collection-ohrringe-aus-weiss-und-rosegold-mit-pave-diamanten","status":"publish","type":"product","link":"https:\/\/www.fabioferro.eu\/de\/fope-prima-collection-ohrringe-aus-weiss-und-rosegold-mit-pave-diamanten.html","title":{"rendered":"Fope Prima Collection Ohrringe aus Wei\u00df- und Ros\u00e9gold mit Pave-Diamanten"},"content":{"rendered":"<p>Die Verbindung von 18 Karat Wei\u00df- und Ros\u00e9gold bringt diese beiden wundersch\u00f6nen Ohrringe von Fope hervor.<span class=\"Apple-converted-space\"> <\/span><\/p>\n<p>Ein Paar feste Ohrringe mit Ohrstecker und Federverschluss.<span class=\"Apple-converted-space\"> <\/span><\/p>\n<p>Das zentrale Geh\u00e4use besteht aus einem 2 mm dicken und 3 mm breiten, aus Ros\u00e9gold gefertigten Glied.<span class=\"Apple-converted-space\"> <\/span><\/p>\n<p>Das Hauptelement ist feststehend, aus Wei\u00dfgold gefertigt und tr\u00e4gt ein leuchtendes Diamantenpav\u00e9 auf seiner Oberseite.<span class=\"Apple-converted-space\"> <\/span>Die Steine haben einen Brillantschliff und insgesamt 0,18 Karat. Sie zeichnen sich durch eine Farbe von G und einen Reinheitsgrad von VS1 aus. <span class=\"Apple-converted-space\"> <\/span><\/p>\n<p>Ohrringe handgefertigt von Kunsthandwerkern aus Vicenza. Qualit\u00e4t Made in Italy. <\/p>\n<p>In einer eleganten Box und mit internationaler Fope-Garantie.<\/p>\n","protected":false},"excerpt":{"rendered":"<p>Ros\u00e9gold und Wei\u00dfgold wurden von italienischen Kunsthandwerkern zu diesem wundersch\u00f6nen Paar Ohrringe verarbeitet.<br \/>\nQualit\u00e4t und Fope Garantie.<\/p>\n","protected":false},"featured_media":105639,"comment_status":"open","ping_status":"closed","template":"","meta":[],"product_brand":[154],"product_cat":[5937],"product_tag":[],"class_list":{"0":"post-105630","1":"product","2":"type-product","3":"status-publish","4":"has-post-thumbnail","6":"product_brand-fope","7":"product_cat-fope-ohrringe","9":"first","10":"instock","11":"taxable","12":"shipping-taxable","13":"purchasable","14":"product-type-simple"},"exclude_global_add_ons":[],"addons":[],"df_price":2950,"df_sale_price":"","df_regular_price":2950,"df_image_link":"https:\/\/cdn02.fabioferro.eu\/wp-content\/uploads\/orecchini-fope-collezione-prima-in-oro-rosa-con-diamanti-or747-bbr-br.jpg","_links":{"self":[{"href":"https:\/\/www.fabioferro.eu\/de\/wp-json\/wp\/v2\/product\/105630","targetHints":{"allow":["GET"]}}],"collection":[{"href":"https:\/\/www.fabioferro.eu\/de\/wp-json\/wp\/v2\/product"}],"about":[{"href":"https:\/\/www.fabioferro.eu\/de\/wp-json\/wp\/v2\/types\/product"}],"replies":[{"embeddable":true,"href":"https:\/\/www.fabioferro.eu\/de\/wp-json\/wp\/v2\/comments?post=105630"}],"version-history":[{"count":1,"href":"https:\/\/www.fabioferro.eu\/de\/wp-json\/wp\/v2\/product\/105630\/revisions"}],"predecessor-version":[{"id":206449,"href":"https:\/\/www.fabioferro.eu\/de\/wp-json\/wp\/v2\/product\/105630\/revisions\/206449"}],"wp:featuredmedia":[{"embeddable":true,"href":"https:\/\/www.fabioferro.eu\/de\/wp-json\/wp\/v2\/media\/105639"}],"wp:attachment":[{"href":"https:\/\/www.fabioferro.eu\/de\/wp-json\/wp\/v2\/media?parent=105630"}],"wp:term":[{"taxonomy":"product_brand","embeddable":true,"href":"https:\/\/www.fabioferro.eu\/de\/wp-json\/wp\/v2\/product_brand?post=105630"},{"taxonomy":"product_cat","embeddable":true,"href":"https:\/\/www.fabioferro.eu\/de\/wp-json\/wp\/v2\/product_cat?post=105630"},{"taxonomy":"product_tag","embeddable":true,"href":"https:\/\/www.fabioferro.eu\/de\/wp-json\/wp\/v2\/product_tag?post=105630"}],"curies":[{"name":"wp","href":"https:\/\/api.w.org\/{rel}","templated":true}]}}