{"id":105636,"date":"2023-12-14T11:01:41","date_gmt":"2023-12-14T10:01:41","guid":{"rendered":"https:\/\/www.fabioferro.eu\/hamilton-ventura-dragon-skeleton-auto-schwarz-425-x-446-mm-uhr.html"},"modified":"2025-04-03T09:56:09","modified_gmt":"2025-04-03T07:56:09","slug":"hamilton-ventura-dragon-skeleton-auto-schwarz-425-x-446-mm-uhr","status":"publish","type":"product","link":"https:\/\/www.fabioferro.eu\/de\/hamilton-ventura-dragon-skeleton-auto-schwarz-425-x-446-mm-uhr.html","title":{"rendered":"Hamilton Ventura Dragon Skeleton H24535332"},"content":{"rendered":"<p>Hamilton Ventura Dragon Skeleton H24535332 mit mechanischem Automatikwerk Kaliber H-10-S mit 80 Stunden Gangreserve.<\/p>\n<p>Geh\u00e4use aus schwarzem PVD-beschichtetem Edelstahl mit den Ma\u00dfen 42,5 x 44,6 mm. Die Dicke betr\u00e4gt 12,3 mm.<\/p>\n<p>Das schwarze skelettierte Zifferblatt zeichnet die Schnauze eines Drachens im orientalischen Stil. Wasserdicht bis zu 5 bar\/50 Meter.<\/p>\n<p>Kratzfestes, entspiegeltes, gew\u00f6lbtes Saphirglas.<\/p>\n<p>Schwarzes Kautschukband, Ansto\u00dfbreite 20,4 mm. Spezielle Skalentextur auf der Schlie\u00dfe.<\/p>\n<p>Mit offizieller Verpackung und einer 2-j\u00e4hrigen Hamilton-Garantie.<\/p>\n","protected":false},"excerpt":{"rendered":"<p>Hamilton Ventura Dragon Skeleton H24535332. Der Drache birgt Geheimnisse und Mysterien, die direkt aus dem Osten kommen und seit Tausenden von Jahren einen Hauch von Geheimnis hinterlassen.<\/p>\n","protected":false},"featured_media":105653,"comment_status":"open","ping_status":"closed","template":"","meta":[],"product_brand":[161],"product_cat":[5974],"product_tag":[],"class_list":{"0":"post-105636","1":"product","2":"type-product","3":"status-publish","4":"has-post-thumbnail","6":"product_brand-hamilton","7":"product_cat-hamilton-herrenuhren","8":"pa_collezione-hamilton-ventura-de","10":"first","11":"instock","12":"sale","13":"taxable","14":"shipping-taxable","15":"purchasable","16":"product-type-simple"},"exclude_global_add_ons":[],"addons":[],"df_price":1740,"df_sale_price":1740,"df_regular_price":2175,"df_image_link":"https:\/\/cdn02.fabioferro.eu\/wp-content\/uploads\/orologio-hamilton-ventura-dragon-automatico-h24535332.jpg","_links":{"self":[{"href":"https:\/\/www.fabioferro.eu\/de\/wp-json\/wp\/v2\/product\/105636","targetHints":{"allow":["GET"]}}],"collection":[{"href":"https:\/\/www.fabioferro.eu\/de\/wp-json\/wp\/v2\/product"}],"about":[{"href":"https:\/\/www.fabioferro.eu\/de\/wp-json\/wp\/v2\/types\/product"}],"replies":[{"embeddable":true,"href":"https:\/\/www.fabioferro.eu\/de\/wp-json\/wp\/v2\/comments?post=105636"}],"version-history":[{"count":0,"href":"https:\/\/www.fabioferro.eu\/de\/wp-json\/wp\/v2\/product\/105636\/revisions"}],"wp:featuredmedia":[{"embeddable":true,"href":"https:\/\/www.fabioferro.eu\/de\/wp-json\/wp\/v2\/media\/105653"}],"wp:attachment":[{"href":"https:\/\/www.fabioferro.eu\/de\/wp-json\/wp\/v2\/media?parent=105636"}],"wp:term":[{"taxonomy":"product_brand","embeddable":true,"href":"https:\/\/www.fabioferro.eu\/de\/wp-json\/wp\/v2\/product_brand?post=105636"},{"taxonomy":"product_cat","embeddable":true,"href":"https:\/\/www.fabioferro.eu\/de\/wp-json\/wp\/v2\/product_cat?post=105636"},{"taxonomy":"product_tag","embeddable":true,"href":"https:\/\/www.fabioferro.eu\/de\/wp-json\/wp\/v2\/product_tag?post=105636"}],"curies":[{"name":"wp","href":"https:\/\/api.w.org\/{rel}","templated":true}]}}