{"id":105644,"date":"2024-01-24T18:30:21","date_gmt":"2024-01-24T17:30:21","guid":{"rendered":"https:\/\/www.fabioferro.eu\/fope-prima-collection-ohrringe-aus-weissgold-und-diamanten.html"},"modified":"2026-01-09T16:22:47","modified_gmt":"2026-01-09T15:22:47","slug":"fope-prima-collection-ohrringe-aus-weissgold-und-diamanten","status":"publish","type":"product","link":"https:\/\/www.fabioferro.eu\/de\/fope-prima-collection-ohrringe-aus-weissgold-und-diamanten.html","title":{"rendered":"Fope Prima Collection Ohrringe aus Wei\u00dfgold und Diamanten"},"content":{"rendered":"<p>Ein leuchtendes Paar Ohrringe, signiert Fope und komplett aus gl\u00e4nzendem 18 Karat Wei\u00dfgold und Diamanten gefertigt.<span class=\"Apple-converted-space\"> <\/span><\/p>\n<p>Sorgf\u00e4ltig gestrickter Halbkreis mit Stecknadel- und Karabinerverschluss.<span class=\"Apple-converted-space\"> <\/span><\/p>\n<p>Ebenfalls aus Wei\u00dfgold ist ein einzigartiges Element, das drei mit Brillanten besetzte Rondellen kombiniert.<span class=\"Apple-converted-space\"> <\/span><\/p>\n<p>Die Steine haben insgesamt 0,08 Karat und zeichnen sich durch eine Farbe von G und einen Reinheitsgrad von VS1 aus.<span class=\"Apple-converted-space\"> <\/span><\/p>\n<p>Ohrringe handgefertigt von Kunsthandwerkern aus Vicenza. Qualit\u00e4t Made in Italy. <\/p>\n<p>In einer eleganten Box und mit internationaler Fope-Garantie.<\/p>\n","protected":false},"excerpt":{"rendered":"<p>Kostbar und leuchtend, ein Paar Ohren, das Ihr Gesicht erstrahlen l\u00e4sst.<br \/>\nHandwerkskunst aus Italien von Fope.<\/p>\n","protected":false},"featured_media":105661,"comment_status":"open","ping_status":"closed","template":"","meta":[],"product_brand":[],"product_cat":[5937],"product_tag":[],"class_list":{"0":"post-105644","1":"product","2":"type-product","3":"status-publish","4":"has-post-thumbnail","6":"product_cat-fope-ohrringe","8":"first","9":"instock","10":"taxable","11":"shipping-taxable","12":"purchasable","13":"product-type-simple"},"exclude_global_add_ons":[],"addons":[],"df_price":2380,"df_sale_price":"","df_regular_price":2380,"df_image_link":"https:\/\/cdn02.fabioferro.eu\/wp-content\/uploads\/virtuemart\/product\/orecchini_fope_collezione_prima_in_oro_bianco_OR746_BBR_B__1593787365_451.jpg","_links":{"self":[{"href":"https:\/\/www.fabioferro.eu\/de\/wp-json\/wp\/v2\/product\/105644","targetHints":{"allow":["GET"]}}],"collection":[{"href":"https:\/\/www.fabioferro.eu\/de\/wp-json\/wp\/v2\/product"}],"about":[{"href":"https:\/\/www.fabioferro.eu\/de\/wp-json\/wp\/v2\/types\/product"}],"replies":[{"embeddable":true,"href":"https:\/\/www.fabioferro.eu\/de\/wp-json\/wp\/v2\/comments?post=105644"}],"version-history":[{"count":1,"href":"https:\/\/www.fabioferro.eu\/de\/wp-json\/wp\/v2\/product\/105644\/revisions"}],"predecessor-version":[{"id":206430,"href":"https:\/\/www.fabioferro.eu\/de\/wp-json\/wp\/v2\/product\/105644\/revisions\/206430"}],"wp:featuredmedia":[{"embeddable":true,"href":"https:\/\/www.fabioferro.eu\/de\/wp-json\/wp\/v2\/media\/105661"}],"wp:attachment":[{"href":"https:\/\/www.fabioferro.eu\/de\/wp-json\/wp\/v2\/media?parent=105644"}],"wp:term":[{"taxonomy":"product_brand","embeddable":true,"href":"https:\/\/www.fabioferro.eu\/de\/wp-json\/wp\/v2\/product_brand?post=105644"},{"taxonomy":"product_cat","embeddable":true,"href":"https:\/\/www.fabioferro.eu\/de\/wp-json\/wp\/v2\/product_cat?post=105644"},{"taxonomy":"product_tag","embeddable":true,"href":"https:\/\/www.fabioferro.eu\/de\/wp-json\/wp\/v2\/product_tag?post=105644"}],"curies":[{"name":"wp","href":"https:\/\/api.w.org\/{rel}","templated":true}]}}