{"id":105646,"date":"2024-01-25T18:22:33","date_gmt":"2024-01-25T17:22:33","guid":{"rendered":"https:\/\/www.fabioferro.eu\/madi-chains-armband-mit-farbigem-hydrothermalquarz.html"},"modified":"2025-03-11T18:10:23","modified_gmt":"2025-03-11T17:10:23","slug":"madi-chains-armband-mit-farbigem-hydrothermalquarz","status":"publish","type":"product","link":"https:\/\/www.fabioferro.eu\/de\/madi-chains-armband-mit-farbigem-hydrothermalquarz.html","title":{"rendered":"Madi Chains Armband mit farbigem Hydrothermalquarz"},"content":{"rendered":"<p>Mad\u00ec Armband aus der Catene Kollektion aus gl\u00e4nzendem, ros\u00e9vergoldetem 925er Silber. 4 hydrothermale Quarzsteine in verschiedenen Farben und Formen wechseln sich mit zwei Ringelementen ab. Die Gr\u00f6\u00dfe des Armbands kann durch die Ringe am Ende beliebig zwischen 17 cm und 21 cm verstellt werden. Handgefertigt, Made in Italy. Verschluss mit zuverl\u00e4ssigem Karabinerhaken. Das Armband wird mit 2 Jahren Garantie, Einkaufstasche und offizieller Mad\u00ec Box geliefert.<\/p>\n","protected":false},"excerpt":{"rendered":"<p>Helles Mad\u00ec Armband aus der Catene Kollektion. Kombinieren Sie es mit der Halskette oder den Ohrringen aus der gleichen Kollektion, um Ihren Look zu vervollst\u00e4ndigen.<\/p>\n","protected":false},"featured_media":105662,"comment_status":"open","ping_status":"closed","template":"","meta":[],"product_brand":[203],"product_cat":[5954],"product_tag":[],"class_list":{"0":"post-105646","1":"product","2":"type-product","3":"status-publish","4":"has-post-thumbnail","6":"product_brand-madi","7":"product_cat-madi-armbander","9":"first","10":"instock","11":"sale","12":"taxable","13":"shipping-taxable","14":"purchasable","15":"product-type-simple"},"exclude_global_add_ons":[],"addons":[],"df_price":151.2,"df_sale_price":151.2,"df_regular_price":168,"df_image_link":"https:\/\/cdn02.fabioferro.eu\/wp-content\/uploads\/bracciale-madi-collezione-catene-in-argento-e-quarzi-idrotermali-39017.jpg","_links":{"self":[{"href":"https:\/\/www.fabioferro.eu\/de\/wp-json\/wp\/v2\/product\/105646","targetHints":{"allow":["GET"]}}],"collection":[{"href":"https:\/\/www.fabioferro.eu\/de\/wp-json\/wp\/v2\/product"}],"about":[{"href":"https:\/\/www.fabioferro.eu\/de\/wp-json\/wp\/v2\/types\/product"}],"replies":[{"embeddable":true,"href":"https:\/\/www.fabioferro.eu\/de\/wp-json\/wp\/v2\/comments?post=105646"}],"version-history":[{"count":0,"href":"https:\/\/www.fabioferro.eu\/de\/wp-json\/wp\/v2\/product\/105646\/revisions"}],"wp:featuredmedia":[{"embeddable":true,"href":"https:\/\/www.fabioferro.eu\/de\/wp-json\/wp\/v2\/media\/105662"}],"wp:attachment":[{"href":"https:\/\/www.fabioferro.eu\/de\/wp-json\/wp\/v2\/media?parent=105646"}],"wp:term":[{"taxonomy":"product_brand","embeddable":true,"href":"https:\/\/www.fabioferro.eu\/de\/wp-json\/wp\/v2\/product_brand?post=105646"},{"taxonomy":"product_cat","embeddable":true,"href":"https:\/\/www.fabioferro.eu\/de\/wp-json\/wp\/v2\/product_cat?post=105646"},{"taxonomy":"product_tag","embeddable":true,"href":"https:\/\/www.fabioferro.eu\/de\/wp-json\/wp\/v2\/product_tag?post=105646"}],"curies":[{"name":"wp","href":"https:\/\/api.w.org\/{rel}","templated":true}]}}