{"id":105668,"date":"2024-01-24T18:48:55","date_gmt":"2024-01-24T17:48:55","guid":{"rendered":"https:\/\/www.fabioferro.eu\/fope-prima-collection-ohrringe-aus-weissgold-und-diamantpflaster.html"},"modified":"2026-01-09T16:23:04","modified_gmt":"2026-01-09T15:23:04","slug":"fope-prima-collection-ohrringe-aus-weissgold-und-diamantpflaster","status":"publish","type":"product","link":"https:\/\/www.fabioferro.eu\/de\/fope-prima-collection-ohrringe-aus-weissgold-und-diamantpflaster.html","title":{"rendered":"Fope Prima Collection Ohrringe aus Wei\u00dfgold und Diamantpflaster"},"content":{"rendered":"<p>Ein Paar Fope-Ohrringe, handgefertigt in Italien.<span class=\"Apple-converted-space\"> <\/span><\/p>\n<p>Das Hauptmaterial dieses Schmuckpaares ist 18 Karat Wei\u00dfgold.<br \/>\nF\u00fcr einen Hauch von Glanz sorgen Diamanten im Brillantschliff.<span class=\"Apple-converted-space\"> <\/span><\/p>\n<p>Der Mittelteil jedes Schmuckst\u00fccks ist 2 mm dick und 3 mm breit. Die H\u00f6he des Hauptelements betr\u00e4gt 5 mm.<span class=\"Apple-converted-space\"> <\/span><\/p>\n<p>Ein Pav\u00e8 aus Brillanten zieht die Aufmerksamkeit auf sich. Die Steine haben insgesamt 0,18 Karat, eine Farbe von G und einen Reinheitsgrad von VS1.<span class=\"Apple-converted-space\"> <\/span><\/p>\n<p>Praktischer und sicherer Karabinerverschluss mit Stift.<span class=\"Apple-converted-space\"> <\/span><\/p>\n<p>Ohrringe handgefertigt von Kunsthandwerkern aus Vicenza. Qualit\u00e4t Made in Italy. <\/p>\n<p>In einer eleganten Box und mit internationaler Fope-Garantie.<\/p>\n","protected":false},"excerpt":{"rendered":"<p>Ein Paar Ohrringe aus Wei\u00dfgold und Diamanten.<br \/>\nDie ultimative Brillanz von Fope.<\/p>\n","protected":false},"featured_media":105698,"comment_status":"open","ping_status":"closed","template":"","meta":[],"product_brand":[154],"product_cat":[5937],"product_tag":[],"class_list":{"0":"post-105668","1":"product","2":"type-product","3":"status-publish","4":"has-post-thumbnail","6":"product_brand-fope","7":"product_cat-fope-ohrringe","9":"first","10":"instock","11":"taxable","12":"shipping-taxable","13":"purchasable","14":"product-type-simple"},"exclude_global_add_ons":[],"addons":[],"df_price":2950,"df_sale_price":"","df_regular_price":2950,"df_image_link":"https:\/\/cdn02.fabioferro.eu\/wp-content\/uploads\/orecchini-fope-collezione-prima-in-oro-bianco-con-diamanti-or747-bbr-b.jpg","_links":{"self":[{"href":"https:\/\/www.fabioferro.eu\/de\/wp-json\/wp\/v2\/product\/105668","targetHints":{"allow":["GET"]}}],"collection":[{"href":"https:\/\/www.fabioferro.eu\/de\/wp-json\/wp\/v2\/product"}],"about":[{"href":"https:\/\/www.fabioferro.eu\/de\/wp-json\/wp\/v2\/types\/product"}],"replies":[{"embeddable":true,"href":"https:\/\/www.fabioferro.eu\/de\/wp-json\/wp\/v2\/comments?post=105668"}],"version-history":[{"count":2,"href":"https:\/\/www.fabioferro.eu\/de\/wp-json\/wp\/v2\/product\/105668\/revisions"}],"predecessor-version":[{"id":206460,"href":"https:\/\/www.fabioferro.eu\/de\/wp-json\/wp\/v2\/product\/105668\/revisions\/206460"}],"wp:featuredmedia":[{"embeddable":true,"href":"https:\/\/www.fabioferro.eu\/de\/wp-json\/wp\/v2\/media\/105698"}],"wp:attachment":[{"href":"https:\/\/www.fabioferro.eu\/de\/wp-json\/wp\/v2\/media?parent=105668"}],"wp:term":[{"taxonomy":"product_brand","embeddable":true,"href":"https:\/\/www.fabioferro.eu\/de\/wp-json\/wp\/v2\/product_brand?post=105668"},{"taxonomy":"product_cat","embeddable":true,"href":"https:\/\/www.fabioferro.eu\/de\/wp-json\/wp\/v2\/product_cat?post=105668"},{"taxonomy":"product_tag","embeddable":true,"href":"https:\/\/www.fabioferro.eu\/de\/wp-json\/wp\/v2\/product_tag?post=105668"}],"curies":[{"name":"wp","href":"https:\/\/api.w.org\/{rel}","templated":true}]}}