{"id":105694,"date":"2024-01-23T15:44:03","date_gmt":"2024-01-23T14:44:03","guid":{"rendered":"https:\/\/www.fabioferro.eu\/longines-legend-diver-automatikuhr-schwarz-milan-36-mm.html"},"modified":"2024-12-16T13:36:43","modified_gmt":"2024-12-16T12:36:43","slug":"longines-legend-diver-automatikuhr-schwarz-milan-36-mm","status":"publish","type":"product","link":"https:\/\/www.fabioferro.eu\/de\/longines-legend-diver-automatikuhr-schwarz-milan-36-mm.html","title":{"rendered":"Longines Legend Diver Automatikuhr schwarz Milan 36 mm"},"content":{"rendered":"<p>Longines Automatikuhr mit Stunden, Minuten, Sekunden und Datumsfunktion. Sie zeichnet sich durch ein mechanisches Uhrwerk mit Automatikaufzug und einer Frequenz von 25.200 Halbschwingungen pro Stunde aus; au\u00dferdem verf\u00fcgt sie \u00fcber eine Gangreserve von etwa 72 Stunden. Au\u00dferdem ist sie mit dem von Longines hergestellten Kaliber L888 ausgestattet. Das antimagnetische System ist nicht vorhanden.<\/p>\n<p>Die runde Form des Geh\u00e4uses wird durch die Verwendung von rostfreiem Stahl aufgewertet. Der Abstand zwischen den Anst\u00f6\u00dfen betr\u00e4gt 19 mm, w\u00e4hrend die Dicke 11,90 mm betr\u00e4gt. Die Wasserdichtigkeit ist bis zu 30 bar, d.h. 300 m, garantiert. Das Glas ist ein gew\u00f6lbtes, kratzfestes Saphirglas mit einer mehrschichtigen Antireflexionsbeschichtung auf der Innenseite. Au\u00dferdem gibt es einen verschraubten Geh\u00e4useboden und ein drehbares Innengeh\u00e4use aus dem S\u00fcden sowie eine verschraubte Krone. Der Geh\u00e4usedurchmesser betr\u00e4gt 36 mm und das Gesamtgewicht 98,9 g.<\/p>\n<p>Das Zifferblatt ist gl\u00e4nzend schwarz lackiert mit polierten silbernen Zeigern, der Stundenkreis mit arabischen Ziffern und gemalten Indexen pr\u00e4sentiert die exklusive Schweizer Super-LumiNova-Fluoreszenz-Technologie.<\/p>\n<p>Das Armband ist aus Edelstahl mit einer Dreifach-Sicherheitsfaltschlie\u00dfe und einem \u00d6ffnungsmechanismus mit Druckknopf.<\/p>\n<p>Die Uhr wird komplett mit offizieller Longines-Box und 5 Jahren Garantie geliefert.<\/p>\n","protected":false},"excerpt":{"rendered":"<p>Mit dieser Uhr m\u00f6chte Longines seine enge Verbundenheit mit der Welt des Sports und insbesondere mit dem Unterwassersport bekr\u00e4ftigen. Das Ergebnis ist eine raffinierte, leistungsstarke Uhr mit integrierter Hochtechnologie, in der die gesamte Erfahrung und Technologie der Marke Longines steckt.<\/p>\n","protected":false},"featured_media":105702,"comment_status":"open","ping_status":"closed","template":"","meta":[],"product_brand":[5391],"product_cat":[5966],"product_tag":[],"class_list":{"0":"post-105694","1":"product","2":"type-product","3":"status-publish","4":"has-post-thumbnail","6":"product_brand-longines","7":"product_cat-longines-damenuhren","8":"pa_collezione-longines-legend-taucheruhr","10":"first","11":"instock","12":"taxable","13":"shipping-taxable","14":"purchasable","15":"product-type-simple"},"exclude_global_add_ons":[],"addons":[],"df_price":2800,"df_sale_price":"","df_regular_price":2800,"df_image_link":"https:\/\/cdn02.fabioferro.eu\/wp-content\/uploads\/orologio-longines-legend-diver-36-mm-auto-maglia-milano-l3.374.4.50.6.jpg","_links":{"self":[{"href":"https:\/\/www.fabioferro.eu\/de\/wp-json\/wp\/v2\/product\/105694","targetHints":{"allow":["GET"]}}],"collection":[{"href":"https:\/\/www.fabioferro.eu\/de\/wp-json\/wp\/v2\/product"}],"about":[{"href":"https:\/\/www.fabioferro.eu\/de\/wp-json\/wp\/v2\/types\/product"}],"replies":[{"embeddable":true,"href":"https:\/\/www.fabioferro.eu\/de\/wp-json\/wp\/v2\/comments?post=105694"}],"version-history":[{"count":0,"href":"https:\/\/www.fabioferro.eu\/de\/wp-json\/wp\/v2\/product\/105694\/revisions"}],"wp:featuredmedia":[{"embeddable":true,"href":"https:\/\/www.fabioferro.eu\/de\/wp-json\/wp\/v2\/media\/105702"}],"wp:attachment":[{"href":"https:\/\/www.fabioferro.eu\/de\/wp-json\/wp\/v2\/media?parent=105694"}],"wp:term":[{"taxonomy":"product_brand","embeddable":true,"href":"https:\/\/www.fabioferro.eu\/de\/wp-json\/wp\/v2\/product_brand?post=105694"},{"taxonomy":"product_cat","embeddable":true,"href":"https:\/\/www.fabioferro.eu\/de\/wp-json\/wp\/v2\/product_cat?post=105694"},{"taxonomy":"product_tag","embeddable":true,"href":"https:\/\/www.fabioferro.eu\/de\/wp-json\/wp\/v2\/product_tag?post=105694"}],"curies":[{"name":"wp","href":"https:\/\/api.w.org\/{rel}","templated":true}]}}