{"id":105745,"date":"2023-12-13T19:09:49","date_gmt":"2023-12-13T18:09:49","guid":{"rendered":"https:\/\/www.fabioferro.eu\/uhr-festina-classic-schwarz-herren-stahl-40-mm.html"},"modified":"2024-08-08T08:54:38","modified_gmt":"2024-08-08T06:54:38","slug":"uhr-festina-classic-schwarz-herren-stahl-40-mm","status":"publish","type":"product","link":"https:\/\/www.fabioferro.eu\/de\/uhr-festina-classic-schwarz-herren-stahl-40-mm.html","title":{"rendered":"Uhr Festina Classic Schwarz Herren Stahl 40 mm"},"content":{"rendered":"<p>Uhr mit Miyota 2115 Quarzwerk. Geh\u00e4use aus Edelstahl, 40 mm Durchmesser, 9,8 mm dick. Schwarzes Zifferblatt mit silbernen Indizes und Logo bei 12 Uhr. Datum auf 3 Uhr. Wasserdicht bis zu 5 bar\/50 Meter. Edelstahlarmband mit Druckknopf\u00f6ffnung. Inklusive Verpackung und offizieller 2-Jahres-Garantie von Festina.<\/p>\n","protected":false},"excerpt":{"rendered":"<p>Eine Sportuhr, die in puncto Leistung und Zweckm\u00e4\u00dfigkeit un\u00fcbertroffen ist.<\/p>\n","protected":false},"featured_media":105766,"comment_status":"open","ping_status":"closed","template":"","meta":[],"product_brand":[171],"product_cat":[5998],"product_tag":[7442],"class_list":{"0":"post-105745","1":"product","2":"type-product","3":"status-publish","4":"has-post-thumbnail","6":"product_brand-festina","7":"product_cat-festina-herrenuhren","8":"product_tag-verfugbar","10":"first","11":"instock","12":"sale","13":"taxable","14":"shipping-taxable","15":"purchasable","16":"product-type-simple"},"exclude_global_add_ons":[],"addons":[],"df_price":79.2,"df_sale_price":79.2,"df_regular_price":99,"df_image_link":"https:\/\/cdn02.fabioferro.eu\/wp-content\/uploads\/orologio-festina-quarzo-nero-donna-f16376-4.jpg","_links":{"self":[{"href":"https:\/\/www.fabioferro.eu\/de\/wp-json\/wp\/v2\/product\/105745","targetHints":{"allow":["GET"]}}],"collection":[{"href":"https:\/\/www.fabioferro.eu\/de\/wp-json\/wp\/v2\/product"}],"about":[{"href":"https:\/\/www.fabioferro.eu\/de\/wp-json\/wp\/v2\/types\/product"}],"replies":[{"embeddable":true,"href":"https:\/\/www.fabioferro.eu\/de\/wp-json\/wp\/v2\/comments?post=105745"}],"version-history":[{"count":0,"href":"https:\/\/www.fabioferro.eu\/de\/wp-json\/wp\/v2\/product\/105745\/revisions"}],"wp:featuredmedia":[{"embeddable":true,"href":"https:\/\/www.fabioferro.eu\/de\/wp-json\/wp\/v2\/media\/105766"}],"wp:attachment":[{"href":"https:\/\/www.fabioferro.eu\/de\/wp-json\/wp\/v2\/media?parent=105745"}],"wp:term":[{"taxonomy":"product_brand","embeddable":true,"href":"https:\/\/www.fabioferro.eu\/de\/wp-json\/wp\/v2\/product_brand?post=105745"},{"taxonomy":"product_cat","embeddable":true,"href":"https:\/\/www.fabioferro.eu\/de\/wp-json\/wp\/v2\/product_cat?post=105745"},{"taxonomy":"product_tag","embeddable":true,"href":"https:\/\/www.fabioferro.eu\/de\/wp-json\/wp\/v2\/product_tag?post=105745"}],"curies":[{"name":"wp","href":"https:\/\/api.w.org\/{rel}","templated":true}]}}