{"id":105793,"date":"2023-12-13T19:06:06","date_gmt":"2023-12-13T18:06:06","guid":{"rendered":"https:\/\/www.fabioferro.eu\/festina-classic-silber-damenuhr-295-mm.html"},"modified":"2023-12-13T19:06:06","modified_gmt":"2023-12-13T18:06:06","slug":"festina-classic-silber-damenuhr-295-mm","status":"publish","type":"product","link":"https:\/\/www.fabioferro.eu\/de\/festina-classic-silber-damenuhr-295-mm.html","title":{"rendered":"Festina Classic Silber Damenuhr 29,5 mm"},"content":{"rendered":"<p>Uhr mit Miyota G100 Quarzwerk.<\/p>\n<p>Edelstahlgeh\u00e4use mit einem Durchmesser von 29,5 mm und einer Dicke von 8,95 mm.<\/p>\n<p>Silbernes Zifferblatt mit versilberten Stundenmarkierungen und Logo bei 12 Uhr. Tag und Datum auf 3 Uhr.<\/p>\n<p>Wasserdicht bis zu 10 bar\/100 Meter.<\/p>\n<p>Edelstahlarmband mit Druckknopf\u00f6ffnung.<\/p>\n<p>Inklusive Verpackung und offizieller 2-Jahres-Garantie von Festina.<\/p>\n","protected":false},"excerpt":{"rendered":"<p>Eine Sportuhr, die in puncto Leistung und Zweckm\u00e4\u00dfigkeit un\u00fcbertroffen ist.<\/p>\n","protected":false},"featured_media":105800,"comment_status":"open","ping_status":"closed","template":"","meta":[],"product_brand":[171],"product_cat":[5976],"product_tag":[],"class_list":{"0":"post-105793","1":"product","2":"type-product","3":"status-publish","4":"has-post-thumbnail","6":"product_brand-festina","7":"product_cat-festina-damenuhren","9":"first","10":"outofstock","11":"sale","12":"taxable","13":"shipping-taxable","14":"purchasable","15":"product-type-simple"},"exclude_global_add_ons":[],"addons":[],"df_price":71.2,"df_sale_price":71.2,"df_regular_price":89,"df_image_link":"https:\/\/cdn02.fabioferro.eu\/wp-content\/uploads\/orologio-festina-quarzo-donna-f20455-1.jpg","_links":{"self":[{"href":"https:\/\/www.fabioferro.eu\/de\/wp-json\/wp\/v2\/product\/105793","targetHints":{"allow":["GET"]}}],"collection":[{"href":"https:\/\/www.fabioferro.eu\/de\/wp-json\/wp\/v2\/product"}],"about":[{"href":"https:\/\/www.fabioferro.eu\/de\/wp-json\/wp\/v2\/types\/product"}],"replies":[{"embeddable":true,"href":"https:\/\/www.fabioferro.eu\/de\/wp-json\/wp\/v2\/comments?post=105793"}],"version-history":[{"count":0,"href":"https:\/\/www.fabioferro.eu\/de\/wp-json\/wp\/v2\/product\/105793\/revisions"}],"wp:featuredmedia":[{"embeddable":true,"href":"https:\/\/www.fabioferro.eu\/de\/wp-json\/wp\/v2\/media\/105800"}],"wp:attachment":[{"href":"https:\/\/www.fabioferro.eu\/de\/wp-json\/wp\/v2\/media?parent=105793"}],"wp:term":[{"taxonomy":"product_brand","embeddable":true,"href":"https:\/\/www.fabioferro.eu\/de\/wp-json\/wp\/v2\/product_brand?post=105793"},{"taxonomy":"product_cat","embeddable":true,"href":"https:\/\/www.fabioferro.eu\/de\/wp-json\/wp\/v2\/product_cat?post=105793"},{"taxonomy":"product_tag","embeddable":true,"href":"https:\/\/www.fabioferro.eu\/de\/wp-json\/wp\/v2\/product_tag?post=105793"}],"curies":[{"name":"wp","href":"https:\/\/api.w.org\/{rel}","templated":true}]}}