{"id":105795,"date":"2023-12-13T19:14:31","date_gmt":"2023-12-13T18:14:31","guid":{"rendered":"https:\/\/www.fabioferro.eu\/festina-classic-silber-damenuhr-31-mm.html"},"modified":"2024-10-12T10:31:30","modified_gmt":"2024-10-12T08:31:30","slug":"festina-classic-silber-damenuhr-31-mm","status":"publish","type":"product","link":"https:\/\/www.fabioferro.eu\/de\/festina-classic-silber-damenuhr-31-mm.html","title":{"rendered":"Festina Classic Silber Damenuhr 31 mm"},"content":{"rendered":"<p>Uhr mit Miyota 1|12 Quarzwerk.<\/p>\n<p>Geh\u00e4use aus Edelstahl, 31 mm Durchmesser, 7,3 mm dick.<\/p>\n<p>Wei\u00dfes Zifferblatt mit versilberten Stundenmarkierungen und Logo bei 12 Uhr. Datum auf 3 Uhr.<\/p>\n<p>Wasserdicht bis zu 5 bar\/50 Meter.<\/p>\n<p>Edelstahlarmband mit Druckknopf\u00f6ffnung.<\/p>\n<p>Inklusive Verpackung und offizieller 2-Jahres-Garantie von Festina.<\/p>\n","protected":false},"excerpt":{"rendered":"<p>Eine Sportuhr, die in puncto Leistung und Zweckm\u00e4\u00dfigkeit un\u00fcbertroffen ist.<\/p>\n","protected":false},"featured_media":105810,"comment_status":"open","ping_status":"closed","template":"","meta":[],"product_brand":[171],"product_cat":[5976],"product_tag":[7442],"class_list":{"0":"post-105795","1":"product","2":"type-product","3":"status-publish","4":"has-post-thumbnail","6":"product_brand-festina","7":"product_cat-festina-damenuhren","8":"product_tag-verfugbar","10":"first","11":"instock","12":"sale","13":"taxable","14":"shipping-taxable","15":"purchasable","16":"product-type-simple"},"exclude_global_add_ons":[],"addons":[],"df_price":71.2,"df_sale_price":71.2,"df_regular_price":89,"df_image_link":"https:\/\/cdn02.fabioferro.eu\/wp-content\/uploads\/orologio-festina-quarzo-donna-bianco-acciaio-f16375-9.jpg","_links":{"self":[{"href":"https:\/\/www.fabioferro.eu\/de\/wp-json\/wp\/v2\/product\/105795","targetHints":{"allow":["GET"]}}],"collection":[{"href":"https:\/\/www.fabioferro.eu\/de\/wp-json\/wp\/v2\/product"}],"about":[{"href":"https:\/\/www.fabioferro.eu\/de\/wp-json\/wp\/v2\/types\/product"}],"replies":[{"embeddable":true,"href":"https:\/\/www.fabioferro.eu\/de\/wp-json\/wp\/v2\/comments?post=105795"}],"version-history":[{"count":0,"href":"https:\/\/www.fabioferro.eu\/de\/wp-json\/wp\/v2\/product\/105795\/revisions"}],"wp:featuredmedia":[{"embeddable":true,"href":"https:\/\/www.fabioferro.eu\/de\/wp-json\/wp\/v2\/media\/105810"}],"wp:attachment":[{"href":"https:\/\/www.fabioferro.eu\/de\/wp-json\/wp\/v2\/media?parent=105795"}],"wp:term":[{"taxonomy":"product_brand","embeddable":true,"href":"https:\/\/www.fabioferro.eu\/de\/wp-json\/wp\/v2\/product_brand?post=105795"},{"taxonomy":"product_cat","embeddable":true,"href":"https:\/\/www.fabioferro.eu\/de\/wp-json\/wp\/v2\/product_cat?post=105795"},{"taxonomy":"product_tag","embeddable":true,"href":"https:\/\/www.fabioferro.eu\/de\/wp-json\/wp\/v2\/product_tag?post=105795"}],"curies":[{"name":"wp","href":"https:\/\/api.w.org\/{rel}","templated":true}]}}