{"id":105796,"date":"2023-12-09T12:04:18","date_gmt":"2023-12-09T11:04:18","guid":{"rendered":"https:\/\/www.fabioferro.eu\/giovanni-raspini-suedsee-ohrringe.html"},"modified":"2025-03-11T18:31:12","modified_gmt":"2025-03-11T17:31:12","slug":"giovanni-raspini-suedsee-ohrringe","status":"publish","type":"product","link":"https:\/\/www.fabioferro.eu\/de\/giovanni-raspini-suedsee-ohrringe.html","title":{"rendered":"Giovanni Raspini S\u00fcdsee-Ohrringe"},"content":{"rendered":"<p>Paar Ohrringe aus Sterlingsilber mit nat\u00fcrlichen Perlen.<\/p>\n<p>Jeder Ohrring wiegt 10 g.<\/p>\n<p>Die L\u00e4nge betr\u00e4gt 3,2 cm.<\/p>\n<p>Verschluss mit klassischem Schmetterling.<\/p>\n<p>Hergestellt in Italien.<\/p>\n<p>Mit Verpackung und offizieller Giovanni Raspini Garantie.<\/p>\n","protected":false},"excerpt":{"rendered":"<p>Die reine Sch\u00f6nheit der nat\u00fcrlichen Perlen, die an die Sch\u00f6nheit der Meereswelt erinnert.<\/p>\n","protected":false},"featured_media":105814,"comment_status":"open","ping_status":"closed","template":"","meta":[],"product_brand":[155],"product_cat":[7570],"product_tag":[],"class_list":{"0":"post-105796","1":"product","2":"type-product","3":"status-publish","4":"has-post-thumbnail","6":"product_brand-raspini","7":"product_cat-giovanni-raspini-ohrringe","9":"first","10":"instock","11":"sale","12":"taxable","13":"shipping-taxable","14":"purchasable","15":"product-type-simple"},"exclude_global_add_ons":[],"addons":[],"df_price":265.5,"df_sale_price":265.5,"df_regular_price":295,"df_image_link":"https:\/\/cdn02.fabioferro.eu\/wp-content\/uploads\/orecchini-giovanni-raspini-mari-del-sud-10232.jpg","_links":{"self":[{"href":"https:\/\/www.fabioferro.eu\/de\/wp-json\/wp\/v2\/product\/105796","targetHints":{"allow":["GET"]}}],"collection":[{"href":"https:\/\/www.fabioferro.eu\/de\/wp-json\/wp\/v2\/product"}],"about":[{"href":"https:\/\/www.fabioferro.eu\/de\/wp-json\/wp\/v2\/types\/product"}],"replies":[{"embeddable":true,"href":"https:\/\/www.fabioferro.eu\/de\/wp-json\/wp\/v2\/comments?post=105796"}],"version-history":[{"count":0,"href":"https:\/\/www.fabioferro.eu\/de\/wp-json\/wp\/v2\/product\/105796\/revisions"}],"wp:featuredmedia":[{"embeddable":true,"href":"https:\/\/www.fabioferro.eu\/de\/wp-json\/wp\/v2\/media\/105814"}],"wp:attachment":[{"href":"https:\/\/www.fabioferro.eu\/de\/wp-json\/wp\/v2\/media?parent=105796"}],"wp:term":[{"taxonomy":"product_brand","embeddable":true,"href":"https:\/\/www.fabioferro.eu\/de\/wp-json\/wp\/v2\/product_brand?post=105796"},{"taxonomy":"product_cat","embeddable":true,"href":"https:\/\/www.fabioferro.eu\/de\/wp-json\/wp\/v2\/product_cat?post=105796"},{"taxonomy":"product_tag","embeddable":true,"href":"https:\/\/www.fabioferro.eu\/de\/wp-json\/wp\/v2\/product_tag?post=105796"}],"curies":[{"name":"wp","href":"https:\/\/api.w.org\/{rel}","templated":true}]}}