{"id":105806,"date":"2023-12-13T17:12:46","date_gmt":"2023-12-13T16:12:46","guid":{"rendered":"https:\/\/www.fabioferro.eu\/festina-classic-white-herrenuhr-stahl-393-mm.html"},"modified":"2023-12-13T17:12:46","modified_gmt":"2023-12-13T16:12:46","slug":"festina-classic-white-herrenuhr-stahl-393-mm","status":"publish","type":"product","link":"https:\/\/www.fabioferro.eu\/de\/festina-classic-white-herrenuhr-stahl-393-mm.html","title":{"rendered":"Festina Classic White Herrenuhr Stahl 39,3 mm"},"content":{"rendered":"<p>Uhr mit Miyota GM15 Quarzwerk.<\/p>\n<p>Geh\u00e4use aus Edelstahl mit einem Durchmesser von 39,3 mm und einer Dicke von 8,25 mm.<\/p>\n<p>Silbernes Zifferblatt mit schwarzen Indizes und Logo bei 12 Uhr. Datum auf 3 Uhr.<\/p>\n<p>Wasserdicht bis zu 5 bar\/50 Meter.<\/p>\n<p>Edelstahlarmband mit Druckknopf\u00f6ffnung.<\/p>\n<p>Inklusive Verpackung und offizieller 2-Jahres-Garantie von Festina.<\/p>\n","protected":false},"excerpt":{"rendered":"<p>Eine Sportuhr, die in puncto Leistung und Zweckm\u00e4\u00dfigkeit un\u00fcbertroffen ist.<\/p>\n","protected":false},"featured_media":105809,"comment_status":"open","ping_status":"closed","template":"","meta":[],"product_brand":[171],"product_cat":[5998],"product_tag":[7442],"class_list":{"0":"post-105806","1":"product","2":"type-product","3":"status-publish","4":"has-post-thumbnail","6":"product_brand-festina","7":"product_cat-festina-herrenuhren","8":"product_tag-verfugbar","10":"first","11":"instock","12":"sale","13":"taxable","14":"shipping-taxable","15":"purchasable","16":"product-type-simple"},"exclude_global_add_ons":[],"addons":[],"df_price":63.2,"df_sale_price":63.2,"df_regular_price":79,"df_image_link":"https:\/\/cdn02.fabioferro.eu\/wp-content\/uploads\/orologio-festina-quarzo-bianco-acciaion-f20511-1.jpg","_links":{"self":[{"href":"https:\/\/www.fabioferro.eu\/de\/wp-json\/wp\/v2\/product\/105806","targetHints":{"allow":["GET"]}}],"collection":[{"href":"https:\/\/www.fabioferro.eu\/de\/wp-json\/wp\/v2\/product"}],"about":[{"href":"https:\/\/www.fabioferro.eu\/de\/wp-json\/wp\/v2\/types\/product"}],"replies":[{"embeddable":true,"href":"https:\/\/www.fabioferro.eu\/de\/wp-json\/wp\/v2\/comments?post=105806"}],"version-history":[{"count":0,"href":"https:\/\/www.fabioferro.eu\/de\/wp-json\/wp\/v2\/product\/105806\/revisions"}],"wp:featuredmedia":[{"embeddable":true,"href":"https:\/\/www.fabioferro.eu\/de\/wp-json\/wp\/v2\/media\/105809"}],"wp:attachment":[{"href":"https:\/\/www.fabioferro.eu\/de\/wp-json\/wp\/v2\/media?parent=105806"}],"wp:term":[{"taxonomy":"product_brand","embeddable":true,"href":"https:\/\/www.fabioferro.eu\/de\/wp-json\/wp\/v2\/product_brand?post=105806"},{"taxonomy":"product_cat","embeddable":true,"href":"https:\/\/www.fabioferro.eu\/de\/wp-json\/wp\/v2\/product_cat?post=105806"},{"taxonomy":"product_tag","embeddable":true,"href":"https:\/\/www.fabioferro.eu\/de\/wp-json\/wp\/v2\/product_tag?post=105806"}],"curies":[{"name":"wp","href":"https:\/\/api.w.org\/{rel}","templated":true}]}}