{"id":105818,"date":"2023-12-13T16:41:06","date_gmt":"2023-12-13T15:41:06","guid":{"rendered":"https:\/\/www.fabioferro.eu\/festina-zeitloser-chronograph-blau-415-mm-uhr.html"},"modified":"2025-06-06T15:49:13","modified_gmt":"2025-06-06T13:49:13","slug":"festina-zeitloser-chronograph-blau-415-mm-uhr","status":"publish","type":"product","link":"https:\/\/www.fabioferro.eu\/de\/festina-zeitloser-chronograph-blau-415-mm-uhr.html","title":{"rendered":"Festina Zeitloser Chronograph Blau 41,5 mm Uhr"},"content":{"rendered":"<p>Uhr mit Miyota JS10 Quarzwerk.<\/p>\n<p>Geh\u00e4use aus rostfreiem Stahl, Durchmesser 41,5 mm, Dicke 10,4 mm.<\/p>\n<p>Blaues Zifferblatt mit vergoldeten Indizes und Logo bei 3 Uhr. Tricompax f\u00fcr die Verwaltung von Sekunden, Minuten und Stunden.<\/p>\n<p>Wasserdicht bis zu 5 bar\/50 Meter.<\/p>\n<p>Edelstahlarmband mit Doppeldruckknopf und Faltschlie\u00dfe.<\/p>\n<p>Inklusive Verpackung und offizieller 2-Jahres-Garantie von Festina.<\/p>\n","protected":false},"excerpt":{"rendered":"<p>Eine Sportuhr, die in puncto Leistung und Zweckm\u00e4\u00dfigkeit un\u00fcbertroffen ist.<\/p>\n","protected":false},"featured_media":105808,"comment_status":"open","ping_status":"closed","template":"","meta":[],"product_brand":[171],"product_cat":[5998],"product_tag":[7442],"class_list":{"0":"post-105818","1":"product","2":"type-product","3":"status-publish","4":"has-post-thumbnail","6":"product_brand-festina","7":"product_cat-festina-herrenuhren","8":"product_tag-verfugbar","10":"first","11":"instock","12":"sale","13":"taxable","14":"shipping-taxable","15":"purchasable","16":"product-type-simple"},"exclude_global_add_ons":[],"addons":[],"df_price":119.2,"df_sale_price":119.2,"df_regular_price":149,"df_image_link":"https:\/\/cdn02.fabioferro.eu\/wp-content\/uploads\/orologio-festina-blu-acciaio-oro-f20285-3.jpg","_links":{"self":[{"href":"https:\/\/www.fabioferro.eu\/de\/wp-json\/wp\/v2\/product\/105818","targetHints":{"allow":["GET"]}}],"collection":[{"href":"https:\/\/www.fabioferro.eu\/de\/wp-json\/wp\/v2\/product"}],"about":[{"href":"https:\/\/www.fabioferro.eu\/de\/wp-json\/wp\/v2\/types\/product"}],"replies":[{"embeddable":true,"href":"https:\/\/www.fabioferro.eu\/de\/wp-json\/wp\/v2\/comments?post=105818"}],"version-history":[{"count":0,"href":"https:\/\/www.fabioferro.eu\/de\/wp-json\/wp\/v2\/product\/105818\/revisions"}],"wp:featuredmedia":[{"embeddable":true,"href":"https:\/\/www.fabioferro.eu\/de\/wp-json\/wp\/v2\/media\/105808"}],"wp:attachment":[{"href":"https:\/\/www.fabioferro.eu\/de\/wp-json\/wp\/v2\/media?parent=105818"}],"wp:term":[{"taxonomy":"product_brand","embeddable":true,"href":"https:\/\/www.fabioferro.eu\/de\/wp-json\/wp\/v2\/product_brand?post=105818"},{"taxonomy":"product_cat","embeddable":true,"href":"https:\/\/www.fabioferro.eu\/de\/wp-json\/wp\/v2\/product_cat?post=105818"},{"taxonomy":"product_tag","embeddable":true,"href":"https:\/\/www.fabioferro.eu\/de\/wp-json\/wp\/v2\/product_tag?post=105818"}],"curies":[{"name":"wp","href":"https:\/\/api.w.org\/{rel}","templated":true}]}}