{"id":105938,"date":"2023-11-28T18:26:09","date_gmt":"2023-11-28T17:26:09","guid":{"rendered":"https:\/\/www.fabioferro.eu\/fabio-ferro-tansanit-ring-aus-weissgold-mit-diamanten.html"},"modified":"2024-10-30T09:45:41","modified_gmt":"2024-10-30T08:45:41","slug":"fabio-ferro-tansanit-ring-aus-weissgold-mit-diamanten","status":"publish","type":"product","link":"https:\/\/www.fabioferro.eu\/de\/fabio-ferro-tansanit-ring-aus-weissgold-mit-diamanten.html","title":{"rendered":"Fabio Ferro Tansanit-Ring aus Wei\u00dfgold mit Diamanten"},"content":{"rendered":"<p>In unserer Goldschmiedewerkstatt handgefertigter Ring, vollst\u00e4ndig in Italien hergestellt.<\/p>\n<p>Er ist in der Mitte mit einem atemberaubenden nat\u00fcrlichen Tansanit im Brillantschliff in spektakul\u00e4ren Farben von Blau, Violett und Amethyst besetzt. Sein Gewicht betr\u00e4gt 1,36 Karat.<\/p>\n<p>Der Edelstein wird von Diamanten im Brillantschliff begleitet, die in der Fassung bis zur Mitte des Schafts verlaufen und den Stein oben umschlie\u00dfen. Der Gesamtkarat der Diamanten betr\u00e4gt 0,52 Karat, Farbe F und Reinheit VS1.<\/p>\n<p>Spezielle, handgefertigte Fassungen versch\u00f6nern das Schmuckst\u00fcck und gew\u00e4hrleisten den Lichtdurchlass f\u00fcr die gefassten Steine.<\/p>\n<p>Jeder Stein wird von einem erfahrenen Fasser von Hand gefasst.<\/p>\n<p>Das Gesamtgewicht des Rings betr\u00e4gt 4,45 g.<\/p>\n<p>Bitte verlassen Sie sich auf die Beschreibung f\u00fcr die tats\u00e4chlichen Eigenschaften des Juwels, das Foto ist nur zu Demonstrationszwecken.<\/p>\n<p>Begleitet von einer eleganten Geschenkbox und einer von Fabio Ferro I Gioielli unterzeichneten Qualit\u00e4tsgarantie.<\/p>\n<p><img decoding=\"async\" class=\"alignnone size-full wp-image-68675\" src=\"https:\/\/cdn02.fabioferro.eu\/wp-content\/uploads\/IGI-4cs-chart-IT-scaled.jpg\" alt=\"\" width=\"1864\" height=\"2560\" title=\"\" srcset=\"https:\/\/cdn02.fabioferro.eu\/wp-content\/uploads\/IGI-4cs-chart-IT-scaled.jpg 1864w, https:\/\/cdn02.fabioferro.eu\/wp-content\/uploads\/IGI-4cs-chart-IT-768x1055.jpg 768w, https:\/\/cdn02.fabioferro.eu\/wp-content\/uploads\/IGI-4cs-chart-IT-1119x1536.jpg 1119w, https:\/\/cdn02.fabioferro.eu\/wp-content\/uploads\/IGI-4cs-chart-IT-1491x2048.jpg 1491w, https:\/\/cdn02.fabioferro.eu\/wp-content\/uploads\/IGI-4cs-chart-IT-990x1359.jpg 990w, https:\/\/cdn02.fabioferro.eu\/wp-content\/uploads\/IGI-4cs-chart-IT-441x606.jpg 441w, https:\/\/cdn02.fabioferro.eu\/wp-content\/uploads\/IGI-4cs-chart-IT-600x824.jpg 600w, https:\/\/cdn02.fabioferro.eu\/wp-content\/uploads\/IGI-4cs-chart-IT-150x206.jpg 150w\" sizes=\"(max-width: 1864px) 100vw, 1864px\" \/><\/p>\n","protected":false},"excerpt":{"rendered":"<p>Die Sch\u00f6nheit der nat\u00fcrlichen Farben auf einem Schmuckst\u00fcck ist unvergleichlich, besonders wenn es sich um einen blauen Tansanit handelt.<\/p>\n","protected":false},"featured_media":105954,"comment_status":"open","ping_status":"closed","template":"","meta":[],"product_brand":[152],"product_cat":[5934],"product_tag":[],"class_list":{"0":"post-105938","1":"product","2":"type-product","3":"status-publish","4":"has-post-thumbnail","6":"product_brand-fabio-ferro-i-gioielli","7":"product_cat-ringe","9":"first","10":"instock","11":"sale","12":"taxable","13":"shipping-taxable","14":"purchasable","15":"product-type-variable","16":"has-default-attributes"},"exclude_global_add_ons":[],"addons":[],"df_price":2696,"df_sale_price":"","df_regular_price":2696,"df_image_link":"https:\/\/cdn02.fabioferro.eu\/wp-content\/uploads\/anello-fabio-ferro-in-oro-bianco-tanzanite-ff1278.jpg","_links":{"self":[{"href":"https:\/\/www.fabioferro.eu\/de\/wp-json\/wp\/v2\/product\/105938","targetHints":{"allow":["GET"]}}],"collection":[{"href":"https:\/\/www.fabioferro.eu\/de\/wp-json\/wp\/v2\/product"}],"about":[{"href":"https:\/\/www.fabioferro.eu\/de\/wp-json\/wp\/v2\/types\/product"}],"replies":[{"embeddable":true,"href":"https:\/\/www.fabioferro.eu\/de\/wp-json\/wp\/v2\/comments?post=105938"}],"version-history":[{"count":0,"href":"https:\/\/www.fabioferro.eu\/de\/wp-json\/wp\/v2\/product\/105938\/revisions"}],"wp:featuredmedia":[{"embeddable":true,"href":"https:\/\/www.fabioferro.eu\/de\/wp-json\/wp\/v2\/media\/105954"}],"wp:attachment":[{"href":"https:\/\/www.fabioferro.eu\/de\/wp-json\/wp\/v2\/media?parent=105938"}],"wp:term":[{"taxonomy":"product_brand","embeddable":true,"href":"https:\/\/www.fabioferro.eu\/de\/wp-json\/wp\/v2\/product_brand?post=105938"},{"taxonomy":"product_cat","embeddable":true,"href":"https:\/\/www.fabioferro.eu\/de\/wp-json\/wp\/v2\/product_cat?post=105938"},{"taxonomy":"product_tag","embeddable":true,"href":"https:\/\/www.fabioferro.eu\/de\/wp-json\/wp\/v2\/product_tag?post=105938"}],"curies":[{"name":"wp","href":"https:\/\/api.w.org\/{rel}","templated":true}]}}