{"id":105968,"date":"2023-11-24T18:01:15","date_gmt":"2023-11-24T17:01:15","guid":{"rendered":"https:\/\/www.fabioferro.eu\/giovanni-raspini-super-bowl-ohrringe.html"},"modified":"2025-03-11T18:30:52","modified_gmt":"2025-03-11T17:30:52","slug":"giovanni-raspini-super-bowl-ohrringe","status":"publish","type":"product","link":"https:\/\/www.fabioferro.eu\/de\/giovanni-raspini-super-bowl-ohrringe.html","title":{"rendered":"Giovanni Raspini Super Bowl-Ohrringe"},"content":{"rendered":"<p>Paar Ohrringe, handgefertigt in Italien.<\/p>\n<p>Komplett aus geh\u00e4mmertem 925er Sterlingsilber.<\/p>\n<p>Jeder Ohrring wiegt 2 g.<\/p>\n<p>Der Durchmesser betr\u00e4gt 1,5 cm.<\/p>\n<p>Verschluss mit praktischem Schmetterling auf der R\u00fcckseite.<\/p>\n<p>Mit Verpackung und offizieller Giovanni Raspini Garantie.<\/p>\n","protected":false},"excerpt":{"rendered":"<p>Wie von Zauberhand laufen Lichtreflexe \u00fcber die gl\u00e4nzende Oberfl\u00e4che dieser Ohrringe.<\/p>\n","protected":false},"featured_media":106003,"comment_status":"open","ping_status":"closed","template":"","meta":[],"product_brand":[],"product_cat":[7570],"product_tag":[7442],"class_list":{"0":"post-105968","1":"product","2":"type-product","3":"status-publish","4":"has-post-thumbnail","6":"product_cat-giovanni-raspini-ohrringe","7":"product_tag-verfugbar","9":"first","10":"outofstock","11":"sale","12":"taxable","13":"shipping-taxable","14":"purchasable","15":"product-type-simple"},"exclude_global_add_ons":[],"addons":[],"df_price":126,"df_sale_price":126,"df_regular_price":140,"df_image_link":"https:\/\/cdn02.fabioferro.eu\/wp-content\/uploads\/orecchini-giovanni-raspini-super-bowl-10584.jpg","_links":{"self":[{"href":"https:\/\/www.fabioferro.eu\/de\/wp-json\/wp\/v2\/product\/105968","targetHints":{"allow":["GET"]}}],"collection":[{"href":"https:\/\/www.fabioferro.eu\/de\/wp-json\/wp\/v2\/product"}],"about":[{"href":"https:\/\/www.fabioferro.eu\/de\/wp-json\/wp\/v2\/types\/product"}],"replies":[{"embeddable":true,"href":"https:\/\/www.fabioferro.eu\/de\/wp-json\/wp\/v2\/comments?post=105968"}],"version-history":[{"count":0,"href":"https:\/\/www.fabioferro.eu\/de\/wp-json\/wp\/v2\/product\/105968\/revisions"}],"wp:featuredmedia":[{"embeddable":true,"href":"https:\/\/www.fabioferro.eu\/de\/wp-json\/wp\/v2\/media\/106003"}],"wp:attachment":[{"href":"https:\/\/www.fabioferro.eu\/de\/wp-json\/wp\/v2\/media?parent=105968"}],"wp:term":[{"taxonomy":"product_brand","embeddable":true,"href":"https:\/\/www.fabioferro.eu\/de\/wp-json\/wp\/v2\/product_brand?post=105968"},{"taxonomy":"product_cat","embeddable":true,"href":"https:\/\/www.fabioferro.eu\/de\/wp-json\/wp\/v2\/product_cat?post=105968"},{"taxonomy":"product_tag","embeddable":true,"href":"https:\/\/www.fabioferro.eu\/de\/wp-json\/wp\/v2\/product_tag?post=105968"}],"curies":[{"name":"wp","href":"https:\/\/api.w.org\/{rel}","templated":true}]}}