{"id":106042,"date":"2023-11-25T10:54:42","date_gmt":"2023-11-25T09:54:42","guid":{"rendered":"https:\/\/www.fabioferro.eu\/fabio-ferro-kreuz-halskette-aus-weissgold-mit-diamanten.html"},"modified":"2023-11-25T10:54:42","modified_gmt":"2023-11-25T09:54:42","slug":"fabio-ferro-kreuz-halskette-aus-weissgold-mit-diamanten","status":"publish","type":"product","link":"https:\/\/www.fabioferro.eu\/de\/fabio-ferro-kreuz-halskette-aus-weissgold-mit-diamanten.html","title":{"rendered":"Fabio Ferro Kreuz-Halskette aus Wei\u00dfgold mit Diamanten"},"content":{"rendered":"<p>Halskette aus 18 Karat Wei\u00dfgold, in unserer Goldschmiedewerkstatt vollst\u00e4ndig von Hand gefertigt. Hergestellt in Italien.<\/p>\n<p>Das Kreuz ist dank der Stifte, die es erm\u00f6glichen, sich beim Tragen zu bewegen, gelenkig.<\/p>\n<p>Die Schlaufe, durch die er gleitet, ist durch und l\u00e4sst ihn ganz durchgleiten.<\/p>\n<p>Die venezianische Halskette ist 45 cm lang und kann auch auf 42 cm gek\u00fcrzt werden. Verschluss mit praktischem Karabinerhaken.<\/p>\n<p>Sie sind mit 0,70 Karat Diamanten besetzt, die die Farbe F und die Reinheit VS1 aufweisen.<\/p>\n<p>Der Anh\u00e4nger misst 44 mm in der L\u00e4nge und 30 mm in der Breite.<\/p>\n<p>Zusammen mit einer speziellen Verpackung und einer von Fabio Ferro I Gioielli unterzeichneten Qualit\u00e4ts- und Echtheitsgarantie.<\/p>\n<p><img decoding=\"async\" class=\"alignnone size-full wp-image-68675\" src=\"https:\/\/cdn02.fabioferro.eu\/wp-content\/uploads\/IGI-4cs-chart-IT-scaled.jpg\" alt=\"\" width=\"1864\" height=\"2560\" title=\"\" srcset=\"https:\/\/cdn02.fabioferro.eu\/wp-content\/uploads\/IGI-4cs-chart-IT-scaled.jpg 1864w, https:\/\/cdn02.fabioferro.eu\/wp-content\/uploads\/IGI-4cs-chart-IT-768x1055.jpg 768w, https:\/\/cdn02.fabioferro.eu\/wp-content\/uploads\/IGI-4cs-chart-IT-1119x1536.jpg 1119w, https:\/\/cdn02.fabioferro.eu\/wp-content\/uploads\/IGI-4cs-chart-IT-1491x2048.jpg 1491w, https:\/\/cdn02.fabioferro.eu\/wp-content\/uploads\/IGI-4cs-chart-IT-990x1359.jpg 990w, https:\/\/cdn02.fabioferro.eu\/wp-content\/uploads\/IGI-4cs-chart-IT-441x606.jpg 441w, https:\/\/cdn02.fabioferro.eu\/wp-content\/uploads\/IGI-4cs-chart-IT-600x824.jpg 600w, https:\/\/cdn02.fabioferro.eu\/wp-content\/uploads\/IGI-4cs-chart-IT-150x206.jpg 150w\" sizes=\"(max-width: 1864px) 100vw, 1864px\" \/><\/p>\n","protected":false},"excerpt":{"rendered":"<p>Ein Schmuckst\u00fcck, das beim Tragen dank seiner zarten und sehr eleganten Bewegungen zum Leben erwacht.<\/p>\n","protected":false},"featured_media":106069,"comment_status":"open","ping_status":"closed","template":"","meta":[],"product_brand":[152],"product_cat":[6015],"product_tag":[7442],"class_list":{"0":"post-106042","1":"product","2":"type-product","3":"status-publish","4":"has-post-thumbnail","6":"product_brand-fabio-ferro-i-gioielli","7":"product_cat-halsketten","8":"product_tag-verfugbar","10":"first","11":"instock","12":"sale","13":"taxable","14":"shipping-taxable","15":"purchasable","16":"product-type-simple"},"exclude_global_add_ons":[],"addons":[],"df_price":2848,"df_sale_price":2848,"df_regular_price":3560,"df_image_link":"https:\/\/cdn02.fabioferro.eu\/wp-content\/uploads\/collana-fabio-ferro-croce-snodata-in-oro-bianco-con-diamanti-ff1271.jpg","_links":{"self":[{"href":"https:\/\/www.fabioferro.eu\/de\/wp-json\/wp\/v2\/product\/106042","targetHints":{"allow":["GET"]}}],"collection":[{"href":"https:\/\/www.fabioferro.eu\/de\/wp-json\/wp\/v2\/product"}],"about":[{"href":"https:\/\/www.fabioferro.eu\/de\/wp-json\/wp\/v2\/types\/product"}],"replies":[{"embeddable":true,"href":"https:\/\/www.fabioferro.eu\/de\/wp-json\/wp\/v2\/comments?post=106042"}],"version-history":[{"count":0,"href":"https:\/\/www.fabioferro.eu\/de\/wp-json\/wp\/v2\/product\/106042\/revisions"}],"wp:featuredmedia":[{"embeddable":true,"href":"https:\/\/www.fabioferro.eu\/de\/wp-json\/wp\/v2\/media\/106069"}],"wp:attachment":[{"href":"https:\/\/www.fabioferro.eu\/de\/wp-json\/wp\/v2\/media?parent=106042"}],"wp:term":[{"taxonomy":"product_brand","embeddable":true,"href":"https:\/\/www.fabioferro.eu\/de\/wp-json\/wp\/v2\/product_brand?post=106042"},{"taxonomy":"product_cat","embeddable":true,"href":"https:\/\/www.fabioferro.eu\/de\/wp-json\/wp\/v2\/product_cat?post=106042"},{"taxonomy":"product_tag","embeddable":true,"href":"https:\/\/www.fabioferro.eu\/de\/wp-json\/wp\/v2\/product_tag?post=106042"}],"curies":[{"name":"wp","href":"https:\/\/api.w.org\/{rel}","templated":true}]}}