{"id":106078,"date":"2023-11-21T09:51:06","date_gmt":"2023-11-21T08:51:06","guid":{"rendered":"https:\/\/www.fabioferro.eu\/longines-legend-diver-schwarzes-leder-automatik-39-mm-uhr.html"},"modified":"2025-06-06T16:13:45","modified_gmt":"2025-06-06T14:13:45","slug":"longines-legend-diver-schwarzes-leder-automatik-39-mm-uhr","status":"publish","type":"product","link":"https:\/\/www.fabioferro.eu\/de\/longines-legend-diver-schwarzes-leder-automatik-39-mm-uhr.html","title":{"rendered":"Longines Legend Diver Schwarzes Leder Automatik 39 mm Uhr"},"content":{"rendered":"<p>Uhr mit mechanischem Automatikwerk, Kaliber L888 mit 25.200 Halbschwingungen und 72 Stunden Gangreserve. Monokristalline Siliziumwaage, resistent gegen magnetische Wellen und St\u00f6\u00dfe.<\/p>\n<p>COSC-zertifizierter Chronometer.<\/p>\n<p>Die runde Form des Geh\u00e4uses wird durch die Verwendung von rostfreiem Stahl aufgewertet. Der Abstand zwischen den Anst\u00f6\u00dfen betr\u00e4gt 20 mm, w\u00e4hrend die Dicke 12,70 mm betr\u00e4gt. Die Wasserdichtigkeit ist bis zu 30 bar, d.h. 300 m, garantiert. Das Glas ist ein gew\u00f6lbtes, kratzfestes Saphirglas mit einer mehrschichtigen Antireflexionsbeschichtung auf der Innenseite. Au\u00dferdem gibt es einen verschraubten Geh\u00e4useboden und ein drehbares Innengeh\u00e4use aus dem S\u00fcden sowie eine verschraubte Krone. Der Geh\u00e4usedurchmesser betr\u00e4gt 39 mm und das Gesamtgewicht 78,7 g.<\/p>\n<p>Das Zifferblatt ist gl\u00e4nzend schwarz lackiert, die Zeiger sind poliert und versilbert, der Stundenkreis ist mit arabischen Ziffern und gemalten Indexen mit der exklusiven Schweizer Super-LumiNova-Fluoreszenztechnologie versehen.<\/p>\n<p>Das braune Kalbslederarmband ist handgefertigt und mit einer offiziellen Longines-Schlie\u00dfe versehen.<\/p>\n<p>Die Uhr wird komplett mit offizieller Longines-Box und 5 Jahren Garantie geliefert.<\/p>\n","protected":false},"excerpt":{"rendered":"<p>Diese Longines Legend Diver ist dem Modell von 1959 sehr treu und repr\u00e4sentiert die Technik und Sch\u00f6nheit der Schweizer Taucheruhren.<\/p>\n","protected":false},"featured_media":106029,"comment_status":"open","ping_status":"closed","template":"","meta":[],"product_brand":[5391],"product_cat":[5966,5953],"product_tag":[7442],"class_list":{"0":"post-106078","1":"product","2":"type-product","3":"status-publish","4":"has-post-thumbnail","6":"product_brand-longines","7":"product_cat-longines-damenuhren","8":"product_cat-longines-herrenuhren","9":"product_tag-verfugbar","10":"pa_collezione-longines-legend-taucheruhr","12":"first","13":"instock","14":"taxable","15":"shipping-taxable","16":"purchasable","17":"product-type-simple"},"exclude_global_add_ons":[],"addons":[],"df_price":3450,"df_sale_price":"","df_regular_price":3450,"df_image_link":"https:\/\/cdn02.fabioferro.eu\/wp-content\/uploads\/orologio-longines-legend-diver-automatico-pelle-acciaio-l3.764.4.50.0.jpg","_links":{"self":[{"href":"https:\/\/www.fabioferro.eu\/de\/wp-json\/wp\/v2\/product\/106078","targetHints":{"allow":["GET"]}}],"collection":[{"href":"https:\/\/www.fabioferro.eu\/de\/wp-json\/wp\/v2\/product"}],"about":[{"href":"https:\/\/www.fabioferro.eu\/de\/wp-json\/wp\/v2\/types\/product"}],"replies":[{"embeddable":true,"href":"https:\/\/www.fabioferro.eu\/de\/wp-json\/wp\/v2\/comments?post=106078"}],"version-history":[{"count":0,"href":"https:\/\/www.fabioferro.eu\/de\/wp-json\/wp\/v2\/product\/106078\/revisions"}],"wp:featuredmedia":[{"embeddable":true,"href":"https:\/\/www.fabioferro.eu\/de\/wp-json\/wp\/v2\/media\/106029"}],"wp:attachment":[{"href":"https:\/\/www.fabioferro.eu\/de\/wp-json\/wp\/v2\/media?parent=106078"}],"wp:term":[{"taxonomy":"product_brand","embeddable":true,"href":"https:\/\/www.fabioferro.eu\/de\/wp-json\/wp\/v2\/product_brand?post=106078"},{"taxonomy":"product_cat","embeddable":true,"href":"https:\/\/www.fabioferro.eu\/de\/wp-json\/wp\/v2\/product_cat?post=106078"},{"taxonomy":"product_tag","embeddable":true,"href":"https:\/\/www.fabioferro.eu\/de\/wp-json\/wp\/v2\/product_tag?post=106078"}],"curies":[{"name":"wp","href":"https:\/\/api.w.org\/{rel}","templated":true}]}}