{"id":106080,"date":"2023-11-25T10:25:36","date_gmt":"2023-11-25T09:25:36","guid":{"rendered":"https:\/\/www.fabioferro.eu\/fabio-ferro-lichtkreise-weissgold-ohrringe-mit-diamanten.html"},"modified":"2025-06-06T16:13:10","modified_gmt":"2025-06-06T14:13:10","slug":"fabio-ferro-lichtkreise-weissgold-ohrringe-mit-diamanten","status":"publish","type":"product","link":"https:\/\/www.fabioferro.eu\/de\/fabio-ferro-lichtkreise-weissgold-ohrringe-mit-diamanten.html","title":{"rendered":"Fabio Ferro Lichtkreise Wei\u00dfgold-Ohrringe mit Diamanten"},"content":{"rendered":"<p>Ein Paar handgefertigte Ohrringe aus 18 Karat Wei\u00dfgold. Sie verf\u00fcgen \u00fcber eine spezielle Fassung, die es erm\u00f6glicht, Diamanten sowohl auf der Vorderseite als auch auf der Innenseite einzusetzen, wodurch ein einzigartiger und unglaublicher visueller Effekt entsteht. Sie werden von einem Experten von Hand mit 1,60 Karat Diamanten im Brillantschliff gefasst, die sich durch die Farbe F und die Reinheit VS1 auszeichnen. Jeder Stein wird so ausgew\u00e4hlt, dass er h\u00f6chste Qualit\u00e4t gew\u00e4hrleistet. Insgesamt sind 146 Diamanten gefasst. Praktische und bequeme Trageweise dank eines Stifts, mit dem die Ohrringe zur H\u00e4lfte ge\u00f6ffnet werden k\u00f6nnen. Begleitet von einem eleganten Etui und einer von Fabio Ferro I Gioielli unterzeichneten Echtheits- und Qualit\u00e4tsgarantie.  <img decoding=\"async\" class=\"alignnone size-full wp-image-68675\" src=\"https:\/\/cdn02.fabioferro.eu\/wp-content\/uploads\/IGI-4cs-chart-IT-scaled.jpg\" alt=\"\" width=\"1864\" height=\"2560\" title=\"\" srcset=\"https:\/\/cdn02.fabioferro.eu\/wp-content\/uploads\/IGI-4cs-chart-IT-scaled.jpg 1864w, https:\/\/cdn02.fabioferro.eu\/wp-content\/uploads\/IGI-4cs-chart-IT-768x1055.jpg 768w, https:\/\/cdn02.fabioferro.eu\/wp-content\/uploads\/IGI-4cs-chart-IT-1119x1536.jpg 1119w, https:\/\/cdn02.fabioferro.eu\/wp-content\/uploads\/IGI-4cs-chart-IT-1491x2048.jpg 1491w, https:\/\/cdn02.fabioferro.eu\/wp-content\/uploads\/IGI-4cs-chart-IT-990x1359.jpg 990w, https:\/\/cdn02.fabioferro.eu\/wp-content\/uploads\/IGI-4cs-chart-IT-441x606.jpg 441w, https:\/\/cdn02.fabioferro.eu\/wp-content\/uploads\/IGI-4cs-chart-IT-600x824.jpg 600w, https:\/\/cdn02.fabioferro.eu\/wp-content\/uploads\/IGI-4cs-chart-IT-150x206.jpg 150w\" sizes=\"(max-width: 1864px) 100vw, 1864px\" \/><\/p>\n","protected":false},"excerpt":{"rendered":"<p>Zwei Juwelen, die an Sch\u00f6nheit, Licht und Qualit\u00e4t nicht zu \u00fcberbieten sind. Sie leuchten auch im Dunkeln, dank der handwerklichen Qualit\u00e4t, die sie auszeichnet.<\/p>\n","protected":false},"featured_media":106095,"comment_status":"open","ping_status":"closed","template":"","meta":[],"product_brand":[],"product_cat":[6014],"product_tag":[],"class_list":{"0":"post-106080","1":"product","2":"type-product","3":"status-publish","4":"has-post-thumbnail","6":"product_cat-ohrringe","8":"first","9":"instock","10":"sale","11":"taxable","12":"shipping-taxable","13":"purchasable","14":"product-type-simple"},"exclude_global_add_ons":[],"addons":[],"df_price":4700,"df_sale_price":4700,"df_regular_price":5870,"df_image_link":"https:\/\/cdn02.fabioferro.eu\/wp-content\/uploads\/orecchini-cerchio-diamanti-fabio-ferro-in-oro-bianco-ff1269-2.jpg","_links":{"self":[{"href":"https:\/\/www.fabioferro.eu\/de\/wp-json\/wp\/v2\/product\/106080","targetHints":{"allow":["GET"]}}],"collection":[{"href":"https:\/\/www.fabioferro.eu\/de\/wp-json\/wp\/v2\/product"}],"about":[{"href":"https:\/\/www.fabioferro.eu\/de\/wp-json\/wp\/v2\/types\/product"}],"replies":[{"embeddable":true,"href":"https:\/\/www.fabioferro.eu\/de\/wp-json\/wp\/v2\/comments?post=106080"}],"version-history":[{"count":0,"href":"https:\/\/www.fabioferro.eu\/de\/wp-json\/wp\/v2\/product\/106080\/revisions"}],"wp:featuredmedia":[{"embeddable":true,"href":"https:\/\/www.fabioferro.eu\/de\/wp-json\/wp\/v2\/media\/106095"}],"wp:attachment":[{"href":"https:\/\/www.fabioferro.eu\/de\/wp-json\/wp\/v2\/media?parent=106080"}],"wp:term":[{"taxonomy":"product_brand","embeddable":true,"href":"https:\/\/www.fabioferro.eu\/de\/wp-json\/wp\/v2\/product_brand?post=106080"},{"taxonomy":"product_cat","embeddable":true,"href":"https:\/\/www.fabioferro.eu\/de\/wp-json\/wp\/v2\/product_cat?post=106080"},{"taxonomy":"product_tag","embeddable":true,"href":"https:\/\/www.fabioferro.eu\/de\/wp-json\/wp\/v2\/product_tag?post=106080"}],"curies":[{"name":"wp","href":"https:\/\/api.w.org\/{rel}","templated":true}]}}