{"id":106153,"date":"2023-11-02T17:34:27","date_gmt":"2023-11-02T16:34:27","guid":{"rendered":"https:\/\/www.fabioferro.eu\/hamilton-american-classic-boulton-m-quarzuhr-235-x-274-mm.html"},"modified":"2025-04-03T09:55:58","modified_gmt":"2025-04-03T07:55:58","slug":"hamilton-american-classic-boulton-m-quarzuhr-235-x-274-mm","status":"publish","type":"product","link":"https:\/\/www.fabioferro.eu\/de\/hamilton-american-classic-boulton-m-quarzuhr-235-x-274-mm.html","title":{"rendered":"Hamilton American Classic Boulton M H13321821"},"content":{"rendered":"<p>Hamilton American Classic H13321821 mit Swiss Made Quarzwerk Kaliber 980.163. American Classic Collection.<\/p>\n<p>Das Edelstahlgeh\u00e4use misst 23,5 x 27,4 mm. Die Dicke betr\u00e4gt 8,64 mm. Flache Snap-in Geh\u00e4useboden. Ger\u00e4ndelte Krone zum Einstellen der Zeit.<\/p>\n<p>Breite der \u00d6sen 16 mm. 14 mm breite Schnalle.<\/p>\n<p>Wasserdicht bis zu 5 bar\/50 Meter.<\/p>\n<p>Das beigefarbene Zifferblatt ist mit einer kleinen Sekundenanzeige bei 6 Uhr und r\u00f6mischen Ziffern versehen. Logo auf 12 Uhr.<\/p>\n<p>Entspiegeltes konvexes Saphirglas.<\/p>\n<p>Riemen aus Kalbsleder mit Schnallenverschluss.<\/p>\n<p>Mit Verpackung und offizieller 2-Jahres-Garantie von Hamilton.<\/p>\n","protected":false},"excerpt":{"rendered":"<p>Hamilton American Classic H13321821 Ein Geh\u00e4use mit einer eleganten, abgerundeten Form und einem unverwechselbaren, engagierten Design, das niemals m\u00fcde wird.<\/p>\n","protected":false},"featured_media":106158,"comment_status":"open","ping_status":"closed","template":"","meta":[],"product_brand":[161],"product_cat":[6310,5975],"product_tag":[7442],"class_list":{"0":"post-106153","1":"product","2":"type-product","3":"status-publish","4":"has-post-thumbnail","6":"product_brand-hamilton","7":"product_cat-ein-uhren-outlet-nur-fur-sie-ein-paar-stucke-zu-kleinen-preisen","8":"product_cat-hamilton-damenuhren","9":"product_tag-verfugbar","10":"pa_collezione-hamilton-amerikanischer-klassiker","12":"first","13":"instock","14":"sale","15":"taxable","16":"shipping-taxable","17":"purchasable","18":"product-type-simple"},"exclude_global_add_ons":[],"addons":[],"df_price":596,"df_sale_price":596,"df_regular_price":745,"df_image_link":"https:\/\/cdn02.fabioferro.eu\/wp-content\/uploads\/orologio-hamilton-boulton-m-panna-h13321821.jpg","_links":{"self":[{"href":"https:\/\/www.fabioferro.eu\/de\/wp-json\/wp\/v2\/product\/106153","targetHints":{"allow":["GET"]}}],"collection":[{"href":"https:\/\/www.fabioferro.eu\/de\/wp-json\/wp\/v2\/product"}],"about":[{"href":"https:\/\/www.fabioferro.eu\/de\/wp-json\/wp\/v2\/types\/product"}],"replies":[{"embeddable":true,"href":"https:\/\/www.fabioferro.eu\/de\/wp-json\/wp\/v2\/comments?post=106153"}],"version-history":[{"count":0,"href":"https:\/\/www.fabioferro.eu\/de\/wp-json\/wp\/v2\/product\/106153\/revisions"}],"wp:featuredmedia":[{"embeddable":true,"href":"https:\/\/www.fabioferro.eu\/de\/wp-json\/wp\/v2\/media\/106158"}],"wp:attachment":[{"href":"https:\/\/www.fabioferro.eu\/de\/wp-json\/wp\/v2\/media?parent=106153"}],"wp:term":[{"taxonomy":"product_brand","embeddable":true,"href":"https:\/\/www.fabioferro.eu\/de\/wp-json\/wp\/v2\/product_brand?post=106153"},{"taxonomy":"product_cat","embeddable":true,"href":"https:\/\/www.fabioferro.eu\/de\/wp-json\/wp\/v2\/product_cat?post=106153"},{"taxonomy":"product_tag","embeddable":true,"href":"https:\/\/www.fabioferro.eu\/de\/wp-json\/wp\/v2\/product_tag?post=106153"}],"curies":[{"name":"wp","href":"https:\/\/api.w.org\/{rel}","templated":true}]}}