{"id":106234,"date":"2023-10-26T16:59:44","date_gmt":"2023-10-26T14:59:44","guid":{"rendered":"https:\/\/www.fabioferro.eu\/giovanni-raspini-coccinella-nel-cuore-charme.html"},"modified":"2025-08-09T10:12:53","modified_gmt":"2025-08-09T08:12:53","slug":"giovanni-raspini-coccinella-nel-cuore-charme","status":"publish","type":"product","link":"https:\/\/www.fabioferro.eu\/de\/giovanni-raspini-coccinella-nel-cuore-charme.html","title":{"rendered":"Giovanni Raspini Coccinella nel Cuore Charme"},"content":{"rendered":"<p>Anh\u00e4nger aus 925er Silber.<\/p>\n<p>H\u00f6he von 2,8 cm ohne das obere Glied von 0,9 cm.<\/p>\n<p>Hergestellt in Italien.<\/p>\n<p>Mit offizieller Giovanni Raspini Box und Garantie.<\/p>\n","protected":false},"excerpt":{"rendered":"<p>Ein s\u00fc\u00dfes Herz, das eine tiefe Liebe f\u00fcr die Natur und ihre Bewohner hegt.<\/p>\n","protected":false},"featured_media":106241,"comment_status":"open","ping_status":"closed","template":"","meta":[],"product_brand":[155],"product_cat":[7576,7578],"product_tag":[7442],"class_list":{"0":"post-106234","1":"product","2":"type-product","3":"status-publish","4":"has-post-thumbnail","6":"product_brand-raspini","7":"product_cat-giovanni-raspini-reize","8":"product_cat-raspini-charms-fur-veranstaltung-de","9":"product_tag-verfugbar","11":"first","12":"instock","13":"sale","14":"taxable","15":"shipping-taxable","16":"purchasable","17":"product-type-simple"},"exclude_global_add_ons":[],"addons":[],"df_price":45,"df_sale_price":45,"df_regular_price":50,"df_image_link":"https:\/\/cdn02.fabioferro.eu\/wp-content\/uploads\/virtuemart\/product\/8742cuore_coccinella.jpg","_links":{"self":[{"href":"https:\/\/www.fabioferro.eu\/de\/wp-json\/wp\/v2\/product\/106234","targetHints":{"allow":["GET"]}}],"collection":[{"href":"https:\/\/www.fabioferro.eu\/de\/wp-json\/wp\/v2\/product"}],"about":[{"href":"https:\/\/www.fabioferro.eu\/de\/wp-json\/wp\/v2\/types\/product"}],"replies":[{"embeddable":true,"href":"https:\/\/www.fabioferro.eu\/de\/wp-json\/wp\/v2\/comments?post=106234"}],"version-history":[{"count":1,"href":"https:\/\/www.fabioferro.eu\/de\/wp-json\/wp\/v2\/product\/106234\/revisions"}],"predecessor-version":[{"id":194003,"href":"https:\/\/www.fabioferro.eu\/de\/wp-json\/wp\/v2\/product\/106234\/revisions\/194003"}],"wp:featuredmedia":[{"embeddable":true,"href":"https:\/\/www.fabioferro.eu\/de\/wp-json\/wp\/v2\/media\/106241"}],"wp:attachment":[{"href":"https:\/\/www.fabioferro.eu\/de\/wp-json\/wp\/v2\/media?parent=106234"}],"wp:term":[{"taxonomy":"product_brand","embeddable":true,"href":"https:\/\/www.fabioferro.eu\/de\/wp-json\/wp\/v2\/product_brand?post=106234"},{"taxonomy":"product_cat","embeddable":true,"href":"https:\/\/www.fabioferro.eu\/de\/wp-json\/wp\/v2\/product_cat?post=106234"},{"taxonomy":"product_tag","embeddable":true,"href":"https:\/\/www.fabioferro.eu\/de\/wp-json\/wp\/v2\/product_tag?post=106234"}],"curies":[{"name":"wp","href":"https:\/\/api.w.org\/{rel}","templated":true}]}}