{"id":106239,"date":"2023-10-20T19:22:21","date_gmt":"2023-10-20T17:22:21","guid":{"rendered":"https:\/\/www.fabioferro.eu\/giovanni-raspini-kleines-quadratisches-maschenarmband.html"},"modified":"2025-06-06T16:18:53","modified_gmt":"2025-06-06T14:18:53","slug":"giovanni-raspini-kleines-quadratisches-maschenarmband","status":"publish","type":"product","link":"https:\/\/www.fabioferro.eu\/de\/giovanni-raspini-kleines-quadratisches-maschenarmband.html","title":{"rendered":"Giovanni Raspini Kleines Quadratisches Maschenarmband"},"content":{"rendered":"<p>Armband aus br\u00fcniertem 925er Silber.<\/p>\n<p>Die L\u00e4nge variiert je nach Gr\u00f6\u00dfe. 19 cm f\u00fcr M, 21 cm f\u00fcr L und 23 cm f\u00fcr XL.<\/p>\n<p>Verschluss mit praktischem Karabinerhaken und Gl\u00fcckshorn.<\/p>\n<p>Hergestellt in Italien.<\/p>\n<p>Begleitet von der offiziellen Giovanni Raspini Box und Garantie.<\/p>\n","protected":false},"excerpt":{"rendered":"<p>Ein Hemd mit einer ausgesprochen kr\u00e4ftigen F\u00e4rbung und einem kr\u00e4ftigen Ton. Geeignet f\u00fcr diejenigen, die nichts und niemanden f\u00fcrchten.<\/p>\n","protected":false},"featured_media":106254,"comment_status":"open","ping_status":"closed","template":"","meta":[],"product_brand":[155],"product_cat":[7597],"product_tag":[],"class_list":{"0":"post-106239","1":"product","2":"type-product","3":"status-publish","4":"has-post-thumbnail","6":"product_brand-raspini","7":"product_cat-armbander-giovanni-raspini-manner","9":"first","10":"instock","11":"sale","12":"taxable","13":"shipping-taxable","14":"purchasable","15":"product-type-variable","16":"has-default-attributes"},"exclude_global_add_ons":[],"addons":[],"df_price":144,"df_sale_price":"","df_regular_price":144,"df_image_link":"https:\/\/cdn02.fabioferro.eu\/wp-content\/uploads\/bracciale-giovanni-raspini-maglia-quadra-piccola-11866-1.jpg","_links":{"self":[{"href":"https:\/\/www.fabioferro.eu\/de\/wp-json\/wp\/v2\/product\/106239","targetHints":{"allow":["GET"]}}],"collection":[{"href":"https:\/\/www.fabioferro.eu\/de\/wp-json\/wp\/v2\/product"}],"about":[{"href":"https:\/\/www.fabioferro.eu\/de\/wp-json\/wp\/v2\/types\/product"}],"replies":[{"embeddable":true,"href":"https:\/\/www.fabioferro.eu\/de\/wp-json\/wp\/v2\/comments?post=106239"}],"version-history":[{"count":0,"href":"https:\/\/www.fabioferro.eu\/de\/wp-json\/wp\/v2\/product\/106239\/revisions"}],"wp:featuredmedia":[{"embeddable":true,"href":"https:\/\/www.fabioferro.eu\/de\/wp-json\/wp\/v2\/media\/106254"}],"wp:attachment":[{"href":"https:\/\/www.fabioferro.eu\/de\/wp-json\/wp\/v2\/media?parent=106239"}],"wp:term":[{"taxonomy":"product_brand","embeddable":true,"href":"https:\/\/www.fabioferro.eu\/de\/wp-json\/wp\/v2\/product_brand?post=106239"},{"taxonomy":"product_cat","embeddable":true,"href":"https:\/\/www.fabioferro.eu\/de\/wp-json\/wp\/v2\/product_cat?post=106239"},{"taxonomy":"product_tag","embeddable":true,"href":"https:\/\/www.fabioferro.eu\/de\/wp-json\/wp\/v2\/product_tag?post=106239"}],"curies":[{"name":"wp","href":"https:\/\/api.w.org\/{rel}","templated":true}]}}