{"id":106280,"date":"2023-10-27T10:00:15","date_gmt":"2023-10-27T08:00:15","guid":{"rendered":"https:\/\/www.fabioferro.eu\/gluecksbringer-giovanni-raspini-corna-mini.html"},"modified":"2025-08-09T10:12:45","modified_gmt":"2025-08-09T08:12:45","slug":"gluecksbringer-giovanni-raspini-corna-mini","status":"publish","type":"product","link":"https:\/\/www.fabioferro.eu\/de\/gluecksbringer-giovanni-raspini-corna-mini.html","title":{"rendered":"Gl\u00fccksbringer Giovanni Raspini Corna Mini"},"content":{"rendered":"<p>Charm aus 925er Silber.<\/p>\n<p>Made in Italy.<\/p>\n<p>Mit offizieller Giovanni Raspini Box und Garantie.<\/p>\n","protected":false},"excerpt":{"rendered":"<p>Ein Gl\u00fccksbringer mit starken T\u00f6nen, der Sie mit seiner Sympathie \u00fcberw\u00e4ltigen kann.<\/p>\n","protected":false},"featured_media":106317,"comment_status":"open","ping_status":"closed","template":"","meta":[],"product_brand":[155],"product_cat":[7576,7578],"product_tag":[7442],"class_list":{"0":"post-106280","1":"product","2":"type-product","3":"status-publish","4":"has-post-thumbnail","6":"product_brand-raspini","7":"product_cat-giovanni-raspini-reize","8":"product_cat-raspini-charms-fur-veranstaltung","9":"product_tag-verfugbar","11":"first","12":"instock","13":"sale","14":"taxable","15":"shipping-taxable","16":"purchasable","17":"product-type-simple"},"exclude_global_add_ons":[],"addons":[],"df_price":36,"df_sale_price":36,"df_regular_price":40,"df_image_link":"https:\/\/cdn02.fabioferro.eu\/wp-content\/uploads\/virtuemart\/product\/charm-giovanni-raspini-corni-mano-6569.jpg","_links":{"self":[{"href":"https:\/\/www.fabioferro.eu\/de\/wp-json\/wp\/v2\/product\/106280","targetHints":{"allow":["GET"]}}],"collection":[{"href":"https:\/\/www.fabioferro.eu\/de\/wp-json\/wp\/v2\/product"}],"about":[{"href":"https:\/\/www.fabioferro.eu\/de\/wp-json\/wp\/v2\/types\/product"}],"replies":[{"embeddable":true,"href":"https:\/\/www.fabioferro.eu\/de\/wp-json\/wp\/v2\/comments?post=106280"}],"version-history":[{"count":1,"href":"https:\/\/www.fabioferro.eu\/de\/wp-json\/wp\/v2\/product\/106280\/revisions"}],"predecessor-version":[{"id":193995,"href":"https:\/\/www.fabioferro.eu\/de\/wp-json\/wp\/v2\/product\/106280\/revisions\/193995"}],"wp:featuredmedia":[{"embeddable":true,"href":"https:\/\/www.fabioferro.eu\/de\/wp-json\/wp\/v2\/media\/106317"}],"wp:attachment":[{"href":"https:\/\/www.fabioferro.eu\/de\/wp-json\/wp\/v2\/media?parent=106280"}],"wp:term":[{"taxonomy":"product_brand","embeddable":true,"href":"https:\/\/www.fabioferro.eu\/de\/wp-json\/wp\/v2\/product_brand?post=106280"},{"taxonomy":"product_cat","embeddable":true,"href":"https:\/\/www.fabioferro.eu\/de\/wp-json\/wp\/v2\/product_cat?post=106280"},{"taxonomy":"product_tag","embeddable":true,"href":"https:\/\/www.fabioferro.eu\/de\/wp-json\/wp\/v2\/product_tag?post=106280"}],"curies":[{"name":"wp","href":"https:\/\/api.w.org\/{rel}","templated":true}]}}