{"id":106323,"date":"2024-02-04T13:11:59","date_gmt":"2024-02-04T12:11:59","guid":{"rendered":"https:\/\/www.fabioferro.eu\/fabio-ferro-trilogie-punto-luce-weissgold-halskette-mit-diamanten.html"},"modified":"2025-03-11T18:09:02","modified_gmt":"2025-03-11T17:09:02","slug":"fabio-ferro-trilogie-punto-luce-weissgold-halskette-mit-diamanten","status":"publish","type":"product","link":"https:\/\/www.fabioferro.eu\/de\/fabio-ferro-trilogie-punto-luce-weissgold-halskette-mit-diamanten.html","title":{"rendered":"Fabio Ferro Trilogie Point of Light Wei\u00dfgold Halskette mit 0,12 Karat Diamanten"},"content":{"rendered":"<p>Halskette aus 18-kar\u00e4tigem Wei\u00dfgold aus unserer Goldschmiedewerkstatt.<\/p>\n<p>Vollst\u00e4ndig in Italien hergestellt.<\/p>\n<p>Die drei Diamanten haben ein Gewicht von insgesamt 0,12 Karat und sind von Farbe F und Reinheit VS1.<\/p>\n<p>Der Anh\u00e4nger ist verschiebbar und misst 13 mm in der L\u00e4nge und 4 mm in der Breite.<\/p>\n<p>Das Gesamtgewicht des Schmuckst\u00fccks betr\u00e4gt 2,20 g.<\/p>\n<p>Das Collier im venezianischen Stil hat eine L\u00e4nge von 45 cm, die dank des speziellen Messrings auch auf 42 cm eingestellt werden kann.<\/p>\n<p>Es endet mit einem Karabinerhaken und einem Gelenkring.<\/p>\n<p>Wird von einem Set und einer 2-Jahres-Garantie begleitet, die von Fabio Ferro I Gioielli unterzeichnet ist.<\/p>\n","protected":false},"excerpt":{"rendered":"<p>Ein Trio von Diamanten l\u00e4uft an Ihrem Hals hinunter und erzeugt unglaubliche Lichteffekte. Elegant und zu jeder Gelegenheit zu tragen.<\/p>\n","protected":false},"featured_media":106349,"comment_status":"open","ping_status":"closed","template":"","meta":[],"product_brand":[152],"product_cat":[6016,6015],"product_tag":[7442],"class_list":{"0":"post-106323","1":"product","2":"type-product","3":"status-publish","4":"has-post-thumbnail","6":"product_brand-fabio-ferro-i-gioielli","7":"product_cat-dot-light-halsketten","8":"product_cat-halsketten","9":"product_tag-verfugbar","11":"first","12":"instock","13":"sale","14":"taxable","15":"shipping-taxable","16":"purchasable","17":"product-type-simple"},"exclude_global_add_ons":[],"addons":[],"df_price":890,"df_sale_price":890,"df_regular_price":1110,"df_image_link":"https:\/\/cdn02.fabioferro.eu\/wp-content\/uploads\/collana-fabio-ferro-trilogy-puntoluce-in-oro-bianco-e-diamanti-ff1258.jpg","_links":{"self":[{"href":"https:\/\/www.fabioferro.eu\/de\/wp-json\/wp\/v2\/product\/106323","targetHints":{"allow":["GET"]}}],"collection":[{"href":"https:\/\/www.fabioferro.eu\/de\/wp-json\/wp\/v2\/product"}],"about":[{"href":"https:\/\/www.fabioferro.eu\/de\/wp-json\/wp\/v2\/types\/product"}],"replies":[{"embeddable":true,"href":"https:\/\/www.fabioferro.eu\/de\/wp-json\/wp\/v2\/comments?post=106323"}],"version-history":[{"count":0,"href":"https:\/\/www.fabioferro.eu\/de\/wp-json\/wp\/v2\/product\/106323\/revisions"}],"wp:featuredmedia":[{"embeddable":true,"href":"https:\/\/www.fabioferro.eu\/de\/wp-json\/wp\/v2\/media\/106349"}],"wp:attachment":[{"href":"https:\/\/www.fabioferro.eu\/de\/wp-json\/wp\/v2\/media?parent=106323"}],"wp:term":[{"taxonomy":"product_brand","embeddable":true,"href":"https:\/\/www.fabioferro.eu\/de\/wp-json\/wp\/v2\/product_brand?post=106323"},{"taxonomy":"product_cat","embeddable":true,"href":"https:\/\/www.fabioferro.eu\/de\/wp-json\/wp\/v2\/product_cat?post=106323"},{"taxonomy":"product_tag","embeddable":true,"href":"https:\/\/www.fabioferro.eu\/de\/wp-json\/wp\/v2\/product_tag?post=106323"}],"curies":[{"name":"wp","href":"https:\/\/api.w.org\/{rel}","templated":true}]}}