{"id":106353,"date":"2023-10-20T19:20:23","date_gmt":"2023-10-20T17:20:23","guid":{"rendered":"https:\/\/www.fabioferro.eu\/giovanni-raspini-pepite-grau-armband.html"},"modified":"2024-10-30T09:44:47","modified_gmt":"2024-10-30T08:44:47","slug":"giovanni-raspini-pepite-grau-armband","status":"publish","type":"product","link":"https:\/\/www.fabioferro.eu\/de\/giovanni-raspini-pepite-grau-armband.html","title":{"rendered":"Giovanni Raspini Pepite Grau Armband"},"content":{"rendered":"<p>Armband aus 925er Silber und H\u00e4matit. Die L\u00e4nge der Gr\u00f6\u00dfe M betr\u00e4gt 20 cm, w\u00e4hrend die L\u00e4nge der Gr\u00f6\u00dfe L 22 cm betr\u00e4gt. Verschluss mit praktischem Karabiner und Gl\u00fcckshorn. Hergestellt in Italien. Wird von der offiziellen Giovanni Raspini Box und Garantie begleitet.<\/p>\n","protected":false},"excerpt":{"rendered":"<p>Ein phantasievoll gestaltetes Armband, dank der Kombination von verschieden geformten Steinen.<\/p>\n","protected":false},"featured_media":106382,"comment_status":"open","ping_status":"closed","template":"","meta":[],"product_brand":[155],"product_cat":[7597],"product_tag":[],"class_list":{"0":"post-106353","1":"product","2":"type-product","3":"status-publish","4":"has-post-thumbnail","6":"product_brand-raspini","7":"product_cat-armbander-giovanni-raspini-manner","9":"first","10":"instock","11":"sale","12":"taxable","13":"shipping-taxable","14":"purchasable","15":"product-type-variable","16":"has-default-attributes"},"exclude_global_add_ons":[],"addons":[],"df_price":130.5,"df_sale_price":"","df_regular_price":130.5,"df_image_link":"https:\/\/cdn02.fabioferro.eu\/wp-content\/uploads\/bracciale-giovanni-raspini-pepite-grey-11864.jpg","_links":{"self":[{"href":"https:\/\/www.fabioferro.eu\/de\/wp-json\/wp\/v2\/product\/106353","targetHints":{"allow":["GET"]}}],"collection":[{"href":"https:\/\/www.fabioferro.eu\/de\/wp-json\/wp\/v2\/product"}],"about":[{"href":"https:\/\/www.fabioferro.eu\/de\/wp-json\/wp\/v2\/types\/product"}],"replies":[{"embeddable":true,"href":"https:\/\/www.fabioferro.eu\/de\/wp-json\/wp\/v2\/comments?post=106353"}],"version-history":[{"count":0,"href":"https:\/\/www.fabioferro.eu\/de\/wp-json\/wp\/v2\/product\/106353\/revisions"}],"wp:featuredmedia":[{"embeddable":true,"href":"https:\/\/www.fabioferro.eu\/de\/wp-json\/wp\/v2\/media\/106382"}],"wp:attachment":[{"href":"https:\/\/www.fabioferro.eu\/de\/wp-json\/wp\/v2\/media?parent=106353"}],"wp:term":[{"taxonomy":"product_brand","embeddable":true,"href":"https:\/\/www.fabioferro.eu\/de\/wp-json\/wp\/v2\/product_brand?post=106353"},{"taxonomy":"product_cat","embeddable":true,"href":"https:\/\/www.fabioferro.eu\/de\/wp-json\/wp\/v2\/product_cat?post=106353"},{"taxonomy":"product_tag","embeddable":true,"href":"https:\/\/www.fabioferro.eu\/de\/wp-json\/wp\/v2\/product_tag?post=106353"}],"curies":[{"name":"wp","href":"https:\/\/api.w.org\/{rel}","templated":true}]}}