{"id":106354,"date":"2023-10-21T16:16:39","date_gmt":"2023-10-21T14:16:39","guid":{"rendered":"https:\/\/www.fabioferro.eu\/giovanni-raspini-kenny-armband.html"},"modified":"2025-06-06T15:56:17","modified_gmt":"2025-06-06T13:56:17","slug":"giovanni-raspini-kenny-armband","status":"publish","type":"product","link":"https:\/\/www.fabioferro.eu\/de\/giovanni-raspini-kenny-armband.html","title":{"rendered":"Giovanni Raspini Kenny-Armband"},"content":{"rendered":"<p>Armband aus 925er Silber und H\u00e4matit. Die L\u00e4nge betr\u00e4gt 20 cm bei der Gr\u00f6\u00dfe M und 22 cm bei der Gr\u00f6\u00dfe L. Verschluss mit praktischem Karabiner und Gl\u00fcckshorn. Hergestellt in Italien. Wird von der offiziellen Giovanni Raspini Box und Garantie begleitet.<\/p>\n","protected":false},"excerpt":{"rendered":"<p>Ein zeitgem\u00e4\u00dfer Herrenschmuck, der denjenigen, die sich entscheiden, ihn zu tragen, immer eine Geschichte erz\u00e4hlen soll.<\/p>\n","protected":false},"featured_media":106385,"comment_status":"open","ping_status":"closed","template":"","meta":[],"product_brand":[],"product_cat":[7597],"product_tag":[],"class_list":{"0":"post-106354","1":"product","2":"type-product","3":"status-publish","4":"has-post-thumbnail","6":"product_cat-armbander-giovanni-raspini-manner","8":"first","9":"instock","10":"sale","11":"taxable","12":"shipping-taxable","13":"purchasable","14":"product-type-variable","15":"has-default-attributes"},"exclude_global_add_ons":[],"addons":[],"df_price":130.5,"df_sale_price":"","df_regular_price":130.5,"df_image_link":"https:\/\/cdn02.fabioferro.eu\/wp-content\/uploads\/bracciale-giovanni-raspini-kenny-11860.jpg","_links":{"self":[{"href":"https:\/\/www.fabioferro.eu\/de\/wp-json\/wp\/v2\/product\/106354","targetHints":{"allow":["GET"]}}],"collection":[{"href":"https:\/\/www.fabioferro.eu\/de\/wp-json\/wp\/v2\/product"}],"about":[{"href":"https:\/\/www.fabioferro.eu\/de\/wp-json\/wp\/v2\/types\/product"}],"replies":[{"embeddable":true,"href":"https:\/\/www.fabioferro.eu\/de\/wp-json\/wp\/v2\/comments?post=106354"}],"version-history":[{"count":0,"href":"https:\/\/www.fabioferro.eu\/de\/wp-json\/wp\/v2\/product\/106354\/revisions"}],"wp:featuredmedia":[{"embeddable":true,"href":"https:\/\/www.fabioferro.eu\/de\/wp-json\/wp\/v2\/media\/106385"}],"wp:attachment":[{"href":"https:\/\/www.fabioferro.eu\/de\/wp-json\/wp\/v2\/media?parent=106354"}],"wp:term":[{"taxonomy":"product_brand","embeddable":true,"href":"https:\/\/www.fabioferro.eu\/de\/wp-json\/wp\/v2\/product_brand?post=106354"},{"taxonomy":"product_cat","embeddable":true,"href":"https:\/\/www.fabioferro.eu\/de\/wp-json\/wp\/v2\/product_cat?post=106354"},{"taxonomy":"product_tag","embeddable":true,"href":"https:\/\/www.fabioferro.eu\/de\/wp-json\/wp\/v2\/product_tag?post=106354"}],"curies":[{"name":"wp","href":"https:\/\/api.w.org\/{rel}","templated":true}]}}