{"id":106405,"date":"2023-10-21T11:54:21","date_gmt":"2023-10-21T09:54:21","guid":{"rendered":"https:\/\/www.fabioferro.eu\/giovanni-raspini-armband-jaspis-kugeln.html"},"modified":"2025-06-06T15:54:11","modified_gmt":"2025-06-06T13:54:11","slug":"giovanni-raspini-armband-jaspis-kugeln","status":"publish","type":"product","link":"https:\/\/www.fabioferro.eu\/de\/giovanni-raspini-armband-jaspis-kugeln.html","title":{"rendered":"Giovanni Raspini Armband Jaspis Kugeln"},"content":{"rendered":"<p>Armband aus 925er Sterlingsilber und gr\u00fcnem Jaspis. Die L\u00e4nge betr\u00e4gt 20 cm bei Gr\u00f6\u00dfe M und 22 cm bei Gr\u00f6\u00dfe L. Verschluss mit Karabiner und verstellbaren Gliedern. Hergestellt in Italien. Wird mit Verpackung und offizieller Giovanni Raspini Garantie geliefert.<\/p>\n","protected":false},"excerpt":{"rendered":"<p>Geh\u00e4mmerte Kugeln wechseln sich mit nat\u00fcrlichem gr\u00fcnem Jaspis ab, der sie mit farbigen Reflexen erf\u00fcllt.<\/p>\n","protected":false},"featured_media":106416,"comment_status":"open","ping_status":"closed","template":"","meta":[],"product_brand":[155],"product_cat":[7597],"product_tag":[],"class_list":{"0":"post-106405","1":"product","2":"type-product","3":"status-publish","4":"has-post-thumbnail","6":"product_brand-raspini","7":"product_cat-armbander-giovanni-raspini-manner","9":"first","10":"instock","11":"sale","12":"taxable","13":"shipping-taxable","14":"purchasable","15":"product-type-variable","16":"has-default-attributes"},"exclude_global_add_ons":[],"addons":[],"df_price":144,"df_sale_price":"","df_regular_price":144,"df_image_link":"https:\/\/cdn02.fabioferro.eu\/wp-content\/uploads\/bracciale-giovani-raspini-sfere-diaspro-11859.jpg","_links":{"self":[{"href":"https:\/\/www.fabioferro.eu\/de\/wp-json\/wp\/v2\/product\/106405","targetHints":{"allow":["GET"]}}],"collection":[{"href":"https:\/\/www.fabioferro.eu\/de\/wp-json\/wp\/v2\/product"}],"about":[{"href":"https:\/\/www.fabioferro.eu\/de\/wp-json\/wp\/v2\/types\/product"}],"replies":[{"embeddable":true,"href":"https:\/\/www.fabioferro.eu\/de\/wp-json\/wp\/v2\/comments?post=106405"}],"version-history":[{"count":0,"href":"https:\/\/www.fabioferro.eu\/de\/wp-json\/wp\/v2\/product\/106405\/revisions"}],"wp:featuredmedia":[{"embeddable":true,"href":"https:\/\/www.fabioferro.eu\/de\/wp-json\/wp\/v2\/media\/106416"}],"wp:attachment":[{"href":"https:\/\/www.fabioferro.eu\/de\/wp-json\/wp\/v2\/media?parent=106405"}],"wp:term":[{"taxonomy":"product_brand","embeddable":true,"href":"https:\/\/www.fabioferro.eu\/de\/wp-json\/wp\/v2\/product_brand?post=106405"},{"taxonomy":"product_cat","embeddable":true,"href":"https:\/\/www.fabioferro.eu\/de\/wp-json\/wp\/v2\/product_cat?post=106405"},{"taxonomy":"product_tag","embeddable":true,"href":"https:\/\/www.fabioferro.eu\/de\/wp-json\/wp\/v2\/product_tag?post=106405"}],"curies":[{"name":"wp","href":"https:\/\/api.w.org\/{rel}","templated":true}]}}