{"id":106428,"date":"2016-10-10T09:57:50","date_gmt":"2016-10-10T07:57:50","guid":{"rendered":"https:\/\/www.fabioferro.eu\/fope-prima-collection-ohrringe-aus-weiss-rose-und-gelbgold-mit-diamanten.html"},"modified":"2026-01-09T16:30:01","modified_gmt":"2026-01-09T15:30:01","slug":"fope-prima-collection-ohrringe-aus-weiss-rose-und-gelbgold-mit-diamanten","status":"publish","type":"product","link":"https:\/\/www.fabioferro.eu\/de\/fope-prima-collection-ohrringe-aus-weiss-rose-und-gelbgold-mit-diamanten.html","title":{"rendered":"Fope Prima Collection Ohrringe aus Wei\u00df-, Ros\u00e9- und Gelbgold mit Diamanten"},"content":{"rendered":"<p>Durch die Verbindung der drei verschiedenen Goldfarben entstehen diese Ohrringe mit einer einzigartigen und kuriosen Form.<\/p>\n<p>Ohrringe aus 18 Karat Wei\u00df-, Gelb- und Ros\u00e9gold, besetzt mit funkelnden Diamanten.<\/p>\n<p>Bequemer und sicherer Riegelverschluss und blumenf\u00f6rmiger Schmetterling auf der R\u00fcckseite.<\/p>\n<p>Jedes Schmuckst\u00fcck besteht aus drei Elementen in verschiedenen Gr\u00f6\u00dfen und Farben aus Gold. Das zentrale Element ist fein mit funkelnden Diamanten von insgesamt 0,13 Karat besetzt. Die Steine sind von der Farbe G und der Reinheit VS1.  <\/p>\n<p>Ohrringe handgefertigt von Kunsthandwerkern aus Vicenza. Qualit\u00e4t Made in Italy. <\/p>\n<p>In einer eleganten Box und mit internationaler Fope-Garantie.<\/p>\n","protected":false},"excerpt":{"rendered":"<p>Licht- und Farbenspiele entspringen den Elementen, aus denen dieses kostbare und elegante Paar Ohrringe besteht.<br \/>\nEine Kreation von Fope.<\/p>\n","protected":false},"featured_media":106429,"comment_status":"open","ping_status":"closed","template":"","meta":[],"product_brand":[154],"product_cat":[5937],"product_tag":[],"class_list":{"0":"post-106428","1":"product","2":"type-product","3":"status-publish","4":"has-post-thumbnail","6":"product_brand-fope","7":"product_cat-fope-ohrringe","9":"first","10":"instock","11":"taxable","12":"shipping-taxable","13":"purchasable","14":"product-type-simple"},"exclude_global_add_ons":[],"addons":[],"df_price":2860,"df_sale_price":"","df_regular_price":2860,"df_image_link":"https:\/\/cdn02.fabioferro.eu\/wp-content\/uploads\/virtuemart\/product\/orecchini_fope_collezione_prima_in_oro_bianco_giallo_rosa_con_diamanti_OR744_BBR_GBR__1593790079_958-e1680712803182.jpg","_links":{"self":[{"href":"https:\/\/www.fabioferro.eu\/de\/wp-json\/wp\/v2\/product\/106428","targetHints":{"allow":["GET"]}}],"collection":[{"href":"https:\/\/www.fabioferro.eu\/de\/wp-json\/wp\/v2\/product"}],"about":[{"href":"https:\/\/www.fabioferro.eu\/de\/wp-json\/wp\/v2\/types\/product"}],"replies":[{"embeddable":true,"href":"https:\/\/www.fabioferro.eu\/de\/wp-json\/wp\/v2\/comments?post=106428"}],"version-history":[{"count":1,"href":"https:\/\/www.fabioferro.eu\/de\/wp-json\/wp\/v2\/product\/106428\/revisions"}],"predecessor-version":[{"id":206785,"href":"https:\/\/www.fabioferro.eu\/de\/wp-json\/wp\/v2\/product\/106428\/revisions\/206785"}],"wp:featuredmedia":[{"embeddable":true,"href":"https:\/\/www.fabioferro.eu\/de\/wp-json\/wp\/v2\/media\/106429"}],"wp:attachment":[{"href":"https:\/\/www.fabioferro.eu\/de\/wp-json\/wp\/v2\/media?parent=106428"}],"wp:term":[{"taxonomy":"product_brand","embeddable":true,"href":"https:\/\/www.fabioferro.eu\/de\/wp-json\/wp\/v2\/product_brand?post=106428"},{"taxonomy":"product_cat","embeddable":true,"href":"https:\/\/www.fabioferro.eu\/de\/wp-json\/wp\/v2\/product_cat?post=106428"},{"taxonomy":"product_tag","embeddable":true,"href":"https:\/\/www.fabioferro.eu\/de\/wp-json\/wp\/v2\/product_tag?post=106428"}],"curies":[{"name":"wp","href":"https:\/\/api.w.org\/{rel}","templated":true}]}}