{"id":106430,"date":"2016-10-10T09:57:46","date_gmt":"2016-10-10T07:57:46","guid":{"rendered":"https:\/\/www.fabioferro.eu\/fope-prima-collection-ohrringe-aus-weissgold-mit-diamanten.html"},"modified":"2026-01-09T16:29:59","modified_gmt":"2026-01-09T15:29:59","slug":"fope-prima-collection-ohrringe-aus-weissgold-mit-diamanten","status":"publish","type":"product","link":"https:\/\/www.fabioferro.eu\/de\/fope-prima-collection-ohrringe-aus-weissgold-mit-diamanten.html","title":{"rendered":"Fope Prima Collection Ohrringe aus Wei\u00dfgold mit Diamanten"},"content":{"rendered":"<p>Dieses extrem leuchtende Paar Ohrringe ist komplett aus Wei\u00dfgold und Diamanten gefertigt. Das Nonplusultra an Brillanz und Leuchtkraft, das ein Schmuckst\u00fcck bieten kann. <\/p>\n<p>Bequemer und sicherer Riegelverschluss und blumenf\u00f6rmiger Schmetterling auf der R\u00fcckseite.<\/p>\n<p>Jedes Schmuckst\u00fcck besteht aus drei unterschiedlich gro\u00dfen Elementen aus Wei\u00dfgold. Auf dem zentralen Element befindet sich ein Pav\u00e9 aus Diamanten von insgesamt 0,13 Karat. Die Steine zeichnen sich durch eine Farbe von G und eine Reinheit von VS1 aus.  <\/p>\n<p>Ohrringe handgefertigt von Kunsthandwerkern aus Vicenza. Qualit\u00e4t Made in Italy. <\/p>\n<p>In einer eleganten Box und mit internationaler Fope-Garantie.<\/p>\n","protected":false},"excerpt":{"rendered":"<p>Wei\u00dfgold und Diamanten verschmelzen zu diesen brillanten und leuchtenden Ohrringen.<br \/>\nPraktisch und bequem, sie werden das Gesicht der Frau, die sie tr\u00e4gt, hervorheben.<\/p>\n","protected":false},"featured_media":106431,"comment_status":"open","ping_status":"closed","template":"","meta":[],"product_brand":[154],"product_cat":[5937],"product_tag":[],"class_list":{"0":"post-106430","1":"product","2":"type-product","3":"status-publish","4":"has-post-thumbnail","6":"product_brand-fope","7":"product_cat-fope-ohrringe","9":"first","10":"instock","11":"taxable","12":"shipping-taxable","13":"purchasable","14":"product-type-simple"},"exclude_global_add_ons":[],"addons":[],"df_price":2860,"df_sale_price":"","df_regular_price":2860,"df_image_link":"https:\/\/cdn02.fabioferro.eu\/wp-content\/uploads\/orecchini-fope-collezione-prima-in-oro-bianco-con-diamanti-or744-bbr-bb.jpg","_links":{"self":[{"href":"https:\/\/www.fabioferro.eu\/de\/wp-json\/wp\/v2\/product\/106430","targetHints":{"allow":["GET"]}}],"collection":[{"href":"https:\/\/www.fabioferro.eu\/de\/wp-json\/wp\/v2\/product"}],"about":[{"href":"https:\/\/www.fabioferro.eu\/de\/wp-json\/wp\/v2\/types\/product"}],"replies":[{"embeddable":true,"href":"https:\/\/www.fabioferro.eu\/de\/wp-json\/wp\/v2\/comments?post=106430"}],"version-history":[{"count":1,"href":"https:\/\/www.fabioferro.eu\/de\/wp-json\/wp\/v2\/product\/106430\/revisions"}],"predecessor-version":[{"id":206781,"href":"https:\/\/www.fabioferro.eu\/de\/wp-json\/wp\/v2\/product\/106430\/revisions\/206781"}],"wp:featuredmedia":[{"embeddable":true,"href":"https:\/\/www.fabioferro.eu\/de\/wp-json\/wp\/v2\/media\/106431"}],"wp:attachment":[{"href":"https:\/\/www.fabioferro.eu\/de\/wp-json\/wp\/v2\/media?parent=106430"}],"wp:term":[{"taxonomy":"product_brand","embeddable":true,"href":"https:\/\/www.fabioferro.eu\/de\/wp-json\/wp\/v2\/product_brand?post=106430"},{"taxonomy":"product_cat","embeddable":true,"href":"https:\/\/www.fabioferro.eu\/de\/wp-json\/wp\/v2\/product_cat?post=106430"},{"taxonomy":"product_tag","embeddable":true,"href":"https:\/\/www.fabioferro.eu\/de\/wp-json\/wp\/v2\/product_tag?post=106430"}],"curies":[{"name":"wp","href":"https:\/\/api.w.org\/{rel}","templated":true}]}}