{"id":106432,"date":"2016-10-10T09:57:43","date_gmt":"2016-10-10T07:57:43","guid":{"rendered":"https:\/\/www.fabioferro.eu\/fope-prima-collection-ohrringe-aus-rose-und-weissgold-mit-diamanten.html"},"modified":"2026-01-09T16:29:55","modified_gmt":"2026-01-09T15:29:55","slug":"fope-prima-collection-ohrringe-aus-rose-und-weissgold-mit-diamanten","status":"publish","type":"product","link":"https:\/\/www.fabioferro.eu\/de\/fope-prima-collection-ohrringe-aus-rose-und-weissgold-mit-diamanten.html","title":{"rendered":"Fope Prima Collection Ohrringe aus Ros\u00e9- und Wei\u00dfgold mit Diamanten"},"content":{"rendered":"<p>Edle, handgefertigte Ohrringe aus 18 Karat Ros\u00e9- und Wei\u00dfgold mit Diamanten.<\/p>\n<p>Dieses Schmuckst\u00fcck mit unverwechselbarem Design verf\u00fcgt \u00fcber einen Riegelverschluss und einen blumenf\u00f6rmigen Schmetterling auf der R\u00fcckseite.<\/p>\n<p>Jedes Schmuckst\u00fcck besteht aus drei unterschiedlich gro\u00dfen Elementen. Die beiden seitlichen Elemente sind aus Ros\u00e9gold, w\u00e4hrend das mittlere Element aus Wei\u00dfgold besteht und mit Diamanten im Brillantschliff besetzt ist.<br \/>\nDie Steine haben 0,13 Karat und zeichnen sich durch eine Farbe von G und eine Reinheit von VS1 aus. <\/p>\n<p>Ohrringe handgefertigt von Kunsthandwerkern aus Vicenza. Qualit\u00e4t Made in Italy. <\/p>\n<p>In einer eleganten Box und mit internationaler Fope-Garantie.<\/p>\n","protected":false},"excerpt":{"rendered":"<p>Alle Schmuckst\u00fccke von Fope sind aus 18-kar\u00e4tigem Gold gefertigt.<br \/>\nDesign und Kreation 100% made in Italy.<\/p>\n","protected":false},"featured_media":106433,"comment_status":"open","ping_status":"closed","template":"","meta":[],"product_brand":[154],"product_cat":[5937],"product_tag":[],"class_list":{"0":"post-106432","1":"product","2":"type-product","3":"status-publish","4":"has-post-thumbnail","6":"product_brand-fope","7":"product_cat-fope-ohrringe","9":"first","10":"instock","11":"taxable","12":"shipping-taxable","13":"purchasable","14":"product-type-simple"},"exclude_global_add_ons":[],"addons":[],"df_price":2860,"df_sale_price":"","df_regular_price":2860,"df_image_link":"https:\/\/cdn02.fabioferro.eu\/wp-content\/uploads\/virtuemart\/product\/orecchini_fope_collezione_prima_in_oro_rosa_con_diamanti_OR744_BBR_BR__1593789657_838-e1680712794570.jpg","_links":{"self":[{"href":"https:\/\/www.fabioferro.eu\/de\/wp-json\/wp\/v2\/product\/106432","targetHints":{"allow":["GET"]}}],"collection":[{"href":"https:\/\/www.fabioferro.eu\/de\/wp-json\/wp\/v2\/product"}],"about":[{"href":"https:\/\/www.fabioferro.eu\/de\/wp-json\/wp\/v2\/types\/product"}],"replies":[{"embeddable":true,"href":"https:\/\/www.fabioferro.eu\/de\/wp-json\/wp\/v2\/comments?post=106432"}],"version-history":[{"count":1,"href":"https:\/\/www.fabioferro.eu\/de\/wp-json\/wp\/v2\/product\/106432\/revisions"}],"predecessor-version":[{"id":206778,"href":"https:\/\/www.fabioferro.eu\/de\/wp-json\/wp\/v2\/product\/106432\/revisions\/206778"}],"wp:featuredmedia":[{"embeddable":true,"href":"https:\/\/www.fabioferro.eu\/de\/wp-json\/wp\/v2\/media\/106433"}],"wp:attachment":[{"href":"https:\/\/www.fabioferro.eu\/de\/wp-json\/wp\/v2\/media?parent=106432"}],"wp:term":[{"taxonomy":"product_brand","embeddable":true,"href":"https:\/\/www.fabioferro.eu\/de\/wp-json\/wp\/v2\/product_brand?post=106432"},{"taxonomy":"product_cat","embeddable":true,"href":"https:\/\/www.fabioferro.eu\/de\/wp-json\/wp\/v2\/product_cat?post=106432"},{"taxonomy":"product_tag","embeddable":true,"href":"https:\/\/www.fabioferro.eu\/de\/wp-json\/wp\/v2\/product_tag?post=106432"}],"curies":[{"name":"wp","href":"https:\/\/api.w.org\/{rel}","templated":true}]}}