{"id":106434,"date":"2023-10-10T09:57:39","date_gmt":"2023-10-10T07:57:39","guid":{"rendered":"https:\/\/www.fabioferro.eu\/fope-prima-collection-ohrringe-aus-gelb-und-weissgold-mit-diamanten.html"},"modified":"2026-01-09T16:22:48","modified_gmt":"2026-01-09T15:22:48","slug":"fope-prima-collection-ohrringe-aus-gelb-und-weissgold-mit-diamanten","status":"publish","type":"product","link":"https:\/\/www.fabioferro.eu\/de\/fope-prima-collection-ohrringe-aus-gelb-und-weissgold-mit-diamanten.html","title":{"rendered":"Fope Prima Collection Ohrringe aus Gelb- und Wei\u00dfgold mit Diamanten"},"content":{"rendered":"<p>Ein Paar einzigartig geformte, handgefertigte Ohrringe aus 18 Karat Gelb- und Wei\u00dfgold mit Diamanten.<\/p>\n<p>Ausgestattet mit einem Riegelverschluss und einem blumenf\u00f6rmigen Schmetterling auf der R\u00fcckseite.<\/p>\n<p>Jedes Schmuckst\u00fcck besteht aus drei Elementen, die miteinander verbunden sind. Die beiden seitlichen Elemente sind aus Gelbgold, w\u00e4hrend das mittlere Element aus Wei\u00dfgold besteht und mit Diamanten im Brillantschliff besetzt ist. Die Steine haben 0,13 Karat und zeichnen sich durch eine Farbe von G und eine Reinheit von VS1 aus.  <\/p>\n<p>Ohrringe handgefertigt von Kunsthandwerkern aus Vicenza. Qualit\u00e4t Made in Italy. <\/p>\n<p>In einer eleganten Box und mit internationaler Fope-Garantie.<\/p>\n","protected":false},"excerpt":{"rendered":"<p>Kostbare und raffinierte Ohrringe, die durch die Verbindung von Wei\u00dfgold und Gelbgold entstanden sind.<br \/>\nWahre Werke italienischer Meisterhandwerker.<\/p>\n","protected":false},"featured_media":106444,"comment_status":"open","ping_status":"closed","template":"","meta":[],"product_brand":[154],"product_cat":[5937],"product_tag":[],"class_list":{"0":"post-106434","1":"product","2":"type-product","3":"status-publish","4":"has-post-thumbnail","6":"product_brand-fope","7":"product_cat-fope-ohrringe","9":"first","10":"instock","11":"taxable","12":"shipping-taxable","13":"purchasable","14":"product-type-simple"},"exclude_global_add_ons":[],"addons":[],"df_price":2860,"df_sale_price":"","df_regular_price":2860,"df_image_link":"https:\/\/cdn02.fabioferro.eu\/wp-content\/uploads\/virtuemart\/product\/orecchini_fabio_ferro_in_oro_giallo_collezione_prima_OR744_BBR_GB__1593789695_679-e1680712798532.jpg","_links":{"self":[{"href":"https:\/\/www.fabioferro.eu\/de\/wp-json\/wp\/v2\/product\/106434","targetHints":{"allow":["GET"]}}],"collection":[{"href":"https:\/\/www.fabioferro.eu\/de\/wp-json\/wp\/v2\/product"}],"about":[{"href":"https:\/\/www.fabioferro.eu\/de\/wp-json\/wp\/v2\/types\/product"}],"replies":[{"embeddable":true,"href":"https:\/\/www.fabioferro.eu\/de\/wp-json\/wp\/v2\/comments?post=106434"}],"version-history":[{"count":1,"href":"https:\/\/www.fabioferro.eu\/de\/wp-json\/wp\/v2\/product\/106434\/revisions"}],"predecessor-version":[{"id":206433,"href":"https:\/\/www.fabioferro.eu\/de\/wp-json\/wp\/v2\/product\/106434\/revisions\/206433"}],"wp:featuredmedia":[{"embeddable":true,"href":"https:\/\/www.fabioferro.eu\/de\/wp-json\/wp\/v2\/media\/106444"}],"wp:attachment":[{"href":"https:\/\/www.fabioferro.eu\/de\/wp-json\/wp\/v2\/media?parent=106434"}],"wp:term":[{"taxonomy":"product_brand","embeddable":true,"href":"https:\/\/www.fabioferro.eu\/de\/wp-json\/wp\/v2\/product_brand?post=106434"},{"taxonomy":"product_cat","embeddable":true,"href":"https:\/\/www.fabioferro.eu\/de\/wp-json\/wp\/v2\/product_cat?post=106434"},{"taxonomy":"product_tag","embeddable":true,"href":"https:\/\/www.fabioferro.eu\/de\/wp-json\/wp\/v2\/product_tag?post=106434"}],"curies":[{"name":"wp","href":"https:\/\/api.w.org\/{rel}","templated":true}]}}