{"id":106451,"date":"2023-10-10T09:57:36","date_gmt":"2023-10-10T07:57:36","guid":{"rendered":"https:\/\/www.fabioferro.eu\/fope-eka-collection-ohrringe-aus-weiss-und-rosegold-mit-diamantpave.html"},"modified":"2026-01-09T16:22:48","modified_gmt":"2026-01-09T15:22:48","slug":"fope-eka-collection-ohrringe-aus-weiss-und-rosegold-mit-diamantpave","status":"publish","type":"product","link":"https:\/\/www.fabioferro.eu\/de\/fope-eka-collection-ohrringe-aus-weiss-und-rosegold-mit-diamantpave.html","title":{"rendered":"Fope Eka Collection Ohrringe aus Wei\u00df- und Ros\u00e9gold mit Pave-Diamanten"},"content":{"rendered":"<p>Ein Duo aus \u00e4u\u00dferst femininen und raffinierten Ohrringen aus 18 Karat Ros\u00e9gold und einem leuchtenden Diamantenpav\u00e9.<\/p>\n<p>Sorgf\u00e4ltig gearbeiteter halbrunder Korpus aus Ros\u00e9gold mit Drehgelenk und Federclipverschluss auf der R\u00fcckseite.<\/p>\n<p>Die Vorderseite ist mit Diamanten im Brillantschliff von insgesamt 0,19 Karat ausgefasst. Die Steine zeichnen sich durch eine Farbe von G und eine Reinheit von VS1 aus. <\/p>\n<p>Ohrringe handgefertigt von Kunsthandwerkern aus Vicenza. Qualit\u00e4t Made in Italy. <\/p>\n<p>In einer eleganten Box und mit internationaler Fope-Garantie.<\/p>\n","protected":false},"excerpt":{"rendered":"<p>Jedes Schmuckst\u00fcck von Fope hat eine Geschichte zu erz\u00e4hlen: Es wird von den geschickten H\u00e4nden venezianischer Kunsthandwerker hergestellt.<br \/>\nEin Paar Ohrringe, das Sie von anderen abhebt.<\/p>\n","protected":false},"featured_media":106467,"comment_status":"open","ping_status":"closed","template":"","meta":[],"product_brand":[154],"product_cat":[5937],"product_tag":[],"class_list":{"0":"post-106451","1":"product","2":"type-product","3":"status-publish","4":"has-post-thumbnail","6":"product_brand-fope","7":"product_cat-fope-ohrringe","9":"first","10":"instock","11":"taxable","12":"shipping-taxable","13":"purchasable","14":"product-type-simple"},"exclude_global_add_ons":[],"addons":[],"df_price":2510,"df_sale_price":"","df_regular_price":2510,"df_image_link":"https:\/\/cdn02.fabioferro.eu\/wp-content\/uploads\/orecchini-fope-collezione-eka-in-ororosa-con-diamanti-or730-pave-br.jpg","_links":{"self":[{"href":"https:\/\/www.fabioferro.eu\/de\/wp-json\/wp\/v2\/product\/106451","targetHints":{"allow":["GET"]}}],"collection":[{"href":"https:\/\/www.fabioferro.eu\/de\/wp-json\/wp\/v2\/product"}],"about":[{"href":"https:\/\/www.fabioferro.eu\/de\/wp-json\/wp\/v2\/types\/product"}],"replies":[{"embeddable":true,"href":"https:\/\/www.fabioferro.eu\/de\/wp-json\/wp\/v2\/comments?post=106451"}],"version-history":[{"count":1,"href":"https:\/\/www.fabioferro.eu\/de\/wp-json\/wp\/v2\/product\/106451\/revisions"}],"predecessor-version":[{"id":206432,"href":"https:\/\/www.fabioferro.eu\/de\/wp-json\/wp\/v2\/product\/106451\/revisions\/206432"}],"wp:featuredmedia":[{"embeddable":true,"href":"https:\/\/www.fabioferro.eu\/de\/wp-json\/wp\/v2\/media\/106467"}],"wp:attachment":[{"href":"https:\/\/www.fabioferro.eu\/de\/wp-json\/wp\/v2\/media?parent=106451"}],"wp:term":[{"taxonomy":"product_brand","embeddable":true,"href":"https:\/\/www.fabioferro.eu\/de\/wp-json\/wp\/v2\/product_brand?post=106451"},{"taxonomy":"product_cat","embeddable":true,"href":"https:\/\/www.fabioferro.eu\/de\/wp-json\/wp\/v2\/product_cat?post=106451"},{"taxonomy":"product_tag","embeddable":true,"href":"https:\/\/www.fabioferro.eu\/de\/wp-json\/wp\/v2\/product_tag?post=106451"}],"curies":[{"name":"wp","href":"https:\/\/api.w.org\/{rel}","templated":true}]}}