{"id":106454,"date":"2023-09-29T18:07:42","date_gmt":"2023-09-29T16:07:42","guid":{"rendered":"https:\/\/www.fabioferro.eu\/charm-giovanni-raspini-quadrifogli-anhaenger.html"},"modified":"2025-06-06T16:00:54","modified_gmt":"2025-06-06T14:00:54","slug":"charm-giovanni-raspini-quadrifogli-anhaenger","status":"publish","type":"product","link":"https:\/\/www.fabioferro.eu\/de\/charm-giovanni-raspini-quadrifogli-anhaenger.html","title":{"rendered":"Charm Giovanni Raspini Quadrifogli Anh\u00e4nger"},"content":{"rendered":"<p>Anh\u00e4nger aus 925er Sterlingsilber. Oberes Netz zur Befestigung der Halskette. Hergestellt in Italien. Begleitet von Box und offizieller Giovanni Raspini Garantie.<\/p>\n","protected":false},"excerpt":{"rendered":"<p>Ein Charme von unendlicher Sch\u00f6nheit, der Sie mit seiner Eleganz \u00fcberw\u00e4ltigen kann.<\/p>\n","protected":false},"featured_media":106477,"comment_status":"open","ping_status":"closed","template":"","meta":[],"product_brand":[155],"product_cat":[7576],"product_tag":[],"class_list":{"0":"post-106454","1":"product","2":"type-product","3":"status-publish","4":"has-post-thumbnail","6":"product_brand-raspini","7":"product_cat-giovanni-raspini-reize","9":"first","10":"instock","11":"sale","12":"taxable","13":"shipping-taxable","14":"purchasable","15":"product-type-simple"},"exclude_global_add_ons":[],"addons":[],"df_price":157.5,"df_sale_price":157.5,"df_regular_price":175,"df_image_link":"https:\/\/cdn02.fabioferro.eu\/wp-content\/uploads\/charm-giovanni-raspini-pendente-quadrifogli-8363.jpg","_links":{"self":[{"href":"https:\/\/www.fabioferro.eu\/de\/wp-json\/wp\/v2\/product\/106454","targetHints":{"allow":["GET"]}}],"collection":[{"href":"https:\/\/www.fabioferro.eu\/de\/wp-json\/wp\/v2\/product"}],"about":[{"href":"https:\/\/www.fabioferro.eu\/de\/wp-json\/wp\/v2\/types\/product"}],"replies":[{"embeddable":true,"href":"https:\/\/www.fabioferro.eu\/de\/wp-json\/wp\/v2\/comments?post=106454"}],"version-history":[{"count":0,"href":"https:\/\/www.fabioferro.eu\/de\/wp-json\/wp\/v2\/product\/106454\/revisions"}],"wp:featuredmedia":[{"embeddable":true,"href":"https:\/\/www.fabioferro.eu\/de\/wp-json\/wp\/v2\/media\/106477"}],"wp:attachment":[{"href":"https:\/\/www.fabioferro.eu\/de\/wp-json\/wp\/v2\/media?parent=106454"}],"wp:term":[{"taxonomy":"product_brand","embeddable":true,"href":"https:\/\/www.fabioferro.eu\/de\/wp-json\/wp\/v2\/product_brand?post=106454"},{"taxonomy":"product_cat","embeddable":true,"href":"https:\/\/www.fabioferro.eu\/de\/wp-json\/wp\/v2\/product_cat?post=106454"},{"taxonomy":"product_tag","embeddable":true,"href":"https:\/\/www.fabioferro.eu\/de\/wp-json\/wp\/v2\/product_tag?post=106454"}],"curies":[{"name":"wp","href":"https:\/\/api.w.org\/{rel}","templated":true}]}}