{"id":106547,"date":"2023-10-05T09:06:52","date_gmt":"2023-10-05T07:06:52","guid":{"rendered":"https:\/\/www.fabioferro.eu\/gluecksbringer-giovanni-raspini-pianta-grassa.html"},"modified":"2024-09-18T16:57:51","modified_gmt":"2024-09-18T14:57:51","slug":"gluecksbringer-giovanni-raspini-pianta-grassa","status":"publish","type":"product","link":"https:\/\/www.fabioferro.eu\/de\/gluecksbringer-giovanni-raspini-pianta-grassa.html","title":{"rendered":"Gl\u00fccksbringer Giovanni Raspini Pianta Grassa"},"content":{"rendered":"<p>Anh\u00e4nger aus 925er Sterlingsilber. H\u00f6he von 1,5 cm ohne das 0,9 cm hohe Befestigungsglied. Hergestellt in Italien. Begleitet von Box und offizieller Giovanni Raspini Garantie.<\/p>\n","protected":false},"excerpt":{"rendered":"<p>Eine Pflanze, die St\u00e4rke, Ausdauer und Best\u00e4ndigkeit bei der Bew\u00e4ltigung der Herausforderungen des Lebens symbolisiert.<\/p>\n","protected":false},"featured_media":106562,"comment_status":"open","ping_status":"closed","template":"","meta":[],"product_brand":[155],"product_cat":[7576,7578],"product_tag":[],"class_list":{"0":"post-106547","1":"product","2":"type-product","3":"status-publish","4":"has-post-thumbnail","6":"product_brand-raspini","7":"product_cat-giovanni-raspini-reize","8":"product_cat-raspini-charms-fur-veranstaltung-de","10":"first","11":"instock","12":"sale","13":"taxable","14":"shipping-taxable","15":"purchasable","16":"product-type-simple"},"exclude_global_add_ons":[],"addons":[],"df_price":36,"df_sale_price":36,"df_regular_price":40,"df_image_link":"https:\/\/cdn02.fabioferro.eu\/wp-content\/uploads\/charm-giovanni-raspini-pianta-grassa-11840.jpg","_links":{"self":[{"href":"https:\/\/www.fabioferro.eu\/de\/wp-json\/wp\/v2\/product\/106547","targetHints":{"allow":["GET"]}}],"collection":[{"href":"https:\/\/www.fabioferro.eu\/de\/wp-json\/wp\/v2\/product"}],"about":[{"href":"https:\/\/www.fabioferro.eu\/de\/wp-json\/wp\/v2\/types\/product"}],"replies":[{"embeddable":true,"href":"https:\/\/www.fabioferro.eu\/de\/wp-json\/wp\/v2\/comments?post=106547"}],"version-history":[{"count":0,"href":"https:\/\/www.fabioferro.eu\/de\/wp-json\/wp\/v2\/product\/106547\/revisions"}],"wp:featuredmedia":[{"embeddable":true,"href":"https:\/\/www.fabioferro.eu\/de\/wp-json\/wp\/v2\/media\/106562"}],"wp:attachment":[{"href":"https:\/\/www.fabioferro.eu\/de\/wp-json\/wp\/v2\/media?parent=106547"}],"wp:term":[{"taxonomy":"product_brand","embeddable":true,"href":"https:\/\/www.fabioferro.eu\/de\/wp-json\/wp\/v2\/product_brand?post=106547"},{"taxonomy":"product_cat","embeddable":true,"href":"https:\/\/www.fabioferro.eu\/de\/wp-json\/wp\/v2\/product_cat?post=106547"},{"taxonomy":"product_tag","embeddable":true,"href":"https:\/\/www.fabioferro.eu\/de\/wp-json\/wp\/v2\/product_tag?post=106547"}],"curies":[{"name":"wp","href":"https:\/\/api.w.org\/{rel}","templated":true}]}}