{"id":106599,"date":"2023-09-26T10:01:22","date_gmt":"2023-09-26T08:01:22","guid":{"rendered":"https:\/\/www.fabioferro.eu\/armband-giovanni-raspini-armspange-blade-golden.html"},"modified":"2025-06-06T15:58:57","modified_gmt":"2025-06-06T13:58:57","slug":"armband-giovanni-raspini-armspange-blade-golden","status":"publish","type":"product","link":"https:\/\/www.fabioferro.eu\/de\/armband-giovanni-raspini-armspange-blade-golden.html","title":{"rendered":"Armband Giovanni Raspini Armspange Blade Golden"},"content":{"rendered":"<p>Handgefertigtes Armband aus 925er Silber mit einem Bad aus Gelbgold.<\/p>\n<p>Innen hohl, sehr leicht zu tragen.<\/p>\n<p>Der Innendurchmesser betr\u00e4gt 6&#215;5,5 cm.<\/p>\n<p>Feder\u00f6ffnung, bequem und schnell am Handgelenk anzulegen.<\/p>\n<p>Mit Verpackung und offizieller Giovanni Raspini Garantie.<\/p>\n","protected":false},"excerpt":{"rendered":"<p>Ein Juwel mit einer starken Pers\u00f6nlichkeit und unbeschreiblicher Sch\u00f6nheit. Das H\u00e4mmern macht es einzigartig.<\/p>\n","protected":false},"featured_media":106611,"comment_status":"open","ping_status":"closed","template":"","meta":[],"product_brand":[155],"product_cat":[7569],"product_tag":[7442],"class_list":{"0":"post-106599","1":"product","2":"type-product","3":"status-publish","4":"has-post-thumbnail","6":"product_brand-raspini","7":"product_cat-armbander-giovanni-raspini","8":"product_tag-verfugbar","10":"first","11":"instock","12":"sale","13":"taxable","14":"shipping-taxable","15":"purchasable","16":"product-type-simple"},"exclude_global_add_ons":[],"addons":[],"df_price":423,"df_sale_price":423,"df_regular_price":470,"df_image_link":"https:\/\/cdn02.fabioferro.eu\/wp-content\/uploads\/bracciale-giovanni-raspini-blade-medio-11781.jpg","_links":{"self":[{"href":"https:\/\/www.fabioferro.eu\/de\/wp-json\/wp\/v2\/product\/106599","targetHints":{"allow":["GET"]}}],"collection":[{"href":"https:\/\/www.fabioferro.eu\/de\/wp-json\/wp\/v2\/product"}],"about":[{"href":"https:\/\/www.fabioferro.eu\/de\/wp-json\/wp\/v2\/types\/product"}],"replies":[{"embeddable":true,"href":"https:\/\/www.fabioferro.eu\/de\/wp-json\/wp\/v2\/comments?post=106599"}],"version-history":[{"count":0,"href":"https:\/\/www.fabioferro.eu\/de\/wp-json\/wp\/v2\/product\/106599\/revisions"}],"wp:featuredmedia":[{"embeddable":true,"href":"https:\/\/www.fabioferro.eu\/de\/wp-json\/wp\/v2\/media\/106611"}],"wp:attachment":[{"href":"https:\/\/www.fabioferro.eu\/de\/wp-json\/wp\/v2\/media?parent=106599"}],"wp:term":[{"taxonomy":"product_brand","embeddable":true,"href":"https:\/\/www.fabioferro.eu\/de\/wp-json\/wp\/v2\/product_brand?post=106599"},{"taxonomy":"product_cat","embeddable":true,"href":"https:\/\/www.fabioferro.eu\/de\/wp-json\/wp\/v2\/product_cat?post=106599"},{"taxonomy":"product_tag","embeddable":true,"href":"https:\/\/www.fabioferro.eu\/de\/wp-json\/wp\/v2\/product_tag?post=106599"}],"curies":[{"name":"wp","href":"https:\/\/api.w.org\/{rel}","templated":true}]}}