{"id":106658,"date":"2023-09-26T10:04:30","date_gmt":"2023-09-26T08:04:30","guid":{"rendered":"https:\/\/www.fabioferro.eu\/giovanni-raspini-armspange-armband.html"},"modified":"2025-06-06T16:13:45","modified_gmt":"2025-06-06T14:13:45","slug":"giovanni-raspini-armspange-armband","status":"publish","type":"product","link":"https:\/\/www.fabioferro.eu\/de\/giovanni-raspini-armspange-armband.html","title":{"rendered":"Giovanni Raspini Armspange Armband"},"content":{"rendered":"<p>Armband aus geh\u00e4mmertem 925er Silber.<\/p>\n<p>Der Durchmesser betr\u00e4gt 6&#215;5,5 cm.<\/p>\n<p>Hergestellt in Italien.<\/p>\n<p>Bequeme Feder\u00f6ffnung f\u00fcr schnelles und unabh\u00e4ngiges Tragen.<\/p>\n<p>Mit Verpackung und offizieller Giovanni Raspini Garantie.<\/p>\n","protected":false},"excerpt":{"rendered":"<p>Bequem, elegant und \u00e4u\u00dferst praktisch. Ein Armband, das am Handgelenk der Tr\u00e4gerin oder des Tr\u00e4gers lebt.<\/p>\n","protected":false},"featured_media":106673,"comment_status":"open","ping_status":"closed","template":"","meta":[],"product_brand":[155],"product_cat":[7569],"product_tag":[],"class_list":{"0":"post-106658","1":"product","2":"type-product","3":"status-publish","4":"has-post-thumbnail","6":"product_brand-raspini","7":"product_cat-armbander-giovanni-raspini","9":"first","10":"instock","11":"sale","12":"taxable","13":"shipping-taxable","14":"purchasable","15":"product-type-simple"},"exclude_global_add_ons":[],"addons":[],"df_price":355.5,"df_sale_price":355.5,"df_regular_price":395,"df_image_link":"https:\/\/cdn02.fabioferro.eu\/wp-content\/uploads\/bracciale-giovanni-raspini-blade-11774.jpg","_links":{"self":[{"href":"https:\/\/www.fabioferro.eu\/de\/wp-json\/wp\/v2\/product\/106658","targetHints":{"allow":["GET"]}}],"collection":[{"href":"https:\/\/www.fabioferro.eu\/de\/wp-json\/wp\/v2\/product"}],"about":[{"href":"https:\/\/www.fabioferro.eu\/de\/wp-json\/wp\/v2\/types\/product"}],"replies":[{"embeddable":true,"href":"https:\/\/www.fabioferro.eu\/de\/wp-json\/wp\/v2\/comments?post=106658"}],"version-history":[{"count":0,"href":"https:\/\/www.fabioferro.eu\/de\/wp-json\/wp\/v2\/product\/106658\/revisions"}],"wp:featuredmedia":[{"embeddable":true,"href":"https:\/\/www.fabioferro.eu\/de\/wp-json\/wp\/v2\/media\/106673"}],"wp:attachment":[{"href":"https:\/\/www.fabioferro.eu\/de\/wp-json\/wp\/v2\/media?parent=106658"}],"wp:term":[{"taxonomy":"product_brand","embeddable":true,"href":"https:\/\/www.fabioferro.eu\/de\/wp-json\/wp\/v2\/product_brand?post=106658"},{"taxonomy":"product_cat","embeddable":true,"href":"https:\/\/www.fabioferro.eu\/de\/wp-json\/wp\/v2\/product_cat?post=106658"},{"taxonomy":"product_tag","embeddable":true,"href":"https:\/\/www.fabioferro.eu\/de\/wp-json\/wp\/v2\/product_tag?post=106658"}],"curies":[{"name":"wp","href":"https:\/\/api.w.org\/{rel}","templated":true}]}}