{"id":106689,"date":"2023-09-26T10:04:18","date_gmt":"2023-09-26T08:04:18","guid":{"rendered":"https:\/\/www.fabioferro.eu\/giovanni-raspini-klingen-ohrringe-klein-2.html"},"modified":"2025-08-09T10:10:59","modified_gmt":"2025-08-09T08:10:59","slug":"giovanni-raspini-klingen-ohrringe-klein-2","status":"publish","type":"product","link":"https:\/\/www.fabioferro.eu\/de\/giovanni-raspini-klingen-ohrringe-klein-2.html","title":{"rendered":"Giovanni Raspini Klingen-Ohrringe Klein"},"content":{"rendered":"<p>Paar Ohrringe aus 925er Sterlingsilber.<\/p>\n<p>Jeder Ohrring wiegt 5 g.<\/p>\n<p>Der Durchmesser betr\u00e4gt 3,5 cm.<\/p>\n<p>Hergestellt in Italien.<\/p>\n<p>Mit Verpackung und offizieller Giovanni Raspini Garantie.<\/p>\n","protected":false},"excerpt":{"rendered":"<p>Ein Schmuckst\u00fcck, das die Sch\u00f6nheit von handgeh\u00e4mmertem Silber repr\u00e4sentiert.<\/p>\n","protected":false},"featured_media":106714,"comment_status":"open","ping_status":"closed","template":"","meta":[],"product_brand":[155],"product_cat":[7570],"product_tag":[7442],"class_list":{"0":"post-106689","1":"product","2":"type-product","3":"status-publish","4":"has-post-thumbnail","6":"product_brand-raspini","7":"product_cat-giovanni-raspini-ohrringe","8":"product_tag-verfugbar","10":"first","11":"instock","12":"sale","13":"taxable","14":"shipping-taxable","15":"purchasable","16":"product-type-simple"},"exclude_global_add_ons":[],"addons":[],"df_price":157.5,"df_sale_price":157.5,"df_regular_price":175,"df_image_link":"https:\/\/cdn02.fabioferro.eu\/wp-content\/uploads\/orecchini-giovanni-raspini-blade-piccoli-11778.jpg","_links":{"self":[{"href":"https:\/\/www.fabioferro.eu\/de\/wp-json\/wp\/v2\/product\/106689","targetHints":{"allow":["GET"]}}],"collection":[{"href":"https:\/\/www.fabioferro.eu\/de\/wp-json\/wp\/v2\/product"}],"about":[{"href":"https:\/\/www.fabioferro.eu\/de\/wp-json\/wp\/v2\/types\/product"}],"replies":[{"embeddable":true,"href":"https:\/\/www.fabioferro.eu\/de\/wp-json\/wp\/v2\/comments?post=106689"}],"version-history":[{"count":1,"href":"https:\/\/www.fabioferro.eu\/de\/wp-json\/wp\/v2\/product\/106689\/revisions"}],"predecessor-version":[{"id":193973,"href":"https:\/\/www.fabioferro.eu\/de\/wp-json\/wp\/v2\/product\/106689\/revisions\/193973"}],"wp:featuredmedia":[{"embeddable":true,"href":"https:\/\/www.fabioferro.eu\/de\/wp-json\/wp\/v2\/media\/106714"}],"wp:attachment":[{"href":"https:\/\/www.fabioferro.eu\/de\/wp-json\/wp\/v2\/media?parent=106689"}],"wp:term":[{"taxonomy":"product_brand","embeddable":true,"href":"https:\/\/www.fabioferro.eu\/de\/wp-json\/wp\/v2\/product_brand?post=106689"},{"taxonomy":"product_cat","embeddable":true,"href":"https:\/\/www.fabioferro.eu\/de\/wp-json\/wp\/v2\/product_cat?post=106689"},{"taxonomy":"product_tag","embeddable":true,"href":"https:\/\/www.fabioferro.eu\/de\/wp-json\/wp\/v2\/product_tag?post=106689"}],"curies":[{"name":"wp","href":"https:\/\/api.w.org\/{rel}","templated":true}]}}