{"id":106690,"date":"2023-09-26T10:06:58","date_gmt":"2023-09-26T08:06:58","guid":{"rendered":"https:\/\/www.fabioferro.eu\/ohrringe-giovanni-raspini-mini-marienkaefer-golden.html"},"modified":"2025-03-11T18:20:30","modified_gmt":"2025-03-11T17:20:30","slug":"ohrringe-giovanni-raspini-mini-marienkaefer-golden","status":"publish","type":"product","link":"https:\/\/www.fabioferro.eu\/de\/ohrringe-giovanni-raspini-mini-marienkaefer-golden.html","title":{"rendered":"Ohrringe Giovanni Raspini Mini Marienk\u00e4fer Golden"},"content":{"rendered":"<p>Paar Ohrringe aus 925er Silber, gelbvergoldet.<\/p>\n<p>Jeder Ohrring wiegt 0,75 g.<\/p>\n<p>Schmetterlingsverschluss auf der R\u00fcckseite.<\/p>\n<p>Handgefertigt in Italien.<\/p>\n<p>Mit Verpackung und offizieller Garantie von Giovanni Raspini.<\/p>\n","protected":false},"excerpt":{"rendered":"<p>Zwei Gl\u00fccksbringer, die du immer bei dir tr\u00e4gst und an deinen Ohren befestigst. Entdecken Sie ihre unendliche Sch\u00f6nheit!<\/p>\n","protected":false},"featured_media":106702,"comment_status":"open","ping_status":"closed","template":"","meta":[],"product_brand":[155],"product_cat":[7570,7620],"product_tag":[7442],"class_list":{"0":"post-106690","1":"product","2":"type-product","3":"status-publish","4":"has-post-thumbnail","6":"product_brand-raspini","7":"product_cat-giovanni-raspini-ohrringe","8":"product_cat-outlet-schmuck","9":"product_tag-verfugbar","11":"first","12":"instock","13":"sale","14":"taxable","15":"shipping-taxable","16":"purchasable","17":"product-type-simple"},"exclude_global_add_ons":[],"addons":[],"df_price":94.5,"df_sale_price":94.5,"df_regular_price":105,"df_image_link":"https:\/\/cdn02.fabioferro.eu\/wp-content\/uploads\/orecchini-giovanni-raspini-coccinella-11817.jpg","_links":{"self":[{"href":"https:\/\/www.fabioferro.eu\/de\/wp-json\/wp\/v2\/product\/106690","targetHints":{"allow":["GET"]}}],"collection":[{"href":"https:\/\/www.fabioferro.eu\/de\/wp-json\/wp\/v2\/product"}],"about":[{"href":"https:\/\/www.fabioferro.eu\/de\/wp-json\/wp\/v2\/types\/product"}],"replies":[{"embeddable":true,"href":"https:\/\/www.fabioferro.eu\/de\/wp-json\/wp\/v2\/comments?post=106690"}],"version-history":[{"count":0,"href":"https:\/\/www.fabioferro.eu\/de\/wp-json\/wp\/v2\/product\/106690\/revisions"}],"wp:featuredmedia":[{"embeddable":true,"href":"https:\/\/www.fabioferro.eu\/de\/wp-json\/wp\/v2\/media\/106702"}],"wp:attachment":[{"href":"https:\/\/www.fabioferro.eu\/de\/wp-json\/wp\/v2\/media?parent=106690"}],"wp:term":[{"taxonomy":"product_brand","embeddable":true,"href":"https:\/\/www.fabioferro.eu\/de\/wp-json\/wp\/v2\/product_brand?post=106690"},{"taxonomy":"product_cat","embeddable":true,"href":"https:\/\/www.fabioferro.eu\/de\/wp-json\/wp\/v2\/product_cat?post=106690"},{"taxonomy":"product_tag","embeddable":true,"href":"https:\/\/www.fabioferro.eu\/de\/wp-json\/wp\/v2\/product_tag?post=106690"}],"curies":[{"name":"wp","href":"https:\/\/api.w.org\/{rel}","templated":true}]}}