{"id":106765,"date":"2023-09-16T19:07:39","date_gmt":"2023-09-16T17:07:39","guid":{"rendered":"https:\/\/www.fabioferro.eu\/fope-solo-collection-ohrringe-aus-gelb-und-weissgold-mit-diamantpflaster.html"},"modified":"2026-01-09T16:23:00","modified_gmt":"2026-01-09T15:23:00","slug":"fope-solo-collection-ohrringe-aus-gelb-und-weissgold-mit-diamantpflaster","status":"publish","type":"product","link":"https:\/\/www.fabioferro.eu\/de\/fope-solo-collection-ohrringe-aus-gelb-und-weissgold-mit-diamantpflaster.html","title":{"rendered":"Fope Solo Collection Ohrringe aus Gelb- und Wei\u00dfgold mit Diamantpflaster"},"content":{"rendered":"<p>Leuchtendes Paar Ohrringe aus 18 Karat Gelb- und Wei\u00dfgold mit Doppelpav\u00e9-Diamanten.<\/p>\n<p>Das kreisf\u00f6rmige Motiv des zentralen K\u00f6rpers jedes Ohrrings hat einen Durchmesser von 15 mm und ist 2 mm dick. Darauf sind zwei asymmetrische Elemente aus Wei\u00dfgold angebracht, auf denen feine Diamanten im Brillantschliff von insgesamt 0,22 Karat gefasst sind. Die Steine zeichnen sich durch eine Farbe von G und einen Reinheitsgrad von VS1 aus. <\/p>\n<p>Insgesamt hat das Schmuckst\u00fcck eine L\u00e4nge von 19 mm an seiner breitesten Stelle und eine Dicke von 6 mm.<\/p>\n<p>Bequemer und sicherer Stift- und R\u00fcckenclipverschluss.<\/p>\n<p>Ohrringe handgefertigt von Kunsthandwerkern aus Vicenza. Qualit\u00e4t Made in Italy. <\/p>\n<p>In einer eleganten Box und mit internationaler Fope-Garantie.<\/p>\n","protected":false},"excerpt":{"rendered":"<p>Tragen Sie die unbestrittene Eleganz von Fope-Schmuck und f\u00fchlen Sie sich immer wie der Mittelpunkt der Aufmerksamkeit.<br \/>\nSchmuck, der vollst\u00e4ndig von italienischen Handwerkern hergestellt wird.<\/p>\n","protected":false},"featured_media":106770,"comment_status":"open","ping_status":"closed","template":"","meta":[],"product_brand":[154],"product_cat":[5937],"product_tag":[],"class_list":{"0":"post-106765","1":"product","2":"type-product","3":"status-publish","4":"has-post-thumbnail","6":"product_brand-fope","7":"product_cat-fope-ohrringe","9":"first","10":"instock","11":"taxable","12":"shipping-taxable","13":"purchasable","14":"product-type-simple"},"exclude_global_add_ons":[],"addons":[],"df_price":3480,"df_sale_price":"","df_regular_price":3480,"df_image_link":"https:\/\/cdn02.fabioferro.eu\/wp-content\/uploads\/virtuemart\/product\/orecchini_fope_collezione_solo_in_oro_giallo_pave_OR652_PAVE_GB__1593793960_141.jpg","_links":{"self":[{"href":"https:\/\/www.fabioferro.eu\/de\/wp-json\/wp\/v2\/product\/106765","targetHints":{"allow":["GET"]}}],"collection":[{"href":"https:\/\/www.fabioferro.eu\/de\/wp-json\/wp\/v2\/product"}],"about":[{"href":"https:\/\/www.fabioferro.eu\/de\/wp-json\/wp\/v2\/types\/product"}],"replies":[{"embeddable":true,"href":"https:\/\/www.fabioferro.eu\/de\/wp-json\/wp\/v2\/comments?post=106765"}],"version-history":[{"count":1,"href":"https:\/\/www.fabioferro.eu\/de\/wp-json\/wp\/v2\/product\/106765\/revisions"}],"predecessor-version":[{"id":206452,"href":"https:\/\/www.fabioferro.eu\/de\/wp-json\/wp\/v2\/product\/106765\/revisions\/206452"}],"wp:featuredmedia":[{"embeddable":true,"href":"https:\/\/www.fabioferro.eu\/de\/wp-json\/wp\/v2\/media\/106770"}],"wp:attachment":[{"href":"https:\/\/www.fabioferro.eu\/de\/wp-json\/wp\/v2\/media?parent=106765"}],"wp:term":[{"taxonomy":"product_brand","embeddable":true,"href":"https:\/\/www.fabioferro.eu\/de\/wp-json\/wp\/v2\/product_brand?post=106765"},{"taxonomy":"product_cat","embeddable":true,"href":"https:\/\/www.fabioferro.eu\/de\/wp-json\/wp\/v2\/product_cat?post=106765"},{"taxonomy":"product_tag","embeddable":true,"href":"https:\/\/www.fabioferro.eu\/de\/wp-json\/wp\/v2\/product_tag?post=106765"}],"curies":[{"name":"wp","href":"https:\/\/api.w.org\/{rel}","templated":true}]}}