{"id":106778,"date":"2025-02-25T18:05:42","date_gmt":"2025-02-25T17:05:42","guid":{"rendered":"https:\/\/www.fabioferro.eu\/longines-flaggschiff-heritage-mondphasen-385-mm-uhr.html"},"modified":"2025-05-15T09:34:58","modified_gmt":"2025-05-15T07:34:58","slug":"longines-flaggschiff-heritage-mondphasen-385-mm-uhr","status":"publish","type":"product","link":"https:\/\/www.fabioferro.eu\/de\/longines-flaggschiff-heritage-mondphasen-385-mm-uhr.html","title":{"rendered":"Longines Flaggschiff Heritage Mondphasen 38,5 mm Uhr"},"content":{"rendered":"<p>Uhr mit automatischem mechanischem Uhrwerk, mit der M\u00f6glichkeit des Handaufzugs. Frequenz von 25.200 Halbschwingungen pro Stunde, mit einer Gangreserve von 72 Stunden. Monokristalline, antimagnetische Siliziumwaage.<\/p>\n<p>Funktionen von Stunden, Minuten, Sekunden und Mondphase bei 6 Uhr. Kaliber L899.<\/p>\n<p>Edelstahlgeh\u00e4use 38,5 mm, Dicke 12,4 mm, Abstand zwischen den Anst\u00f6\u00dfen 19 mm. Gesamtgewicht von 73,6 g. Undurchsichtige verschraubte R\u00fcckseite.<\/p>\n<p>Kratzfestes Saphirglas mit Antireflexionsbeschichtung oben und unten.<\/p>\n<p>Silbernes Zifferblatt mit goldenen Zeigern und applizierten Stundenmarkierungen, die im Dunkeln leuchten.<\/p>\n<p>Braunes Alligatorlederarmband mit Longines-Schlie\u00dfe und Logo.<\/p>\n<p>Inklusive offizieller Longines-Box und 5 Jahren Garantie.<\/p>\n","protected":false},"excerpt":{"rendered":"<p>Eine spezielle Mondphasenfunktion, mit der die besten Mondphasen \u00fcberwacht werden k\u00f6nnen.<\/p>\n","protected":false},"featured_media":106839,"comment_status":"open","ping_status":"closed","template":"","meta":[],"product_brand":[5391],"product_cat":[5953],"product_tag":[],"class_list":{"0":"post-106778","1":"product","2":"type-product","3":"status-publish","4":"has-post-thumbnail","6":"product_brand-longines","7":"product_cat-longines-herrenuhren","8":"pa_collezione-longines-flaggschiff","10":"first","11":"instock","12":"taxable","13":"shipping-taxable","14":"purchasable","15":"product-type-simple"},"exclude_global_add_ons":[],"addons":[],"df_price":3450,"df_sale_price":"","df_regular_price":3450,"df_image_link":"https:\/\/cdn02.fabioferro.eu\/wp-content\/uploads\/orologio-longines-flagship-automatico-pelle-acciaio-l4.815.4.78.2-6.jpg","_links":{"self":[{"href":"https:\/\/www.fabioferro.eu\/de\/wp-json\/wp\/v2\/product\/106778","targetHints":{"allow":["GET"]}}],"collection":[{"href":"https:\/\/www.fabioferro.eu\/de\/wp-json\/wp\/v2\/product"}],"about":[{"href":"https:\/\/www.fabioferro.eu\/de\/wp-json\/wp\/v2\/types\/product"}],"replies":[{"embeddable":true,"href":"https:\/\/www.fabioferro.eu\/de\/wp-json\/wp\/v2\/comments?post=106778"}],"version-history":[{"count":0,"href":"https:\/\/www.fabioferro.eu\/de\/wp-json\/wp\/v2\/product\/106778\/revisions"}],"wp:featuredmedia":[{"embeddable":true,"href":"https:\/\/www.fabioferro.eu\/de\/wp-json\/wp\/v2\/media\/106839"}],"wp:attachment":[{"href":"https:\/\/www.fabioferro.eu\/de\/wp-json\/wp\/v2\/media?parent=106778"}],"wp:term":[{"taxonomy":"product_brand","embeddable":true,"href":"https:\/\/www.fabioferro.eu\/de\/wp-json\/wp\/v2\/product_brand?post=106778"},{"taxonomy":"product_cat","embeddable":true,"href":"https:\/\/www.fabioferro.eu\/de\/wp-json\/wp\/v2\/product_cat?post=106778"},{"taxonomy":"product_tag","embeddable":true,"href":"https:\/\/www.fabioferro.eu\/de\/wp-json\/wp\/v2\/product_tag?post=106778"}],"curies":[{"name":"wp","href":"https:\/\/api.w.org\/{rel}","templated":true}]}}