{"id":107011,"date":"2023-09-01T19:59:53","date_gmt":"2023-09-01T17:59:53","guid":{"rendered":"https:\/\/www.fabioferro.eu\/longines-hydroconquest-grau-automatikuhr-41-mm-kautschukband.html"},"modified":"2024-12-16T13:42:29","modified_gmt":"2024-12-16T12:42:29","slug":"longines-hydroconquest-grau-automatikuhr-41-mm-kautschukband","status":"publish","type":"product","link":"https:\/\/www.fabioferro.eu\/de\/longines-hydroconquest-grau-automatikuhr-41-mm-kautschukband.html","title":{"rendered":"Longines Hydroconquest Grau Automatikuhr 41 mm Kautschukband"},"content":{"rendered":"<p>Longines Automatikuhr mit Kaliber L888 mit mechanischem Automatikwerk mit einer Frequenz von 25.200 international Gangreserve von ca. 72 Stunden. Sie verf\u00fcgt \u00fcber die Funktionen Stunden, Minuten, Sekunden und Datum sowie \u00fcber das exklusive Longines-Manufakturkaliber.<\/p>\n<p>Das runde Geh\u00e4use ist aus Edelstahl mit einer einseitig drehbaren Keramikl\u00fcnette und einer verschraubten Krone. Au\u00dferdem verf\u00fcgt sie \u00fcber ein kratzfestes Saphirglas mit beidseitiger Antireflexionsbeschichtung und einen verschraubten Boden. Das Geh\u00e4use hat einen Durchmesser von 41 mm, einen Abstand zwischen den Bandanst\u00f6\u00dfen von 21 mm und eine Dicke von 11,90 mm. Die Wasserdichtigkeit ist bis 30 bar oder alternativ bis 300 m gew\u00e4hrleistet. Gesamtgewicht 128,7 g.<\/p>\n<p>Graues Sonnenschliff-Zifferblatt mit polierten silberfarbenen Zeigern und Stundenkreis mit arabischen Ziffern und aufgesetzten Indexen. Das propriet\u00e4re Schweizer Super-LumiNova-Fluoreszenzsystem ist ebenfalls vorhanden.<\/p>\n<p>Graues Kautschukarmband mit doppelter Sicherheitsfaltschlie\u00dfe und \u00d6ffnungsmechanismus mit Druckknopf.<\/p>\n<p>Nicht antimagnetisch.<\/p>\n<p>Uhr mit offizieller Longines-Box und 5 Jahren Garantie.<\/p>\n","protected":false},"excerpt":{"rendered":"<p>Hohe Leistung, gro\u00dfartige Technik und ein Stil, der das Markenzeichen der gefl\u00fcgelten Sanduhr ist.<\/p>\n","protected":false},"featured_media":107014,"comment_status":"open","ping_status":"closed","template":"","meta":[],"product_brand":[5391],"product_cat":[5953],"product_tag":[],"class_list":{"0":"post-107011","1":"product","2":"type-product","3":"status-publish","4":"has-post-thumbnail","6":"product_brand-longines","7":"product_cat-longines-herrenuhren","8":"pa_collezione-longines-hydroconquest-de","10":"first","11":"instock","12":"taxable","13":"shipping-taxable","14":"purchasable","15":"product-type-simple"},"exclude_global_add_ons":[],"addons":[],"df_price":2000,"df_sale_price":"","df_regular_price":2000,"df_image_link":"https:\/\/cdn02.fabioferro.eu\/wp-content\/uploads\/orologio-longines-hydroconquest-automatico-acciaio-grigio-41-mm-l3.782.4.76.9.jpg","_links":{"self":[{"href":"https:\/\/www.fabioferro.eu\/de\/wp-json\/wp\/v2\/product\/107011","targetHints":{"allow":["GET"]}}],"collection":[{"href":"https:\/\/www.fabioferro.eu\/de\/wp-json\/wp\/v2\/product"}],"about":[{"href":"https:\/\/www.fabioferro.eu\/de\/wp-json\/wp\/v2\/types\/product"}],"replies":[{"embeddable":true,"href":"https:\/\/www.fabioferro.eu\/de\/wp-json\/wp\/v2\/comments?post=107011"}],"version-history":[{"count":0,"href":"https:\/\/www.fabioferro.eu\/de\/wp-json\/wp\/v2\/product\/107011\/revisions"}],"wp:featuredmedia":[{"embeddable":true,"href":"https:\/\/www.fabioferro.eu\/de\/wp-json\/wp\/v2\/media\/107014"}],"wp:attachment":[{"href":"https:\/\/www.fabioferro.eu\/de\/wp-json\/wp\/v2\/media?parent=107011"}],"wp:term":[{"taxonomy":"product_brand","embeddable":true,"href":"https:\/\/www.fabioferro.eu\/de\/wp-json\/wp\/v2\/product_brand?post=107011"},{"taxonomy":"product_cat","embeddable":true,"href":"https:\/\/www.fabioferro.eu\/de\/wp-json\/wp\/v2\/product_cat?post=107011"},{"taxonomy":"product_tag","embeddable":true,"href":"https:\/\/www.fabioferro.eu\/de\/wp-json\/wp\/v2\/product_tag?post=107011"}],"curies":[{"name":"wp","href":"https:\/\/api.w.org\/{rel}","templated":true}]}}