{"id":107022,"date":"2023-07-29T10:42:04","date_gmt":"2023-07-29T08:42:04","guid":{"rendered":"https:\/\/www.fabioferro.eu\/desmos-firetube-halskette-in-brueniertem-silber.html"},"modified":"2024-10-18T11:03:13","modified_gmt":"2024-10-18T09:03:13","slug":"desmos-firetube-halskette-in-brueniertem-silber","status":"publish","type":"product","link":"https:\/\/www.fabioferro.eu\/de\/desmos-firetube-halskette-in-brueniertem-silber.html","title":{"rendered":"Desmos Firetube Halskette In br\u00fcniertem Silber"},"content":{"rendered":"<p>Handgefertigte, in Italien hergestellte Halskette aus 925\/1000m br\u00fcniertem Silber. Das Motiv ist ein an Rotguss erinnerndes Fass. Die L\u00e4nge betr\u00e4gt 51 cm. Verschluss mit praktischem Karabiner. Wird mit Verpackung und offizieller Desmos-Garantie geliefert.<\/p>\n","protected":false},"excerpt":{"rendered":"<p>Praktisch, elegant und mit einer ganz neuen Note dank der br\u00fcnierten Oberfl\u00e4che.<\/p>\n","protected":false},"featured_media":107030,"comment_status":"open","ping_status":"closed","template":"","meta":[],"product_brand":[],"product_cat":[6113],"product_tag":[],"class_list":{"0":"post-107022","1":"product","2":"type-product","3":"status-publish","4":"has-post-thumbnail","6":"product_cat-desmos-herrenschmuck","8":"first","9":"instock","10":"sale","11":"purchasable","12":"product-type-simple"},"exclude_global_add_ons":[],"addons":[],"df_price":140.4,"df_sale_price":140.4,"df_regular_price":156,"df_image_link":"https:\/\/cdn02.fabioferro.eu\/wp-content\/uploads\/collana-desmos-firetube-in-argento-brunito-firetube-3-gm-51.webp","_links":{"self":[{"href":"https:\/\/www.fabioferro.eu\/de\/wp-json\/wp\/v2\/product\/107022","targetHints":{"allow":["GET"]}}],"collection":[{"href":"https:\/\/www.fabioferro.eu\/de\/wp-json\/wp\/v2\/product"}],"about":[{"href":"https:\/\/www.fabioferro.eu\/de\/wp-json\/wp\/v2\/types\/product"}],"replies":[{"embeddable":true,"href":"https:\/\/www.fabioferro.eu\/de\/wp-json\/wp\/v2\/comments?post=107022"}],"version-history":[{"count":0,"href":"https:\/\/www.fabioferro.eu\/de\/wp-json\/wp\/v2\/product\/107022\/revisions"}],"wp:featuredmedia":[{"embeddable":true,"href":"https:\/\/www.fabioferro.eu\/de\/wp-json\/wp\/v2\/media\/107030"}],"wp:attachment":[{"href":"https:\/\/www.fabioferro.eu\/de\/wp-json\/wp\/v2\/media?parent=107022"}],"wp:term":[{"taxonomy":"product_brand","embeddable":true,"href":"https:\/\/www.fabioferro.eu\/de\/wp-json\/wp\/v2\/product_brand?post=107022"},{"taxonomy":"product_cat","embeddable":true,"href":"https:\/\/www.fabioferro.eu\/de\/wp-json\/wp\/v2\/product_cat?post=107022"},{"taxonomy":"product_tag","embeddable":true,"href":"https:\/\/www.fabioferro.eu\/de\/wp-json\/wp\/v2\/product_tag?post=107022"}],"curies":[{"name":"wp","href":"https:\/\/api.w.org\/{rel}","templated":true}]}}