{"id":107071,"date":"2023-07-29T10:41:42","date_gmt":"2023-07-29T08:41:42","guid":{"rendered":"https:\/\/www.fabioferro.eu\/desmos-venezianische-diamant-silber-halskette.html"},"modified":"2024-10-18T11:03:06","modified_gmt":"2024-10-18T09:03:06","slug":"desmos-venezianische-diamant-silber-halskette","status":"publish","type":"product","link":"https:\/\/www.fabioferro.eu\/de\/desmos-venezianische-diamant-silber-halskette.html","title":{"rendered":"Desmos Venezianische Diamant-Silber-Halskette"},"content":{"rendered":"<p>Halskette aus 925\/1000er Sterlingsilber. Diamantierte Verarbeitung im venezianischen Stil. Die einzigartige L\u00e4nge betr\u00e4gt 50 cm. Verschluss mit praktischer Federschlie\u00dfe. Wird mit Verpackung und offizieller Desmos-Garantie geliefert.<\/p>\n","protected":false},"excerpt":{"rendered":"<p>Eine Halskette, die in jeder Situation getragen werden kann, von der elegantesten bis zur weniger formellen.<\/p>\n","protected":false},"featured_media":107081,"comment_status":"open","ping_status":"closed","template":"","meta":[],"product_brand":[],"product_cat":[6113],"product_tag":[],"class_list":{"0":"post-107071","1":"product","2":"type-product","3":"status-publish","4":"has-post-thumbnail","6":"product_cat-desmos-herrenschmuck","8":"first","9":"outofstock","10":"sale","11":"purchasable","12":"product-type-simple"},"exclude_global_add_ons":[],"addons":[],"df_price":188.1,"df_sale_price":188.1,"df_regular_price":209,"df_image_link":"https:\/\/cdn02.fabioferro.eu\/wp-content\/uploads\/collana-desmos-venetian-diamond-in-argento-venetian-diamond-50-w-51.webp","_links":{"self":[{"href":"https:\/\/www.fabioferro.eu\/de\/wp-json\/wp\/v2\/product\/107071","targetHints":{"allow":["GET"]}}],"collection":[{"href":"https:\/\/www.fabioferro.eu\/de\/wp-json\/wp\/v2\/product"}],"about":[{"href":"https:\/\/www.fabioferro.eu\/de\/wp-json\/wp\/v2\/types\/product"}],"replies":[{"embeddable":true,"href":"https:\/\/www.fabioferro.eu\/de\/wp-json\/wp\/v2\/comments?post=107071"}],"version-history":[{"count":0,"href":"https:\/\/www.fabioferro.eu\/de\/wp-json\/wp\/v2\/product\/107071\/revisions"}],"wp:featuredmedia":[{"embeddable":true,"href":"https:\/\/www.fabioferro.eu\/de\/wp-json\/wp\/v2\/media\/107081"}],"wp:attachment":[{"href":"https:\/\/www.fabioferro.eu\/de\/wp-json\/wp\/v2\/media?parent=107071"}],"wp:term":[{"taxonomy":"product_brand","embeddable":true,"href":"https:\/\/www.fabioferro.eu\/de\/wp-json\/wp\/v2\/product_brand?post=107071"},{"taxonomy":"product_cat","embeddable":true,"href":"https:\/\/www.fabioferro.eu\/de\/wp-json\/wp\/v2\/product_cat?post=107071"},{"taxonomy":"product_tag","embeddable":true,"href":"https:\/\/www.fabioferro.eu\/de\/wp-json\/wp\/v2\/product_tag?post=107071"}],"curies":[{"name":"wp","href":"https:\/\/api.w.org\/{rel}","templated":true}]}}